{"id":11943,"date":"2026-02-27T00:12:16","date_gmt":"2026-02-27T00:12:16","guid":{"rendered":"https:\/\/nordicmart.andreevmaster.com\/product\/songmics-parasoll-230-x-150-cm-balkongparasoll-upf-50-solskydd\/"},"modified":"2026-02-27T08:06:52","modified_gmt":"2026-02-27T08:06:52","slug":"songmics-parasoll-230-x-150-cm-balkongparasoll-upf-50-solskydd","status":"publish","type":"product","link":"https:\/\/nordicmart.andreevmaster.com\/sv\/produkt\/songmics-parasoll-230-x-150-cm-balkongparasoll-upf-50-solskydd\/","title":{"rendered":"SONGMICS parasoll 230 x 150 cm, balkongparasoll UPF 50+, solskydd"},"content":{"rendered":"<p>Parasoll 180 x 125 cm, balkongparasoll UPF 50+, solskydd, kan b\u00f6jas 30\u00b0 p\u00e5 b\u00e5da sidor, h\u00f6jdjusterbar, med f\u00f6rvaringsv\u00e4ska, utan stativ, gr\u00e5<br \/>\nProduktdetaljer:<br \/>\n&#8211; F\u00e4rg: Gr\u00e5<br \/>\n&#8211; Material: Ram av st\u00e5l, parasollduk av 160 g\/m\u00b2 polyester<br \/>\n&#8211; Storlek p\u00e5 parasollduken: 230 x 150 cm (L x B)<br \/>\n&#8211; H\u00f6jd i uppr\u00e4tt l\u00e4ge: 175\u2013245 cm<br \/>\n&#8211; Diameter p\u00e5 paraplyst\u00e5ng: \u00d6vre del 28 mm\/nedre del 32 mm<br \/>\n&#8211; Vikt: 3,7 kg<\/p>\n<p>Leveransomfattning:<br \/>\n&#8211; 1 x parasoll<br \/>\n&#8211; 1 x f\u00f6rvaringsv\u00e4ska<\/p>\n<p>Anm\u00e4rkningar:<br \/>\n&#8211; Parasollfot ing\u00e5r inte.<br \/>\n&#8211; St\u00e4ng parasollen p\u00e5 natten, vid stark vind eller regnigt v\u00e4der f\u00f6r att undvika skador.<br \/>\n&#8211; \u00d6ppna inte parasollen med v\u00e5ld, utan f\u00f6rsiktigt och l\u00e5ngsamt.<\/p>\n","protected":false},"excerpt":{"rendered":"<p>Parasoll 180 x 125 cm, balkongparasoll UPF 50+, solskydd, kan b\u00f6jas 30\u00b0 p\u00e5 b\u00e5da sidor, h\u00f6jdjusterbar, med f\u00f6rvaringsv\u00e4ska, utan stativ, gr\u00e5<\/p>\n","protected":false},"featured_media":40272,"comment_status":"open","ping_status":"closed","template":"","meta":[],"product_brand":[],"product_cat":[33],"product_tag":[],"class_list":{"0":"post-11943","1":"product","2":"type-product","3":"status-publish","4":"has-post-thumbnail","6":"product_cat-okategoriserad","8":"first","9":"instock","10":"shipping-taxable","11":"purchasable","12":"product-type-simple"},"_links":{"self":[{"href":"https:\/\/nordicmart.andreevmaster.com\/sv\/wp-json\/wp\/v2\/product\/11943","targetHints":{"allow":["GET"]}}],"collection":[{"href":"https:\/\/nordicmart.andreevmaster.com\/sv\/wp-json\/wp\/v2\/product"}],"about":[{"href":"https:\/\/nordicmart.andreevmaster.com\/sv\/wp-json\/wp\/v2\/types\/product"}],"replies":[{"embeddable":true,"href":"https:\/\/nordicmart.andreevmaster.com\/sv\/wp-json\/wp\/v2\/comments?post=11943"}],"wp:featuredmedia":[{"embeddable":true,"href":"https:\/\/nordicmart.andreevmaster.com\/sv\/wp-json\/wp\/v2\/media\/40272"}],"wp:attachment":[{"href":"https:\/\/nordicmart.andreevmaster.com\/sv\/wp-json\/wp\/v2\/media?parent=11943"}],"wp:term":[{"taxonomy":"product_brand","embeddable":true,"href":"https:\/\/nordicmart.andreevmaster.com\/sv\/wp-json\/wp\/v2\/product_brand?post=11943"},{"taxonomy":"product_cat","embeddable":true,"href":"https:\/\/nordicmart.andreevmaster.com\/sv\/wp-json\/wp\/v2\/product_cat?post=11943"},{"taxonomy":"product_tag","embeddable":true,"href":"https:\/\/nordicmart.andreevmaster.com\/sv\/wp-json\/wp\/v2\/product_tag?post=11943"}],"curies":[{"name":"wp","href":"https:\/\/api.w.org\/{rel}","templated":true}]}}