{"id":11942,"date":"2026-02-27T00:12:16","date_gmt":"2026-02-27T00:12:16","guid":{"rendered":"https:\/\/nordicmart.andreevmaster.com\/product\/songmics-parasoll-290-x-290-cm-takparasoll-tradgardsparasoll\/"},"modified":"2026-02-27T08:06:52","modified_gmt":"2026-02-27T08:06:52","slug":"songmics-parasoll-290-x-290-cm-takparasoll-tradgardsparasoll","status":"publish","type":"product","link":"https:\/\/nordicmart.andreevmaster.com\/sv\/produkt\/songmics-parasoll-290-x-290-cm-takparasoll-tradgardsparasoll\/","title":{"rendered":"SONGMICS parasoll 290 x 290 cm, takparasoll, tr\u00e4dg\u00e5rdsparasoll"},"content":{"rendered":"<p>F\u00f6rdelarna med detta takparasoll i korthet:<br \/>\n360\u00b0 vridbar: Vrid parasollen med fotpedalen.<br \/>\nJusterbar i 4 vinklar: Justera parasollets lutningsvinkel med handtaget.<br \/>\nUtm\u00e4rkt solskydd: Terrassparasollen erbjuder utm\u00e4rkt UV-skydd (UPF 50+) och blockerar mer \u00e4n 98 % av UV-str\u00e5larna.<br \/>\nSkydd mot duggregn: Solskyddet \u00e4r tillverkat av 200 g\/m\u00b2 polyesterduk med PA-bel\u00e4ggning och \u00e4r vattenavvisande.<br \/>\nL\u00e4tt att \u00f6ppna och st\u00e4nga: Vrid p\u00e5 veven f\u00f6r att \u00f6ppna och st\u00e4nga parasollen.<br \/>\nTillbeh\u00f6r ing\u00e5r: Vi levererar ett korsf\u00e4ste, f\u00e4stremmar och ett \u00f6verdrag f\u00f6r \u00f6kad komfort.<\/p>\n","protected":false},"excerpt":{"rendered":"<p>Parasoll 290 x 290 cm, takparasoll, tr\u00e4dg\u00e5rdsparasoll, UV-skydd UPF 50+, 360\u00b0 vridbart, justerbar lutningsvinkel, med stativ, r\u00f6kgr\u00e5<\/p>\n","protected":false},"featured_media":40271,"comment_status":"open","ping_status":"closed","template":"","meta":[],"product_brand":[],"product_cat":[33],"product_tag":[],"class_list":{"0":"post-11942","1":"product","2":"type-product","3":"status-publish","4":"has-post-thumbnail","6":"product_cat-okategoriserad","8":"first","9":"instock","10":"shipping-taxable","11":"purchasable","12":"product-type-simple"},"_links":{"self":[{"href":"https:\/\/nordicmart.andreevmaster.com\/sv\/wp-json\/wp\/v2\/product\/11942","targetHints":{"allow":["GET"]}}],"collection":[{"href":"https:\/\/nordicmart.andreevmaster.com\/sv\/wp-json\/wp\/v2\/product"}],"about":[{"href":"https:\/\/nordicmart.andreevmaster.com\/sv\/wp-json\/wp\/v2\/types\/product"}],"replies":[{"embeddable":true,"href":"https:\/\/nordicmart.andreevmaster.com\/sv\/wp-json\/wp\/v2\/comments?post=11942"}],"wp:featuredmedia":[{"embeddable":true,"href":"https:\/\/nordicmart.andreevmaster.com\/sv\/wp-json\/wp\/v2\/media\/40271"}],"wp:attachment":[{"href":"https:\/\/nordicmart.andreevmaster.com\/sv\/wp-json\/wp\/v2\/media?parent=11942"}],"wp:term":[{"taxonomy":"product_brand","embeddable":true,"href":"https:\/\/nordicmart.andreevmaster.com\/sv\/wp-json\/wp\/v2\/product_brand?post=11942"},{"taxonomy":"product_cat","embeddable":true,"href":"https:\/\/nordicmart.andreevmaster.com\/sv\/wp-json\/wp\/v2\/product_cat?post=11942"},{"taxonomy":"product_tag","embeddable":true,"href":"https:\/\/nordicmart.andreevmaster.com\/sv\/wp-json\/wp\/v2\/product_tag?post=11942"}],"curies":[{"name":"wp","href":"https:\/\/api.w.org\/{rel}","templated":true}]}}