{"id":11941,"date":"2026-02-27T00:12:16","date_gmt":"2026-02-27T00:12:16","guid":{"rendered":"https:\/\/nordicmart.andreevmaster.com\/product\/songmics-tradgardsparasoll-o-200-cm-bojbart\/"},"modified":"2026-02-27T08:06:52","modified_gmt":"2026-02-27T08:06:52","slug":"songmics-tradgardsparasoll-o-200-cm-bojbart","status":"publish","type":"product","link":"https:\/\/nordicmart.andreevmaster.com\/sv\/produkt\/songmics-tradgardsparasoll-o-200-cm-bojbart\/","title":{"rendered":"SONGMICS tr\u00e4dg\u00e5rdsparasoll \u00d8 200 cm, b\u00f6jbart"},"content":{"rendered":"<p>Njut av det fina v\u00e4dret i skuggan! Utomhuss\u00e4songen har b\u00f6rjat och det \u00e4r dags att utrusta tr\u00e4dg\u00e5rden, terrassen eller strandomr\u00e5det med ett adekvat solskydd: ett parasoll! N\u00e4r du \u00e4ntligen \u00e5tertar ditt utomhusomr\u00e5de efter l\u00e5nga, kalla vinterdagar och bjuder in dina v\u00e4nner p\u00e5 grillfest, \u00e4r det perfekta tillf\u00e4llet f\u00f6r att anv\u00e4nda ditt nya parasoll! Ett m\u00e5ste f\u00f6r sommaren Denna parasoll kan b\u00f6jas \u00e5t b\u00e5da h\u00e5llen, s\u00e5 att du kan anpassa den efter tid p\u00e5 dagen och ljusets infallsvinkel. Parasollets diameter \u00e4r 1,8 meter och h\u00f6jden 2,3 meter. Det rymmer 3 till 4 personer under solskyddet. Parasollets mast \u00e4r tillverkad av rostfritt st\u00e5l. Dessutom erbjuder skyddstyget av polyester ett utm\u00e4rkt UV-skydd upp till UPF 50+. Dessutom \u00e4r det f\u00f6rsett med n\u00e5gra ventilations\u00f6ppningar som leder bort vinden, vilket g\u00f6r att parasollet st\u00e5r stabilare. Produktdetaljer:- Material: Pulverlackerat st\u00e5l, 160 g\/m\u00b2 polyester &#8211; H\u00f6jd: 2,3 m &#8211; L\u00e4ngd p\u00e5 v\u00e4lvningen: 2 m &#8211; Horisontell diameter: 1,8 m &#8211; \u00d8 parasollmast: 22\/25 mm, v\u00e4ggtjocklek: 0,5 mm &#8211; Vikt: 2 kg Leveransomfattning:- 1 x parasoll &#8211; 1 x b\u00e4rv\u00e4ska SONGIMCS Anm\u00e4rkningar: &#8211; Parasollfot ing\u00e5r inte. &#8211; St\u00e4ng parasollet p\u00e5 natten och vid stark vind. &#8211; Det rekommenderas inte att anv\u00e4nda detta parasoll vid regnigt v\u00e4der.<\/p>\n","protected":false},"excerpt":{"rendered":"<p>SONGMICS parasoll f\u00f6r stranden, \u00d8 160 cm, tr\u00e4dg\u00e5rdsparasoll, UV-skydd upp till UPF 50+, hopf\u00e4llbart, b\u00e4rbart, parasollribbor av glasfiber, med transportv\u00e4ska, bl\u00e5-vit randigt GPU60WU<\/p>\n","protected":false},"featured_media":40270,"comment_status":"open","ping_status":"closed","template":"","meta":[],"product_brand":[],"product_cat":[33],"product_tag":[],"class_list":{"0":"post-11941","1":"product","2":"type-product","3":"status-publish","4":"has-post-thumbnail","6":"product_cat-okategoriserad","8":"first","9":"instock","10":"shipping-taxable","11":"purchasable","12":"product-type-simple"},"_links":{"self":[{"href":"https:\/\/nordicmart.andreevmaster.com\/sv\/wp-json\/wp\/v2\/product\/11941","targetHints":{"allow":["GET"]}}],"collection":[{"href":"https:\/\/nordicmart.andreevmaster.com\/sv\/wp-json\/wp\/v2\/product"}],"about":[{"href":"https:\/\/nordicmart.andreevmaster.com\/sv\/wp-json\/wp\/v2\/types\/product"}],"replies":[{"embeddable":true,"href":"https:\/\/nordicmart.andreevmaster.com\/sv\/wp-json\/wp\/v2\/comments?post=11941"}],"wp:featuredmedia":[{"embeddable":true,"href":"https:\/\/nordicmart.andreevmaster.com\/sv\/wp-json\/wp\/v2\/media\/40270"}],"wp:attachment":[{"href":"https:\/\/nordicmart.andreevmaster.com\/sv\/wp-json\/wp\/v2\/media?parent=11941"}],"wp:term":[{"taxonomy":"product_brand","embeddable":true,"href":"https:\/\/nordicmart.andreevmaster.com\/sv\/wp-json\/wp\/v2\/product_brand?post=11941"},{"taxonomy":"product_cat","embeddable":true,"href":"https:\/\/nordicmart.andreevmaster.com\/sv\/wp-json\/wp\/v2\/product_cat?post=11941"},{"taxonomy":"product_tag","embeddable":true,"href":"https:\/\/nordicmart.andreevmaster.com\/sv\/wp-json\/wp\/v2\/product_tag?post=11941"}],"curies":[{"name":"wp","href":"https:\/\/api.w.org\/{rel}","templated":true}]}}