{"id":11932,"date":"2026-02-27T00:12:14","date_gmt":"2026-02-27T00:12:14","guid":{"rendered":"https:\/\/nordicmart.andreevmaster.com\/product\/parasoll-o-180-cm\/"},"modified":"2026-02-27T08:06:51","modified_gmt":"2026-02-27T08:06:51","slug":"parasoll-o-180-cm","status":"publish","type":"product","link":"https:\/\/nordicmart.andreevmaster.com\/sv\/produkt\/parasoll-o-180-cm\/","title":{"rendered":"Parasoll \u00d8 180 cm"},"content":{"rendered":"<p>Njut av det vackra v\u00e4dret i skuggan! Utes\u00e4songen har b\u00f6rjat och det \u00e4r dags att g\u00e5 ut i tr\u00e4dg\u00e5rden, p\u00e5 terrassen eller p\u00e5 stranden! Men var f\u00f6rsiktig! Gl\u00f6m inte att anv\u00e4nda tillr\u00e4ckligt med solskydd! N\u00e4r du \u00e4ntligen \u00e5terf\u00e5r ditt uterum efter l\u00e5nga, kalla vinterdagar och bjuder in dina v\u00e4nner p\u00e5 en grillkv\u00e4ll \u00e4r det perfekt att anv\u00e4nda din nya parasoll fr\u00e5n SONGMICS! Ett m\u00e5ste f\u00f6r sommaren Denna parasoll kan f\u00e4llas \u00e5t v\u00e4nster och h\u00f6ger. Det g\u00f6r att du kan anpassa den efter tid p\u00e5 dagen och ljusets infallsvinkel. Parasollen har en diameter p\u00e5 1,8 meter och en h\u00f6jd p\u00e5 2,3 meter. Det finns d\u00e4rf\u00f6r plats f\u00f6r 1 till 2 personer under parasollen. Parasollst\u00e5ngen \u00e4r ocks\u00e5 tillverkad av rostfritt st\u00e5l. Parasolltyget av polyester ger ocks\u00e5 ett utm\u00e4rkt UV-skydd upp till UPF 50+. Produktdetaljer: &#8211; F\u00e4rg: Bl\u00e5 &#8211; Material: Pulverlackerat st\u00e5l, 160 g\/m\u00b2 polyester, glasfiber &#8211; H\u00f6jd: 2,3 m &#8211; L\u00e4ngd p\u00e5 b\u00e5ge: 2 m &#8211; \u00d8 parasoll: 1,8 m &#8211; \u00d8 parasollst\u00e5ng: 22\/25 mm, vikt: 0,5 mm &#8211; Vikt: 2 kg Leveransomfattning: &#8211; 1 x parasoll &#8211; 1 x b\u00e4rv\u00e4ska SONGICOM Anm\u00e4rkningar: &#8211; Ett parasollstativ ing\u00e5r inte i leveransen. St\u00e4ng parasollen p\u00e5 natten och vid stark vind &#8211; Det rekommenderas inte att anv\u00e4nda denna parasoll i regnv\u00e4der.<\/p>\n","protected":false},"excerpt":{"rendered":"<p>Njut av det vackra v\u00e4dret i skuggan! Utes\u00e4songen har b\u00f6rjat och det \u00e4r dags att g\u00e5 ut i tr\u00e4dg\u00e5rden, p\u00e5 terrassen eller p\u00e5 stranden! Men var f\u00f6rsiktig! Gl\u00f6m inte att anv\u00e4nda tillr\u00e4ckligt med solskydd! N\u00e4r du \u00e4ntligen \u00e5terf\u00e5r ditt uterum efter l\u00e5nga, kalla vinterdagar och bjuder in dina v\u00e4nner p\u00e5 en grillkv\u00e4ll \u00e4r det perfekt [&hellip;]<\/p>\n","protected":false},"featured_media":0,"comment_status":"open","ping_status":"closed","template":"","meta":[],"product_brand":[],"product_cat":[33],"product_tag":[],"class_list":{"0":"post-11932","1":"product","2":"type-product","3":"status-publish","5":"product_cat-okategoriserad","7":"first","8":"instock","9":"shipping-taxable","10":"product-type-simple"},"_links":{"self":[{"href":"https:\/\/nordicmart.andreevmaster.com\/sv\/wp-json\/wp\/v2\/product\/11932","targetHints":{"allow":["GET"]}}],"collection":[{"href":"https:\/\/nordicmart.andreevmaster.com\/sv\/wp-json\/wp\/v2\/product"}],"about":[{"href":"https:\/\/nordicmart.andreevmaster.com\/sv\/wp-json\/wp\/v2\/types\/product"}],"replies":[{"embeddable":true,"href":"https:\/\/nordicmart.andreevmaster.com\/sv\/wp-json\/wp\/v2\/comments?post=11932"}],"wp:attachment":[{"href":"https:\/\/nordicmart.andreevmaster.com\/sv\/wp-json\/wp\/v2\/media?parent=11932"}],"wp:term":[{"taxonomy":"product_brand","embeddable":true,"href":"https:\/\/nordicmart.andreevmaster.com\/sv\/wp-json\/wp\/v2\/product_brand?post=11932"},{"taxonomy":"product_cat","embeddable":true,"href":"https:\/\/nordicmart.andreevmaster.com\/sv\/wp-json\/wp\/v2\/product_cat?post=11932"},{"taxonomy":"product_tag","embeddable":true,"href":"https:\/\/nordicmart.andreevmaster.com\/sv\/wp-json\/wp\/v2\/product_tag?post=11932"}],"curies":[{"name":"wp","href":"https:\/\/api.w.org\/{rel}","templated":true}]}}