{"id":11926,"date":"2026-02-27T00:12:13","date_gmt":"2026-02-27T00:12:13","guid":{"rendered":"https:\/\/nordicmart.andreevmaster.com\/product\/16-m-parasoll-strandparaply-upf-50-solbeskyttelse-baerbar-ottekantet-polyesterbaldakin-glasfiberribber-vippemekanisme-baeretaske-til-strand-have-balkon-pool-beige-gpu60wtv1\/"},"modified":"2026-02-27T08:06:49","modified_gmt":"2026-02-27T08:06:49","slug":"16-m-parasoll-strandparaply-upf-50-solbeskyttelse-baerbar-ottekantet-polyesterbaldakin-glasfiberribber-vippemekanisme-baeretaske-til-strand-have-balkon-pool-beige-gpu60wtv1","status":"publish","type":"product","link":"https:\/\/nordicmart.andreevmaster.com\/sv\/produkt\/16-m-parasoll-strandparaply-upf-50-solbeskyttelse-baerbar-ottekantet-polyesterbaldakin-glasfiberribber-vippemekanisme-baeretaske-til-strand-have-balkon-pool-beige-gpu60wtv1\/","title":{"rendered":"1,6 m parasoll, strandparaply, UPF 50+, solbeskyttelse, b\u00e6rbar ottekantet polyesterbaldakin, glasfiberribber, vippemekanisme, b\u00e6retaske, til strand, have, balkon, pool, beige GPU60WTV1"},"content":{"rendered":"<p>Det r\u00e4tta skyddet: Ska du tillbringa l\u00e5nga dagar p\u00e5 stranden, kanske till och med med barn? Stark UV-skydd \u00e4r ett m\u00e5ste! Precis som denna parasoll, som har en PA-belagd baldakin, som ger utm\u00e4rkt UPF 50+-skydd.<br \/>\nL\u00e5t den f\u00f6lja med dig: Vill du koppla av i solstolen p\u00e5 stranden hela dagen? Det \u00e4r inget problem! Du kan enkelt vippa denna parasoll med dess robusta zinklegeringsled, s\u00e5 att du alltid kan vara i skuggan utan att beh\u00f6va flytta dig hela tiden.<br \/>\nNjut av brisen! N\u00e4r det bl\u00e5ser en sval bris kan du njuta av den ist\u00e4llet f\u00f6r att oroa dig f\u00f6r att parasollen ska svaja eller g\u00e5 s\u00f6nder: Luftventilen i toppen sl\u00e4pper igenom luft, medan glasfiberribborna ger stabilt st\u00f6d \u00e5t baldakinen. <\/p>\n<p>Oavsett vart du ska: En vacker dag p\u00e5 stranden? Camping med v\u00e4nnerna? Eller en picknick med familjen? F\u00f6rvara denna l\u00e4tta strandparaply i den medf\u00f6ljande praktiska b\u00e4rv\u00e4skan, s\u00e5 att du enkelt kan transportera den och den kan vara med p\u00e5 alla dina glada stunder utomhus. <\/p>\n<p>En sval oas p\u00e5 ett \u00f6gonblick: Skruva bara fast toppen av st\u00e5ngen i botten, f\u00e4st st\u00e5ngen i en bas (medf\u00f6ljer ej), \u00f6ppna parasollen, f\u00e4st den med metallproppen, och s\u00e5 \u00e4r du redan ig\u00e5ng med att f\u00f6rfriska din terrass, altan eller tr\u00e4dg\u00e5rd!<\/p>\n<p>Njut av det fina v\u00e4dret i skuggan! Utes\u00e4songen har b\u00f6rjat och det \u00e4r dags att g\u00f6ra din tr\u00e4dg\u00e5rd, terrass eller strand os\u00e4ker! Men var f\u00f6rsiktig! Gl\u00f6m inte tillr\u00e4ckligt med solskydd! N\u00e4r du \u00e4ntligen intar ditt uterum efter l\u00e5nga, kalla vinterdagar och bjuder in dina v\u00e4nner till grillfest \u00e4r det det perfekta tillf\u00e4llet att anv\u00e4nda din nya parasoll fr\u00e5n SONGMICS! Ett m\u00e5ste f\u00f6r sommaren Denna parasoll kan f\u00e4llas \u00e5t v\u00e4nster och h\u00f6ger. Det g\u00f6r att du kan anpassa den efter tid p\u00e5 dagen och ljusets infallsvinkel. Parasollen har en diameter p\u00e5 1,6 meter och en h\u00f6jd p\u00e5 2,1 meter. Det finns d\u00e4rf\u00f6r plats f\u00f6r 1 till 2 personer under parasollen. Parasolst\u00e5ngen \u00e4r ocks\u00e5 tillverkad av rostfritt st\u00e5l. Parasolduken av polyester ger ocks\u00e5 ett utm\u00e4rkt UV-skydd upp till UPF 50+. Produktdetaljer: &#8211; F\u00e4rg: Beige &#8211; Material: Pulverlackerat st\u00e5l, 160 g\/m\u00b2 polyester, glasfiber &#8211; H\u00f6jd: 2,1 m &#8211; L\u00e4ngd p\u00e5 b\u00e5ge: 1,8 m &#8211; \u00d8 parasoll: 1,6 m &#8211; \u00d8 parasollst\u00e5ng: 22\/25 mm, vikt: 0,5 mm &#8211; Vikt: 1,6 kg Leveransomfattning: &#8211; 1 x parasoll &#8211; 1 x b\u00e4rv\u00e4ska SONGICOM Anm\u00e4rkningar: &#8211; Ett parasollstativ ing\u00e5r inte i leveransen. St\u00e4ng parasollen p\u00e5 natten och vid stark vind &#8211; Det rekommenderas inte att anv\u00e4nda denna parasoll i regnv\u00e4der.<\/p>\n","protected":false},"excerpt":{"rendered":"<p>Det r\u00e4tta skyddet: Ska du tillbringa l\u00e5nga dagar p\u00e5 stranden, kanske till och med med barn? Stark UV-skydd \u00e4r ett m\u00e5ste! Precis som denna parasoll, som har en PA-belagd baldakin, som ger utm\u00e4rkt UPF 50+-skydd. L\u00e5t den f\u00f6lja med dig: Vill du koppla av i solstolen p\u00e5 stranden hela dagen? Det \u00e4r inget problem! Du [&hellip;]<\/p>\n","protected":false},"featured_media":0,"comment_status":"open","ping_status":"closed","template":"","meta":[],"product_brand":[],"product_cat":[33],"product_tag":[],"class_list":{"0":"post-11926","1":"product","2":"type-product","3":"status-publish","5":"product_cat-okategoriserad","7":"first","8":"instock","9":"shipping-taxable","10":"product-type-simple"},"_links":{"self":[{"href":"https:\/\/nordicmart.andreevmaster.com\/sv\/wp-json\/wp\/v2\/product\/11926","targetHints":{"allow":["GET"]}}],"collection":[{"href":"https:\/\/nordicmart.andreevmaster.com\/sv\/wp-json\/wp\/v2\/product"}],"about":[{"href":"https:\/\/nordicmart.andreevmaster.com\/sv\/wp-json\/wp\/v2\/types\/product"}],"replies":[{"embeddable":true,"href":"https:\/\/nordicmart.andreevmaster.com\/sv\/wp-json\/wp\/v2\/comments?post=11926"}],"wp:attachment":[{"href":"https:\/\/nordicmart.andreevmaster.com\/sv\/wp-json\/wp\/v2\/media?parent=11926"}],"wp:term":[{"taxonomy":"product_brand","embeddable":true,"href":"https:\/\/nordicmart.andreevmaster.com\/sv\/wp-json\/wp\/v2\/product_brand?post=11926"},{"taxonomy":"product_cat","embeddable":true,"href":"https:\/\/nordicmart.andreevmaster.com\/sv\/wp-json\/wp\/v2\/product_cat?post=11926"},{"taxonomy":"product_tag","embeddable":true,"href":"https:\/\/nordicmart.andreevmaster.com\/sv\/wp-json\/wp\/v2\/product_tag?post=11926"}],"curies":[{"name":"wp","href":"https:\/\/api.w.org\/{rel}","templated":true}]}}