{"id":11924,"date":"2026-02-27T00:12:12","date_gmt":"2026-02-27T00:12:12","guid":{"rendered":"https:\/\/nordicmart.andreevmaster.com\/product\/songmics-parasoll-o-160-cm\/"},"modified":"2026-02-27T08:06:49","modified_gmt":"2026-02-27T08:06:49","slug":"songmics-parasoll-o-160-cm","status":"publish","type":"product","link":"https:\/\/nordicmart.andreevmaster.com\/sv\/produkt\/songmics-parasoll-o-160-cm\/","title":{"rendered":"SONGMICS parasoll \u00d8 160 cm"},"content":{"rendered":"<p>Njut av det fina v\u00e4dret i skuggan! Utomhuss\u00e4songen har b\u00f6rjat och det \u00e4r dags att ta \u00f6ver tr\u00e4dg\u00e5rden, terrassen eller stranden! Men var f\u00f6rsiktig! T\u00e4nk p\u00e5 att ha ett adekvat solskydd! N\u00e4r du \u00e4ntligen \u00e5tertar ditt utomhusomr\u00e5de efter l\u00e5nga, kalla vinterdagar och bjuder in dina v\u00e4nner p\u00e5 grillfest, \u00e4r det perfekta tillf\u00e4llet f\u00f6r att anv\u00e4nda din nya parasoll fr\u00e5n SONGMICS! Ett m\u00e5ste f\u00f6r sommaren Denna parasoll kan vikas \u00e5t v\u00e4nster och h\u00f6ger. S\u00e5 kan du anpassa den efter tid p\u00e5 dagen och ljusets infallsvinkel. Parasollets diameter \u00e4r 1,6 m och h\u00f6jden 2,1 m. Det finns allts\u00e5 plats f\u00f6r 1 till 2 personer under solskyddet. Parasollets mast \u00e4r tillverkad av rostfritt st\u00e5l. Dessutom erbjuder skyddstyget av polyester ett utm\u00e4rkt UV-skydd upp till UPF 50+. Produktdetaljer: &#8211; F\u00e4rg: orange &#8211; Material: pulverlackerat st\u00e5l, 160 g\/m\u00b2 polyester, glasfiber &#8211; H\u00f6jd: 2,1 m &#8211; L\u00e4ngd cirkelb\u00e5ge: 1,8 m &#8211; \u00d8 parasoll: 1,6 m &#8211; \u00d8 parasollmast: 22\/25 mm, v\u00e4ggtjocklek: 0,5 mm &#8211; Vikt: 1,6 kg Leveransomfattning:- 1 x parasoll &#8211; 1 x b\u00e4rv\u00e4ska SONGIMC Anm\u00e4rkningar: &#8211; Parasollfot ing\u00e5r inte. &#8211; St\u00e4ng parasollet p\u00e5 natten och vid stark vind. &#8211; Det rekommenderas inte att anv\u00e4nda detta parasoll vid regnigt v\u00e4der.<\/p>\n","protected":false},"excerpt":{"rendered":"<p>SONGMICS parasoll, \u00d8 160 cm, marknadsparasoll, UV-skydd UPF 50+, solskydd, \u00e5ttkantigt tr\u00e4dg\u00e5rdsparasoll av polyester, parasollribbor av glasfiber, med b\u00e4rv\u00e4ska, bl\u00e5 GPU60BU<\/p>\n","protected":false},"featured_media":40259,"comment_status":"open","ping_status":"closed","template":"","meta":[],"product_brand":[],"product_cat":[33],"product_tag":[],"class_list":{"0":"post-11924","1":"product","2":"type-product","3":"status-publish","4":"has-post-thumbnail","6":"product_cat-okategoriserad","8":"first","9":"instock","10":"shipping-taxable","11":"purchasable","12":"product-type-simple"},"_links":{"self":[{"href":"https:\/\/nordicmart.andreevmaster.com\/sv\/wp-json\/wp\/v2\/product\/11924","targetHints":{"allow":["GET"]}}],"collection":[{"href":"https:\/\/nordicmart.andreevmaster.com\/sv\/wp-json\/wp\/v2\/product"}],"about":[{"href":"https:\/\/nordicmart.andreevmaster.com\/sv\/wp-json\/wp\/v2\/types\/product"}],"replies":[{"embeddable":true,"href":"https:\/\/nordicmart.andreevmaster.com\/sv\/wp-json\/wp\/v2\/comments?post=11924"}],"wp:featuredmedia":[{"embeddable":true,"href":"https:\/\/nordicmart.andreevmaster.com\/sv\/wp-json\/wp\/v2\/media\/40259"}],"wp:attachment":[{"href":"https:\/\/nordicmart.andreevmaster.com\/sv\/wp-json\/wp\/v2\/media?parent=11924"}],"wp:term":[{"taxonomy":"product_brand","embeddable":true,"href":"https:\/\/nordicmart.andreevmaster.com\/sv\/wp-json\/wp\/v2\/product_brand?post=11924"},{"taxonomy":"product_cat","embeddable":true,"href":"https:\/\/nordicmart.andreevmaster.com\/sv\/wp-json\/wp\/v2\/product_cat?post=11924"},{"taxonomy":"product_tag","embeddable":true,"href":"https:\/\/nordicmart.andreevmaster.com\/sv\/wp-json\/wp\/v2\/product_tag?post=11924"}],"curies":[{"name":"wp","href":"https:\/\/api.w.org\/{rel}","templated":true}]}}