{"id":11919,"date":"2026-02-27T00:12:11","date_gmt":"2026-02-27T00:12:11","guid":{"rendered":"https:\/\/nordicmart.andreevmaster.com\/product\/songmics-extra-stort-parasoll-i-taupe\/"},"modified":"2026-02-27T08:06:48","modified_gmt":"2026-02-27T08:06:48","slug":"songmics-extra-stort-parasoll-i-taupe","status":"publish","type":"product","link":"https:\/\/nordicmart.andreevmaster.com\/sv\/produkt\/songmics-extra-stort-parasoll-i-taupe\/","title":{"rendered":"SONGMICS extra stort parasoll i taupe"},"content":{"rendered":"<p>H\u00f6jdpunkterna med denna dubbla parasoll fr\u00e5n SONGMICS: Extra stor parasollduk (460 x 270 cm); ger stor skugga UV-skydd upp till UPF 50+; optimalt skydd mot UV-str\u00e5lar Robust parasollst\u00e5ng av \u00d8 48 mm metallst\u00e4nger 12 parasollribbor av metall; ger parasollen ett starkt f\u00e4ste. Parasollduk av 180 g\/m\u00b2 polyester; lovar l\u00e5ng livsl\u00e4ngd. Enkel \u00f6ppning och st\u00e4ngning av parasollen med hj\u00e4lp av den praktiska veven. Praktisk l\u00e5sfj\u00e4der; g\u00f6r det m\u00f6jligt att enkelt koppla ihop de tv\u00e5 metallst\u00e4ngerna i parasollst\u00e5ngen. Inga verktyg beh\u00f6vs; upps\u00e4ttningen tar bara n\u00e5gra minuterProduktdetaljer:F\u00e4rg: Gr\u00e5Material: Paraplymast och paraplyribbor av metall, 180 g\/m\u00b2 polyesterH\u00f6jd: 245 cmStorlek p\u00e5 paraplytyg: 460 x 270 cm (L x B) \u00d8 parasollst\u00e5ng: 48 mm Nettovikt: 15 kg Leveransomfattning: 1 x parasoll 1 x bruksanvisning (DE, EN, FR, ES, IT) SONGMICS Anm\u00e4rkningar: Parasollfot ing\u00e5r inte. Vi rekommenderar att du anv\u00e4nder en parasollfot som v\u00e4ger \u00f6ver 50 kg. \u00d6ppna inte parasollen med v\u00e5ld, utan f\u00f6rsiktigt och l\u00e5ngsamt. Reng\u00f6r parasollduken med en mjuk trasa fuktad med ett neutralt reng\u00f6ringsmedel. F\u00f6rvara produkten p\u00e5 en torr, v\u00e4l ventilerad plats, men f\u00f6rst efter att parasollduken har torkat helt. St\u00e4ng parasollet p\u00e5 bl\u00e5siga dagar f\u00f6r att undvika skador. H\u00e5ll produkten borta fr\u00e5n eldk\u00e4llor och skydda den fr\u00e5n extrem kyla eller v\u00e4rme och andra v\u00e4derf\u00f6rh\u00e5llanden som regn, vind, sn\u00f6, hagel etc.<\/p>\n","protected":false},"excerpt":{"rendered":"<p>SONGMICS Dubbel parasoll 460 x 270 cm, extra stort parasoll, tr\u00e4dg\u00e5rdsparasoll, UV-skydd upp till UPF 50+, terrassparasoll, med vev, marknad, tr\u00e4dg\u00e5rd, balkong, utomhus, utan stativ, gr\u00e5 GPU36GY<\/p>\n","protected":false},"featured_media":40254,"comment_status":"open","ping_status":"closed","template":"","meta":[],"product_brand":[],"product_cat":[33],"product_tag":[],"class_list":{"0":"post-11919","1":"product","2":"type-product","3":"status-publish","4":"has-post-thumbnail","6":"product_cat-okategoriserad","8":"first","9":"instock","10":"shipping-taxable","11":"purchasable","12":"product-type-simple"},"_links":{"self":[{"href":"https:\/\/nordicmart.andreevmaster.com\/sv\/wp-json\/wp\/v2\/product\/11919","targetHints":{"allow":["GET"]}}],"collection":[{"href":"https:\/\/nordicmart.andreevmaster.com\/sv\/wp-json\/wp\/v2\/product"}],"about":[{"href":"https:\/\/nordicmart.andreevmaster.com\/sv\/wp-json\/wp\/v2\/types\/product"}],"replies":[{"embeddable":true,"href":"https:\/\/nordicmart.andreevmaster.com\/sv\/wp-json\/wp\/v2\/comments?post=11919"}],"wp:featuredmedia":[{"embeddable":true,"href":"https:\/\/nordicmart.andreevmaster.com\/sv\/wp-json\/wp\/v2\/media\/40254"}],"wp:attachment":[{"href":"https:\/\/nordicmart.andreevmaster.com\/sv\/wp-json\/wp\/v2\/media?parent=11919"}],"wp:term":[{"taxonomy":"product_brand","embeddable":true,"href":"https:\/\/nordicmart.andreevmaster.com\/sv\/wp-json\/wp\/v2\/product_brand?post=11919"},{"taxonomy":"product_cat","embeddable":true,"href":"https:\/\/nordicmart.andreevmaster.com\/sv\/wp-json\/wp\/v2\/product_cat?post=11919"},{"taxonomy":"product_tag","embeddable":true,"href":"https:\/\/nordicmart.andreevmaster.com\/sv\/wp-json\/wp\/v2\/product_tag?post=11919"}],"curies":[{"name":"wp","href":"https:\/\/api.w.org\/{rel}","templated":true}]}}