{"id":11917,"date":"2026-02-27T00:12:11","date_gmt":"2026-02-27T00:12:11","guid":{"rendered":"https:\/\/nordicmart.andreevmaster.com\/product\/songmics-paraply-med-tak-beige\/"},"modified":"2026-02-27T08:06:48","modified_gmt":"2026-02-27T08:06:48","slug":"songmics-paraply-med-tak-beige","status":"publish","type":"product","link":"https:\/\/nordicmart.andreevmaster.com\/sv\/produkt\/songmics-paraply-med-tak-beige\/","title":{"rendered":"SONGMICS Paraply med tak  beige"},"content":{"rendered":"<p>Varm sol, bl\u00e5 himmel, frisk luft, vacker natur&#8230; Vad v\u00e4ntar du p\u00e5? Dags att koppla av utomhus! R\u00e4dsla f\u00f6r starka solstr\u00e5lar? Oroa dig inte. \u00d6ppna bara denna parasoll fr\u00e5n SONGMICS med en diameter p\u00e5 3 m och njut av det vackra v\u00e4dret i skuggan! F\u00f6r en of\u00f6rgl\u00f6mlig sommar: Vill du ta en tupplur i tr\u00e4dg\u00e5rden, \u00e4ta med dina v\u00e4nner p\u00e5 terrassen eller njuta av en kaffepaus med din familj under bar himmel, men \u00e4r r\u00e4dd f\u00f6r starkt solljus? Allt du beh\u00f6ver \u00e4r ett parasoll! V\u00e5rt parasoll \u00e4r tillverkat av 240 g\/m\u00b2 polyestertyg och erbjuder utm\u00e4rkt UV-skydd upp till UPF 50+. S\u00e5 du beh\u00f6ver inte oroa dig f\u00f6r att det starka ljuset ska skada dina \u00f6gon och g\u00f6ra din hud r\u00f6d. F\u00f6ljer solen: Du kanske gillar att tillbringa hela s\u00f6ndagen p\u00e5 balkongen med en bra bok f\u00f6r att koppla av och fly fr\u00e5n vardagens stress. Du beh\u00f6ver inte flytta parasollen hela tiden f\u00f6r att h\u00e5lla dig i skuggan! Trampa p\u00e5 pedalen och vrid parasollst\u00e5ngen s\u00e5 att parasollen pekar i en annan riktning. Justera parasollets lutningsvinkel med hj\u00e4lp av handtaget p\u00e5 sidan n\u00e4r solen flyttar sig. Produktdetaljer:F\u00e4rg: BeigeMaterial: Paraplymast av aluminium, paraplyribbor av metall, 240 g\/m\u00b2 polyestertyg\u00d8 Paraply: 3 mH\u00f6jd: 2,5 mVikt: 18,5 kgLeveransomfattning:1 x takparaply1 x stativ1 x bruksanvisningSONGMICS Anm\u00e4rkningar:\u00d6ppna inte parasollen med v\u00e5ld, utan f\u00f6rsiktigt och l\u00e5ngsamt.St\u00e4ng parasollen p\u00e5 bl\u00e5siga dagar f\u00f6r att undvika skador. Placera tunga f\u00f6rem\u00e5l (ing\u00e5r ej i leveransen) p\u00e5 foten f\u00f6r att s\u00e4kerst\u00e4lla produktens stabilitet.<\/p>\n","protected":false},"excerpt":{"rendered":"<p>SONGMICS takparasoll, solskydd, 360\u00b0 vridbart, terrassparasoll \u00d8 300 cm, UV-skydd upp till UPF 50+, justerbar lutningsvinkel, tr\u00e4dg\u00e5rdsparasoll, med vev och stativ, gr\u00e5 GPU35GY<\/p>\n","protected":false},"featured_media":40252,"comment_status":"open","ping_status":"closed","template":"","meta":[],"product_brand":[],"product_cat":[33],"product_tag":[],"class_list":{"0":"post-11917","1":"product","2":"type-product","3":"status-publish","4":"has-post-thumbnail","6":"product_cat-okategoriserad","8":"first","9":"instock","10":"shipping-taxable","11":"purchasable","12":"product-type-simple"},"_links":{"self":[{"href":"https:\/\/nordicmart.andreevmaster.com\/sv\/wp-json\/wp\/v2\/product\/11917","targetHints":{"allow":["GET"]}}],"collection":[{"href":"https:\/\/nordicmart.andreevmaster.com\/sv\/wp-json\/wp\/v2\/product"}],"about":[{"href":"https:\/\/nordicmart.andreevmaster.com\/sv\/wp-json\/wp\/v2\/types\/product"}],"replies":[{"embeddable":true,"href":"https:\/\/nordicmart.andreevmaster.com\/sv\/wp-json\/wp\/v2\/comments?post=11917"}],"wp:featuredmedia":[{"embeddable":true,"href":"https:\/\/nordicmart.andreevmaster.com\/sv\/wp-json\/wp\/v2\/media\/40252"}],"wp:attachment":[{"href":"https:\/\/nordicmart.andreevmaster.com\/sv\/wp-json\/wp\/v2\/media?parent=11917"}],"wp:term":[{"taxonomy":"product_brand","embeddable":true,"href":"https:\/\/nordicmart.andreevmaster.com\/sv\/wp-json\/wp\/v2\/product_brand?post=11917"},{"taxonomy":"product_cat","embeddable":true,"href":"https:\/\/nordicmart.andreevmaster.com\/sv\/wp-json\/wp\/v2\/product_cat?post=11917"},{"taxonomy":"product_tag","embeddable":true,"href":"https:\/\/nordicmart.andreevmaster.com\/sv\/wp-json\/wp\/v2\/product_tag?post=11917"}],"curies":[{"name":"wp","href":"https:\/\/api.w.org\/{rel}","templated":true}]}}