{"id":11915,"date":"2026-02-27T00:12:11","date_gmt":"2026-02-27T00:12:11","guid":{"rendered":"https:\/\/nordicmart.andreevmaster.com\/product\/songmics-paraplyskarm-taupe\/"},"modified":"2026-02-27T08:06:48","modified_gmt":"2026-02-27T08:06:48","slug":"songmics-paraplyskarm-taupe","status":"publish","type":"product","link":"https:\/\/nordicmart.andreevmaster.com\/sv\/produkt\/songmics-paraplyskarm-taupe\/","title":{"rendered":"SONGMICS Paraplysk\u00e4rm Taupe"},"content":{"rendered":"<p>Varm sol, bl\u00e5 himmel, frisk luft, vacker natur&#8230; Vad v\u00e4ntar du p\u00e5? Dags att koppla av utomhus! R\u00e4dsla f\u00f6r starka solstr\u00e5lar? Oroa dig inte. \u00d6ppna bara denna parasoll fr\u00e5n SONGMICS med en diameter p\u00e5 3 m och njut av det vackra v\u00e4dret i skuggan! F\u00f6r en of\u00f6rgl\u00f6mlig sommar   Oavsett om du vill ta en tupplur i tr\u00e4dg\u00e5rden, \u00e4ta med v\u00e4nner p\u00e5 terrassen eller njuta av en kaffepaus med familjen under bar himmel, g\u00f6r denna parasoll alla dina planer till verklighet. Tillverkad av 180 g\/m\u00b2 polyestertyg, erbjuder den utm\u00e4rkt UV-skydd upp till UPF 50+. S\u00e5 du beh\u00f6ver inte oroa dig f\u00f6r att starkt solljus ska skada dina \u00f6gon och g\u00f6ra din hud r\u00f6d. F\u00f6ljer solen   Du kan g\u00e4rna tillbringa hela s\u00f6ndagen p\u00e5 balkongen med att l\u00e4sa en bra bok, s\u00e5 att du kan koppla av och fly fr\u00e5n vardagens stress. Du beh\u00f6ver inte alltid flytta ditt parasoll f\u00f6r att h\u00e5lla dig i skuggan! Justera bara parasollets lutningsvinkel n\u00e4r solen flyttar sig. Produktdetaljer: &#8211; F\u00e4rg: Taupe &#8211; Material: Parasollst\u00e5ng av pulverlackerat st\u00e5l, 180 g\/m\u00b2 polyestertyg &#8211; \u00d8 Parasoll: 3 m &#8211; Storlek stativ: 100 x 100 cm &#8211; H\u00f6jd: 2,5 m &#8211; Vikt: 14 kg Leveransomfattning:- 1 x paraply &#8211; 1 x stativ &#8211; 1 x bruksanvisning (DE, EN, FR, ES, IT) SONGMICS Anvisningar: &#8211; \u00d6ppna inte parasollen med v\u00e5ld, utan f\u00f6rsiktigt och l\u00e5ngsamt. &#8211; St\u00e4ng parasollen p\u00e5 bl\u00e5siga dagar f\u00f6r att undvika skador.- Skydda paraplyet med ett \u00f6verdrag (ing\u00e5r ej i leveransen) f\u00f6r att s\u00e4kerst\u00e4lla en l\u00e4ngre livsl\u00e4ngd. &#8211; Placera tunga f\u00f6rem\u00e5l med en vikt p\u00e5 minst 60 kg (ing\u00e5r ej i leveransen) p\u00e5 foten f\u00f6r att s\u00e4kerst\u00e4lla produktens stabilitet.<\/p>\n","protected":false},"excerpt":{"rendered":"<p>SONGMICS Paraply med stativ, parasoll med stativ, tr\u00e4dg\u00e5rdsparasoll \u00d8 3 m, solskydd, med vev f\u00f6r \u00f6ppning och st\u00e4ngning, justerbar lutningsvinkel, UV-skydd upp till UPF 50+, r\u00f6d GPU34RD<\/p>\n","protected":false},"featured_media":40250,"comment_status":"open","ping_status":"closed","template":"","meta":[],"product_brand":[],"product_cat":[33],"product_tag":[],"class_list":{"0":"post-11915","1":"product","2":"type-product","3":"status-publish","4":"has-post-thumbnail","6":"product_cat-okategoriserad","8":"first","9":"instock","10":"shipping-taxable","11":"purchasable","12":"product-type-simple"},"_links":{"self":[{"href":"https:\/\/nordicmart.andreevmaster.com\/sv\/wp-json\/wp\/v2\/product\/11915","targetHints":{"allow":["GET"]}}],"collection":[{"href":"https:\/\/nordicmart.andreevmaster.com\/sv\/wp-json\/wp\/v2\/product"}],"about":[{"href":"https:\/\/nordicmart.andreevmaster.com\/sv\/wp-json\/wp\/v2\/types\/product"}],"replies":[{"embeddable":true,"href":"https:\/\/nordicmart.andreevmaster.com\/sv\/wp-json\/wp\/v2\/comments?post=11915"}],"wp:featuredmedia":[{"embeddable":true,"href":"https:\/\/nordicmart.andreevmaster.com\/sv\/wp-json\/wp\/v2\/media\/40250"}],"wp:attachment":[{"href":"https:\/\/nordicmart.andreevmaster.com\/sv\/wp-json\/wp\/v2\/media?parent=11915"}],"wp:term":[{"taxonomy":"product_brand","embeddable":true,"href":"https:\/\/nordicmart.andreevmaster.com\/sv\/wp-json\/wp\/v2\/product_brand?post=11915"},{"taxonomy":"product_cat","embeddable":true,"href":"https:\/\/nordicmart.andreevmaster.com\/sv\/wp-json\/wp\/v2\/product_cat?post=11915"},{"taxonomy":"product_tag","embeddable":true,"href":"https:\/\/nordicmart.andreevmaster.com\/sv\/wp-json\/wp\/v2\/product_tag?post=11915"}],"curies":[{"name":"wp","href":"https:\/\/api.w.org\/{rel}","templated":true}]}}