{"id":11908,"date":"2026-02-27T00:12:09","date_gmt":"2026-02-27T00:12:09","guid":{"rendered":"https:\/\/nordicmart.andreevmaster.com\/product\/songmics-halvrund-parasoll-o-270-cm-taupe\/"},"modified":"2026-02-27T08:06:47","modified_gmt":"2026-02-27T08:06:47","slug":"songmics-halvrund-parasoll-o-270-cm-taupe","status":"publish","type":"product","link":"https:\/\/nordicmart.andreevmaster.com\/sv\/produkt\/songmics-halvrund-parasoll-o-270-cm-taupe\/","title":{"rendered":"SONGMICS Halvrund parasoll \u00d8 270 cm taupe"},"content":{"rendered":"<p>Varm sol, bl\u00e5 himmel, frisk luft, vacker natur&#8230; Vad v\u00e4ntar du p\u00e5? Dags att koppla av utomhus! R\u00e4dsla f\u00f6r starka solstr\u00e5lar? Ingen fara. \u00d6ppna bara detta parasoll fr\u00e5n SONGMICS och njut av det vackra v\u00e4dret i skuggan! Speciellt utvecklat f\u00f6r balkongen: Detta parasoll med en diameter p\u00e5 2,7 m kan placeras mot en v\u00e4gg tack vare sin halvrunda form. P\u00e5 s\u00e5 s\u00e4tt ger det mer skugga \u00e4n klassiska runda parasoll. Du kan ocks\u00e5 placera det framf\u00f6r ett f\u00f6nster f\u00f6r att f\u00f6rhindra att f\u00f6r starka solstr\u00e5lar tr\u00e4nger in i huset.\u00c4ven vid stark sol: Vill du st\u00e4lla in en lunch med v\u00e4nner p\u00e5 din terrass bara f\u00f6r att solen \u00e4r f\u00f6r stark? Skaffa denna parasoll av 180 g\/m\u00b2 polyestertyg, som erbjuder utm\u00e4rkt UV-skydd upp till UPF 50+. Skydda dina \u00f6gon fr\u00e5n starkt solljus och din hud fr\u00e5n ot\u00e4cka solbr\u00e4nnor. Parasollduken \u00e4r dessutom f\u00e4rgbest\u00e4ndig! Produktdetaljer: F\u00e4rg: Taupe Material: Pulverlackerat st\u00e5l, 180 g\/m\u00b2 polyestertyg H\u00f6jd: 2,4 m \u00d8 Parasoll: 2,7 m \u00d8 Parasollst\u00e5ng: 38 mm Vikt: 5,1 kg Leveransomfattning: 1 x parasoll 1 x bruksanvisning SONGICs anm\u00e4rkningar:Parasollfot ing\u00e5r inte. St\u00e4ng parasollen p\u00e5 natten och vid bl\u00e5sigt v\u00e4der. Det rekommenderas inte att anv\u00e4nda parasollen vid regnigt v\u00e4der.<\/p>\n","protected":false},"excerpt":{"rendered":"<p>SONGMICS parasoll, \u00d8 270 cm, halvrund, marknadsparasoll, UV-skydd upp till UPF 50+, tr\u00e4dg\u00e5rdsparasoll, terrassparasoll, balkongparasoll, utan stativ, f\u00f6r tr\u00e4dg\u00e5rd, balkong och terrass, taupe GPU31BR<\/p>\n","protected":false},"featured_media":40243,"comment_status":"open","ping_status":"closed","template":"","meta":[],"product_brand":[],"product_cat":[33],"product_tag":[],"class_list":{"0":"post-11908","1":"product","2":"type-product","3":"status-publish","4":"has-post-thumbnail","6":"product_cat-okategoriserad","8":"first","9":"instock","10":"shipping-taxable","11":"purchasable","12":"product-type-simple"},"_links":{"self":[{"href":"https:\/\/nordicmart.andreevmaster.com\/sv\/wp-json\/wp\/v2\/product\/11908","targetHints":{"allow":["GET"]}}],"collection":[{"href":"https:\/\/nordicmart.andreevmaster.com\/sv\/wp-json\/wp\/v2\/product"}],"about":[{"href":"https:\/\/nordicmart.andreevmaster.com\/sv\/wp-json\/wp\/v2\/types\/product"}],"replies":[{"embeddable":true,"href":"https:\/\/nordicmart.andreevmaster.com\/sv\/wp-json\/wp\/v2\/comments?post=11908"}],"wp:featuredmedia":[{"embeddable":true,"href":"https:\/\/nordicmart.andreevmaster.com\/sv\/wp-json\/wp\/v2\/media\/40243"}],"wp:attachment":[{"href":"https:\/\/nordicmart.andreevmaster.com\/sv\/wp-json\/wp\/v2\/media?parent=11908"}],"wp:term":[{"taxonomy":"product_brand","embeddable":true,"href":"https:\/\/nordicmart.andreevmaster.com\/sv\/wp-json\/wp\/v2\/product_brand?post=11908"},{"taxonomy":"product_cat","embeddable":true,"href":"https:\/\/nordicmart.andreevmaster.com\/sv\/wp-json\/wp\/v2\/product_cat?post=11908"},{"taxonomy":"product_tag","embeddable":true,"href":"https:\/\/nordicmart.andreevmaster.com\/sv\/wp-json\/wp\/v2\/product_tag?post=11908"}],"curies":[{"name":"wp","href":"https:\/\/api.w.org\/{rel}","templated":true}]}}