{"id":11901,"date":"2026-02-27T00:12:08","date_gmt":"2026-02-27T00:12:08","guid":{"rendered":"https:\/\/nordicmart.andreevmaster.com\/product\/290-cm-tradgardsparasoll-upf-50-solskydd-30-lutning-i-2-riktningar-handvev-for-oppning-och-stangning-for-utomhustradgardar-pool-balkong-terrass-fot-ingar-ej-taupe-gpu30brv1\/"},"modified":"2026-02-27T08:06:45","modified_gmt":"2026-02-27T08:06:45","slug":"290-cm-tradgardsparasoll-upf-50-solskydd-30-lutning-i-2-riktningar-handvev-for-oppning-och-stangning-for-utomhustradgardar-pool-balkong-terrass-fot-ingar-ej-taupe-gpu30brv1","status":"publish","type":"product","link":"https:\/\/nordicmart.andreevmaster.com\/sv\/produkt\/290-cm-tradgardsparasoll-upf-50-solskydd-30-lutning-i-2-riktningar-handvev-for-oppning-och-stangning-for-utomhustradgardar-pool-balkong-terrass-fot-ingar-ej-taupe-gpu30brv1\/","title":{"rendered":"290 cm tr\u00e4dg\u00e5rdsparasoll, UPF 50+, solskydd, 30\u00b0 lutning i 2 riktningar, handvev f\u00f6r \u00f6ppning och st\u00e4ngning, f\u00f6r utomhustr\u00e4dg\u00e5rdar, pool, balkong, terrass, fot ing\u00e5r ej, Taupe GPU30BRV1"},"content":{"rendered":"<p>[L\u00e4tt att \u00f6ppna och st\u00e4nga] Du beh\u00f6ver bara vrida p\u00e5 handtaget f\u00f6r att \u00f6ppna och st\u00e4nga denna parasollparaply. Snabbt och enkelt!<\/p>\n<p>[Dubbeltsidig lutning] Parasollets baldakin kan lutas 30\u00b0 i tv\u00e5 motsatta riktningar \u2013 du beh\u00f6ver bara trycka p\u00e5 knappen p\u00e5 leddet f\u00f6r att luta den. Zinklegeringsleddet \u00e4r starkare och s\u00e4krare \u00e4n vanliga aluminiumlegeringar.[Skydda dig mot sol och regn] Parasollets 180 g\/m\u00b2 polyestertyg med UPF 50+ solskydd blockerar mer \u00e4n 98 % av UV-str\u00e5larna. Den \u00e4r ocks\u00e5 vattenavvisande f\u00f6r att skydda dig mot regn. [Robusta och h\u00e5llbara ribbor] Ribborna p\u00e5 denna tr\u00e4dg\u00e5rdsparasoll \u00e4r starka och h\u00e5llbara, eftersom de \u00e4r tillverkade av pulverlackerat kvalitetsst\u00e5l som \u00e4r rostbest\u00e4ndigt och har l\u00e5ng livsl\u00e4ngd.[L\u00e4mplig f\u00f6r olika platser] Denna tr\u00e4dg\u00e5rdsparasoll med en diameter p\u00e5 290 cm kan ge skugga \u00e5t 4-6 personer i tr\u00e4dg\u00e5rden, p\u00e5 terrassen, vid poolen, p\u00e5 altanen eller andra platser. Njut av det vackra v\u00e4dret i skuggan! Utes\u00e4songen har b\u00f6rjat och det \u00e4r dags att g\u00f6ra tr\u00e4dg\u00e5rden, terrassen eller stranden os\u00e4ker! Men var f\u00f6rsiktig! Gl\u00f6m inte tillr\u00e4ckligt med solskydd! N\u00e4r du \u00e4ntligen \u00e5terf\u00e5r ditt uterum efter l\u00e5nga, kalla vinterdagar och bjuder in dina v\u00e4nner till en grillkv\u00e4ll \u00e4r det det perfekta tillf\u00e4llet att anv\u00e4nda din nya parasoll fr\u00e5n SONGMICS! Ett m\u00e5ste f\u00f6r sommaren Denna parasoll kan f\u00e4llas \u00e5t v\u00e4nster och h\u00f6ger. Det g\u00f6r att du kan anpassa den efter tid p\u00e5 dagen och ljusets vinkel. Parasollen har en diameter p\u00e5 3 meter och en h\u00f6jd p\u00e5 2,4 meter. Det finns d\u00e4rf\u00f6r plats f\u00f6r 4 till 6 personer under parasollen. Parasollst\u00e5ngen \u00e4r ocks\u00e5 tillverkad av rostfritt st\u00e5l. Robust och slitstarkt skyddsmaterial Anti-UV-skyddsmaterialet (UPF 50+) \u00e4r tillverkat av 100 % polyester, \u00e4r vattenavvisande och f\u00e4rg\u00e4kta. Det har ocks\u00e5 en rad ventilations\u00f6ppningar. Det g\u00f6r att tr\u00e4dg\u00e5rdsparasollen b\u00e4ttre kan motst\u00e5 vinden. Skydds\u00f6verdraget \u00e4r ocks\u00e5 avtagbart och kan tv\u00e4ttas f\u00f6r hand. Produktdetaljer: &#8211; F\u00e4rg: Taupe &#8211; Material: Pulverlackerat st\u00e5l, 180 g\/m\u00b2 polyester- H\u00f6jd: 2,4 m- \u00d8 parasoll: 3 m- \u00d8 parasollst\u00e5ng: 36\/38 mm, vikt: 1 mm- Vikt: 6,2 kgLeveransomfattning:- 1 x parasollSONGMICS Anm\u00e4rkningar:- Parasollfot medf\u00f6ljer inte.- St\u00e4ng parasollen p\u00e5 natten och vid stark vind. &#8211; Det rekommenderas inte att anv\u00e4nda denna parasoll i regnv\u00e4der.<\/p>\n","protected":false},"excerpt":{"rendered":"<p>[L\u00e4tt att \u00f6ppna och st\u00e4nga] Du beh\u00f6ver bara vrida p\u00e5 handtaget f\u00f6r att \u00f6ppna och st\u00e4nga denna parasollparaply. Snabbt och enkelt! [Dubbeltsidig lutning] Parasollets baldakin kan lutas 30\u00b0 i tv\u00e5 motsatta riktningar \u2013 du beh\u00f6ver bara trycka p\u00e5 knappen p\u00e5 leddet f\u00f6r att luta den. Zinklegeringsleddet \u00e4r starkare och s\u00e4krare \u00e4n vanliga aluminiumlegeringar.[Skydda dig mot [&hellip;]<\/p>\n","protected":false},"featured_media":0,"comment_status":"open","ping_status":"closed","template":"","meta":[],"product_brand":[],"product_cat":[33],"product_tag":[],"class_list":{"0":"post-11901","1":"product","2":"type-product","3":"status-publish","5":"product_cat-okategoriserad","7":"first","8":"instock","9":"shipping-taxable","10":"product-type-simple"},"_links":{"self":[{"href":"https:\/\/nordicmart.andreevmaster.com\/sv\/wp-json\/wp\/v2\/product\/11901","targetHints":{"allow":["GET"]}}],"collection":[{"href":"https:\/\/nordicmart.andreevmaster.com\/sv\/wp-json\/wp\/v2\/product"}],"about":[{"href":"https:\/\/nordicmart.andreevmaster.com\/sv\/wp-json\/wp\/v2\/types\/product"}],"replies":[{"embeddable":true,"href":"https:\/\/nordicmart.andreevmaster.com\/sv\/wp-json\/wp\/v2\/comments?post=11901"}],"wp:attachment":[{"href":"https:\/\/nordicmart.andreevmaster.com\/sv\/wp-json\/wp\/v2\/media?parent=11901"}],"wp:term":[{"taxonomy":"product_brand","embeddable":true,"href":"https:\/\/nordicmart.andreevmaster.com\/sv\/wp-json\/wp\/v2\/product_brand?post=11901"},{"taxonomy":"product_cat","embeddable":true,"href":"https:\/\/nordicmart.andreevmaster.com\/sv\/wp-json\/wp\/v2\/product_cat?post=11901"},{"taxonomy":"product_tag","embeddable":true,"href":"https:\/\/nordicmart.andreevmaster.com\/sv\/wp-json\/wp\/v2\/product_tag?post=11901"}],"curies":[{"name":"wp","href":"https:\/\/api.w.org\/{rel}","templated":true}]}}