{"id":11895,"date":"2026-02-27T00:12:07","date_gmt":"2026-02-27T00:12:07","guid":{"rendered":"https:\/\/nordicmart.andreevmaster.com\/product\/songmics-parasoll-o-270-cm-beige\/"},"modified":"2026-02-27T08:06:44","modified_gmt":"2026-02-27T08:06:44","slug":"songmics-parasoll-o-270-cm-beige","status":"publish","type":"product","link":"https:\/\/nordicmart.andreevmaster.com\/sv\/produkt\/songmics-parasoll-o-270-cm-beige\/","title":{"rendered":"SONGMICS parasoll \u00d8 270 cm beige"},"content":{"rendered":"<p>Njut av det vackra v\u00e4dret i skuggan!   Utomhuss\u00e4songen har b\u00f6rjat och det \u00e4r dags att ta \u00f6ver tr\u00e4dg\u00e5rden, terrassen eller stranden! Men var f\u00f6rsiktig! T\u00e4nk p\u00e5 att anv\u00e4nda ett adekvat solskydd! N\u00e4r du \u00e4ntligen \u00e5tertar ditt utomhusomr\u00e5de efter l\u00e5nga, kalla vinterdagar och bjuder in dina v\u00e4nner p\u00e5 grillfest, \u00e4r det perfekta tillf\u00e4llet att anv\u00e4nda din nya parasoll fr\u00e5n SONGMICS! Ett m\u00e5ste f\u00f6r sommaren   Denna parasoll kan vikas \u00e5t v\u00e4nster och h\u00f6ger. S\u00e5 kan du anpassa den efter tid p\u00e5 dagen och ljusets infallsvinkel. Parasollets diameter \u00e4r 270 cm och h\u00f6jden 240 cm. Det finns allts\u00e5 plats f\u00f6r 4 till 6 personer under solskyddet. Parasollets mast \u00e4r tillverkad av rostfritt st\u00e5l. Robust och h\u00e5llbar skyddsduk   Den UV-skyddande duken (UPF 50+) best\u00e5r av 100 % polyester, \u00e4r vattenavvisande och f\u00e4rgbest\u00e4ndig. Dessutom har den n\u00e5gra ventilations\u00f6ppningar. Detta g\u00f6r att parasollen b\u00e4ttre t\u00e5l vind. Skyddsduken \u00e4r dessutom avtagbar och kan tv\u00e4ttas f\u00f6r hand. Produktdetaljer:- F\u00e4rg: Beige &#8211; Material: Paraplyst\u00e5ng och paraplyribbor av metall, 180 g\/\u33a1 polyestertyg &#8211; H\u00f6jd: 240 cm &#8211; \u00d8 Paraply: 270 cm &#8211; \u00d8 Paraplyst\u00e5ng: 38 mm &#8211; Vikt: 6 kg Leveransomfattning: &#8211; 1 x parasoll &#8211; 1 x bruksanvisning (DE, EN, FR, ES, IT) SONGMICS Anm\u00e4rkningar:- Parasollfot ing\u00e5r inte i leveransen. &#8211; St\u00e4ng parasollen p\u00e5 natten och vid stark vind. &#8211; Det rekommenderas inte att anv\u00e4nda parasollen vid regnigt v\u00e4der.<\/p>\n","protected":false},"excerpt":{"rendered":"<p>SONGMICS parasoll, \u00d8 270 cm, tr\u00e4dg\u00e5rdsparasoll, marknadsparasoll, UV-skydd upp till UPF 50+, terrassparasoll, solskydd, vikbart, med vev, utan stativ, tr\u00e4dg\u00e5rd, balkong, terrass, beige GPU27BE<\/p>\n","protected":false},"featured_media":40232,"comment_status":"open","ping_status":"closed","template":"","meta":[],"product_brand":[],"product_cat":[33],"product_tag":[],"class_list":{"0":"post-11895","1":"product","2":"type-product","3":"status-publish","4":"has-post-thumbnail","6":"product_cat-okategoriserad","8":"first","9":"instock","10":"shipping-taxable","11":"purchasable","12":"product-type-simple"},"_links":{"self":[{"href":"https:\/\/nordicmart.andreevmaster.com\/sv\/wp-json\/wp\/v2\/product\/11895","targetHints":{"allow":["GET"]}}],"collection":[{"href":"https:\/\/nordicmart.andreevmaster.com\/sv\/wp-json\/wp\/v2\/product"}],"about":[{"href":"https:\/\/nordicmart.andreevmaster.com\/sv\/wp-json\/wp\/v2\/types\/product"}],"replies":[{"embeddable":true,"href":"https:\/\/nordicmart.andreevmaster.com\/sv\/wp-json\/wp\/v2\/comments?post=11895"}],"wp:featuredmedia":[{"embeddable":true,"href":"https:\/\/nordicmart.andreevmaster.com\/sv\/wp-json\/wp\/v2\/media\/40232"}],"wp:attachment":[{"href":"https:\/\/nordicmart.andreevmaster.com\/sv\/wp-json\/wp\/v2\/media?parent=11895"}],"wp:term":[{"taxonomy":"product_brand","embeddable":true,"href":"https:\/\/nordicmart.andreevmaster.com\/sv\/wp-json\/wp\/v2\/product_brand?post=11895"},{"taxonomy":"product_cat","embeddable":true,"href":"https:\/\/nordicmart.andreevmaster.com\/sv\/wp-json\/wp\/v2\/product_cat?post=11895"},{"taxonomy":"product_tag","embeddable":true,"href":"https:\/\/nordicmart.andreevmaster.com\/sv\/wp-json\/wp\/v2\/product_tag?post=11895"}],"curies":[{"name":"wp","href":"https:\/\/api.w.org\/{rel}","templated":true}]}}