{"id":11893,"date":"2026-02-27T00:12:06","date_gmt":"2026-02-27T00:12:06","guid":{"rendered":"https:\/\/nordicmart.andreevmaster.com\/product\/songmics-parasoll-solskydd-gra\/"},"modified":"2026-02-27T08:06:44","modified_gmt":"2026-02-27T08:06:44","slug":"songmics-parasoll-solskydd-gra","status":"publish","type":"product","link":"https:\/\/nordicmart.andreevmaster.com\/sv\/produkt\/songmics-parasoll-solskydd-gra\/","title":{"rendered":"SONGMICS parasoll solskydd gr\u00e5"},"content":{"rendered":"<p>Varm sol, bl\u00e5 himmel, frisk luft, vacker natur&#8230; Vad v\u00e4ntar du p\u00e5? Dags att koppla av i tr\u00e4dg\u00e5rden! R\u00e4dsla f\u00f6r starka solstr\u00e5lar? Oroa dig inte. \u00d6ppna bara denna parasoll fr\u00e5n SONGMICS och njut av det vackra v\u00e4dret i skuggan! H\u00f6jdpunkterna med denna parasoll:Under denna parasoll med en diameter p\u00e5 2,7 m finns plats f\u00f6r 4 till 6 personer. Ger utm\u00e4rkt UV-skydd. Tack vare vikfunktionen kan du luta parasollen s\u00e5 att den alltid ger skugga p\u00e5 r\u00e4tt st\u00e4lle. Parasollst\u00e5ngen \u00e4r tillverkad av stabilt boktr\u00e4. De 8 parasollribborna \u00e4r tillverkade av h\u00f6gkvalitativt och robust h\u00e5rt tr\u00e4. Solduken av 180 g\/m\u00b2 polyesterv\u00e4v lovar l\u00e5ng livsl\u00e4ngd. Paraplyet kan enkelt \u00f6ppnas och st\u00e4ngas med hj\u00e4lp av den praktiska repan. Paraplyst\u00e5ngen best\u00e5r av 2 st\u00e4nger som enkelt kan skruvas ihop. Tr\u00e4strukturen ger din tr\u00e4dg\u00e5rd en varm k\u00e4nsla. Produktdetaljer:F\u00e4rg: Gr\u00e5 Material: Paraplymast av boktr\u00e4, paraplyribbor av h\u00e5rt tr\u00e4, 180 g\/m\u00b2 polyestertyg \u00d8 Paraply: 2,7 m Vikt: 8 kg Leveransomfattning: 1 x parasoll 1 x instruktioner SONGICs anvisningar: Parasollfot ing\u00e5r inte. \u00d6ppna inte parasollet med v\u00e5ld, utan f\u00f6rsiktigt och l\u00e5ngsamt.St\u00e4ng parasollen p\u00e5 bl\u00e5siga dagar f\u00f6r att undvika skador. Skydda produkten med ett \u00f6verdrag (ing\u00e5r ej i leveransen) f\u00f6r att s\u00e4kerst\u00e4lla en l\u00e4ngre livsl\u00e4ngd. Var f\u00f6rsiktig n\u00e4r du anv\u00e4nder parasollets vikmekanism s\u00e5 att du inte kl\u00e4mmer fingrarna.<\/p>\n","protected":false},"excerpt":{"rendered":"<p>SONGMICS parasoll 300 cm, \u00e5ttkantigt tr\u00e4dg\u00e5rdsparasoll, solskydd upp till UPF 50+, parasollst\u00e5ng och parasollribbor av tr\u00e4, b\u00f6jbart, utan stativ, utomhus, balkong, terrass, gr\u00e5 GPU32GY<\/p>\n","protected":false},"featured_media":40230,"comment_status":"open","ping_status":"closed","template":"","meta":[],"product_brand":[],"product_cat":[33],"product_tag":[],"class_list":{"0":"post-11893","1":"product","2":"type-product","3":"status-publish","4":"has-post-thumbnail","6":"product_cat-okategoriserad","8":"first","9":"instock","10":"shipping-taxable","11":"purchasable","12":"product-type-simple"},"_links":{"self":[{"href":"https:\/\/nordicmart.andreevmaster.com\/sv\/wp-json\/wp\/v2\/product\/11893","targetHints":{"allow":["GET"]}}],"collection":[{"href":"https:\/\/nordicmart.andreevmaster.com\/sv\/wp-json\/wp\/v2\/product"}],"about":[{"href":"https:\/\/nordicmart.andreevmaster.com\/sv\/wp-json\/wp\/v2\/types\/product"}],"replies":[{"embeddable":true,"href":"https:\/\/nordicmart.andreevmaster.com\/sv\/wp-json\/wp\/v2\/comments?post=11893"}],"wp:featuredmedia":[{"embeddable":true,"href":"https:\/\/nordicmart.andreevmaster.com\/sv\/wp-json\/wp\/v2\/media\/40230"}],"wp:attachment":[{"href":"https:\/\/nordicmart.andreevmaster.com\/sv\/wp-json\/wp\/v2\/media?parent=11893"}],"wp:term":[{"taxonomy":"product_brand","embeddable":true,"href":"https:\/\/nordicmart.andreevmaster.com\/sv\/wp-json\/wp\/v2\/product_brand?post=11893"},{"taxonomy":"product_cat","embeddable":true,"href":"https:\/\/nordicmart.andreevmaster.com\/sv\/wp-json\/wp\/v2\/product_cat?post=11893"},{"taxonomy":"product_tag","embeddable":true,"href":"https:\/\/nordicmart.andreevmaster.com\/sv\/wp-json\/wp\/v2\/product_tag?post=11893"}],"curies":[{"name":"wp","href":"https:\/\/api.w.org\/{rel}","templated":true}]}}