{"id":11890,"date":"2026-02-27T00:12:06","date_gmt":"2026-02-27T00:12:06","guid":{"rendered":"https:\/\/nordicmart.andreevmaster.com\/product\/songmics-parasoll-for-balkongen\/"},"modified":"2026-02-27T08:06:44","modified_gmt":"2026-02-27T08:06:44","slug":"songmics-parasoll-for-balkongen","status":"publish","type":"product","link":"https:\/\/nordicmart.andreevmaster.com\/sv\/produkt\/songmics-parasoll-for-balkongen\/","title":{"rendered":"SONGMICS parasoll f\u00f6r balkongen"},"content":{"rendered":"<p>Varm sol, bl\u00e5 himmel, frisk luft, vacker natur&#8230; Vad v\u00e4ntar du p\u00e5? Dags att koppla av p\u00e5 balkongen! R\u00e4dsla f\u00f6r starka solstr\u00e5lar? Oroa dig inte. \u00d6ppna bara denna parasoll fr\u00e5n SONGMICS och njut av det vackra v\u00e4dret i skuggan! H\u00f6jdpunkterna med denna parasoll: &#8211; Denna rektangul\u00e4ra parasoll med m\u00e5tten 200 x 125 cm passar perfekt p\u00e5 balkongen &#8211; Ger utm\u00e4rkt UV-skydd upp till UPF 50+ &#8211; B\u00f6jfunktionen g\u00f6r att du kan luta parasollen s\u00e5 att den alltid ger skugga p\u00e5 r\u00e4tt st\u00e4lle &#8211; Paraplyst\u00e5ngen \u00e4r tillverkad av stabilt boktr\u00e4 &#8211; De 6 paraplyribborna \u00e4r tillverkade av h\u00f6gkvalitativt och robust h\u00e5rt tr\u00e4 &#8211; Solduken av 180 g\/m\u00b2 polyestertyg lovar l\u00e5ng livsl\u00e4ngd &#8211; Paraplyet kan enkelt \u00f6ppnas och st\u00e4ngas med den praktiska sn\u00f6ret &#8211; Paraplyst\u00e5ngen best\u00e5r av 2 st\u00e4nger som enkelt kan skruvas ihop &#8211; Tr\u00e4strukturen ger din tr\u00e4dg\u00e5rd en varm k\u00e4nsla Produktdetaljer:- F\u00e4rg: Beige- Material: Paraplyst\u00e5ng av boktr\u00e4, paraplyribbor av h\u00e5rt tr\u00e4, 180 g\/m\u00b2 polyestertyg- H\u00f6jd: 2,35 m &#8211; Storlek p\u00e5 parasollduken: 200 x 125 cm &#8211; \u00d8 parasollst\u00e5ng: 38 mm &#8211; Vikt: 6 kg Leveransomfattning: &#8211; 1 x parasoll &#8211; 1 x bruksanvisning (DE, EN, FR, ES, IT) SONGMICS Anm\u00e4rkningar:- Parasollfot ing\u00e5r inte i leveransen. &#8211; \u00d6ppna inte parasollen med v\u00e5ld, utan f\u00f6rsiktigt och l\u00e5ngsamt. &#8211; St\u00e4ng parasollen p\u00e5 bl\u00e5siga dagar f\u00f6r att undvika skador. &#8211; Skydda produkten med ett \u00f6verdrag (ing\u00e5r inte i leveransen) f\u00f6r att s\u00e4kerst\u00e4lla en l\u00e4ngre livsl\u00e4ngd.<\/p>\n","protected":false},"excerpt":{"rendered":"<p>SONGMICS parasoll f\u00f6r balkongen, 200 x 125 cm, rektangul\u00e4rt balkongparasoll, solskydd upp till UPF 50+, parasollst\u00e5ng, parasollribbor av tr\u00e4, b\u00f6jbara, utan stativ, tr\u00e4dg\u00e5rd, utomhus, beige GPU26BE<\/p>\n","protected":false},"featured_media":40227,"comment_status":"open","ping_status":"closed","template":"","meta":[],"product_brand":[],"product_cat":[33],"product_tag":[],"class_list":{"0":"post-11890","1":"product","2":"type-product","3":"status-publish","4":"has-post-thumbnail","6":"product_cat-okategoriserad","8":"first","9":"instock","10":"shipping-taxable","11":"purchasable","12":"product-type-simple"},"_links":{"self":[{"href":"https:\/\/nordicmart.andreevmaster.com\/sv\/wp-json\/wp\/v2\/product\/11890","targetHints":{"allow":["GET"]}}],"collection":[{"href":"https:\/\/nordicmart.andreevmaster.com\/sv\/wp-json\/wp\/v2\/product"}],"about":[{"href":"https:\/\/nordicmart.andreevmaster.com\/sv\/wp-json\/wp\/v2\/types\/product"}],"replies":[{"embeddable":true,"href":"https:\/\/nordicmart.andreevmaster.com\/sv\/wp-json\/wp\/v2\/comments?post=11890"}],"wp:featuredmedia":[{"embeddable":true,"href":"https:\/\/nordicmart.andreevmaster.com\/sv\/wp-json\/wp\/v2\/media\/40227"}],"wp:attachment":[{"href":"https:\/\/nordicmart.andreevmaster.com\/sv\/wp-json\/wp\/v2\/media?parent=11890"}],"wp:term":[{"taxonomy":"product_brand","embeddable":true,"href":"https:\/\/nordicmart.andreevmaster.com\/sv\/wp-json\/wp\/v2\/product_brand?post=11890"},{"taxonomy":"product_cat","embeddable":true,"href":"https:\/\/nordicmart.andreevmaster.com\/sv\/wp-json\/wp\/v2\/product_cat?post=11890"},{"taxonomy":"product_tag","embeddable":true,"href":"https:\/\/nordicmart.andreevmaster.com\/sv\/wp-json\/wp\/v2\/product_tag?post=11890"}],"curies":[{"name":"wp","href":"https:\/\/api.w.org\/{rel}","templated":true}]}}