{"id":11883,"date":"2026-02-27T00:12:04","date_gmt":"2026-02-27T00:12:04","guid":{"rendered":"https:\/\/nordicmart.andreevmaster.com\/product\/songmics-parasoll-200-cm-gra\/"},"modified":"2026-02-27T08:06:42","modified_gmt":"2026-02-27T08:06:42","slug":"songmics-parasoll-200-cm-gra","status":"publish","type":"product","link":"https:\/\/nordicmart.andreevmaster.com\/sv\/produkt\/songmics-parasoll-200-cm-gra\/","title":{"rendered":"SONGMICS parasoll 200 cm gr\u00e5"},"content":{"rendered":"<p>Varm sol, bl\u00e5 himmel, frisk luft, vacker natur&#8230; Vad v\u00e4ntar du p\u00e5? Dags att koppla av p\u00e5 balkongen! R\u00e4dsla f\u00f6r starka solstr\u00e5lar? Oroa dig inte. \u00d6ppna bara denna parasoll fr\u00e5n SONGMICS och njut av det vackra v\u00e4dret i skuggan! H\u00e4r \u00e4r h\u00f6jdpunkterna med denna parasoll: &#8211; Sk\u00e4rmduken av 180 g\/m\u00b2 polyestertyg erbjuder utm\u00e4rkt UV-skydd upp till UPF 50+. &#8211; Den h\u00f6gkvalitativa vikmekanismen av metall garanterar l\u00e5ng livsl\u00e4ngd. &#8211; Den robusta sk\u00e4rmmasten av metall ger god stabilitet och ger din balkong en modern touch. &#8211; De 6 rektangul\u00e4ra sk\u00e4rmribborna ger sk\u00e4rmen ett starkt f\u00e4ste.- Parasollen kan enkelt \u00f6ppnas och st\u00e4ngas med hj\u00e4lp av den praktiska veven. &#8211; Parasollst\u00e5ngen best\u00e5r av tv\u00e5 st\u00e4nger som enkelt kan skruvas ihop. &#8211; Tack vare ventilations\u00f6ppningarna i den \u00f6vre delen kan parasollen st\u00e5 stabilt \u00e4ven vid svag vind. Produktdetaljer:- F\u00e4rg: Gr\u00e5 &#8211; Material: Paraplymast av metall, 180 g\/m\u00b2 polyestertyg &#8211; \u00d8 Paraply: 2 m &#8211; H\u00f6jd: 2,3 m &#8211; Vikt: 3,5 kg Leveransomfattning: &#8211; 1 x parasoll &#8211; 1 x bruksanvisning SONGICs anvisningar:- Parasollfot ing\u00e5r inte i leveransen. &#8211; \u00d6ppna inte parasollen med v\u00e5ld, utan f\u00f6rsiktigt och l\u00e5ngsamt. &#8211; St\u00e4ng parasollen p\u00e5 natten, vid stark vind eller regnigt v\u00e4der f\u00f6r att undvika skador. &#8211; Skydda parasollen med ett \u00f6verdrag (ing\u00e5r ej i leveransen) f\u00f6r att s\u00e4kerst\u00e4lla en l\u00e4ngre livsl\u00e4ngd.<\/p>\n","protected":false},"excerpt":{"rendered":"<p>SONGMICS parasoll, \u00d8 270 cm, tr\u00e4dg\u00e5rdsparasoll, marknadsparasoll, UV-skydd upp till UPF 50+, terrassparasoll, solskydd, vikbart, med vev, utan stativ, tr\u00e4dg\u00e5rd, balkong, terrass, beige GPU27BE<\/p>\n","protected":false},"featured_media":40220,"comment_status":"open","ping_status":"closed","template":"","meta":[],"product_brand":[],"product_cat":[33],"product_tag":[],"class_list":{"0":"post-11883","1":"product","2":"type-product","3":"status-publish","4":"has-post-thumbnail","6":"product_cat-okategoriserad","8":"first","9":"instock","10":"shipping-taxable","11":"purchasable","12":"product-type-simple"},"_links":{"self":[{"href":"https:\/\/nordicmart.andreevmaster.com\/sv\/wp-json\/wp\/v2\/product\/11883","targetHints":{"allow":["GET"]}}],"collection":[{"href":"https:\/\/nordicmart.andreevmaster.com\/sv\/wp-json\/wp\/v2\/product"}],"about":[{"href":"https:\/\/nordicmart.andreevmaster.com\/sv\/wp-json\/wp\/v2\/types\/product"}],"replies":[{"embeddable":true,"href":"https:\/\/nordicmart.andreevmaster.com\/sv\/wp-json\/wp\/v2\/comments?post=11883"}],"wp:featuredmedia":[{"embeddable":true,"href":"https:\/\/nordicmart.andreevmaster.com\/sv\/wp-json\/wp\/v2\/media\/40220"}],"wp:attachment":[{"href":"https:\/\/nordicmart.andreevmaster.com\/sv\/wp-json\/wp\/v2\/media?parent=11883"}],"wp:term":[{"taxonomy":"product_brand","embeddable":true,"href":"https:\/\/nordicmart.andreevmaster.com\/sv\/wp-json\/wp\/v2\/product_brand?post=11883"},{"taxonomy":"product_cat","embeddable":true,"href":"https:\/\/nordicmart.andreevmaster.com\/sv\/wp-json\/wp\/v2\/product_cat?post=11883"},{"taxonomy":"product_tag","embeddable":true,"href":"https:\/\/nordicmart.andreevmaster.com\/sv\/wp-json\/wp\/v2\/product_tag?post=11883"}],"curies":[{"name":"wp","href":"https:\/\/api.w.org\/{rel}","templated":true}]}}