{"id":11878,"date":"2026-02-27T00:12:03","date_gmt":"2026-02-27T00:12:03","guid":{"rendered":"https:\/\/nordicmart.andreevmaster.com\/product\/songmics-parasoll-med-led-solbelysning-och-vev\/"},"modified":"2026-02-27T08:06:41","modified_gmt":"2026-02-27T08:06:41","slug":"songmics-parasoll-med-led-solbelysning-och-vev","status":"publish","type":"product","link":"https:\/\/nordicmart.andreevmaster.com\/sv\/produkt\/songmics-parasoll-med-led-solbelysning-och-vev\/","title":{"rendered":"SONGMICS parasoll med LED-solbelysning och vev"},"content":{"rendered":"<p>SONGMICS parasoll med LED-solbelysning, takparasoll, tr\u00e4dg\u00e5rdsparasoll, 32 LED-lampor, \u00d8 3 m, med stativ, UV-skydd upp till UPF 50+, med vev, f\u00f6r tr\u00e4dg\u00e5rd, terrass<br \/>\nF\u00e4rg: Beige<br \/>\nMaterial: Paraplyst\u00e5ng av pulverlackerad metall, 180 g\/m\u00b2 polyestertyg<br \/>\n\u00d8 paraply: 3 m<br \/>\nH\u00f6jd: 2,45 m<br \/>\nVikt: 14,1 kg<\/p>\n","protected":false},"excerpt":{"rendered":"<p>SONGMICS parasoll med LED-solbelysning, takparasoll, tr\u00e4dg\u00e5rdsparasoll, 32 LED-lampor, \u00d8 3 m, med stativ, UV-skydd upp till UPF 50+, med vev, f\u00f6r tr\u00e4dg\u00e5rd, terrass<\/p>\n","protected":false},"featured_media":40215,"comment_status":"open","ping_status":"closed","template":"","meta":[],"product_brand":[],"product_cat":[33],"product_tag":[],"class_list":{"0":"post-11878","1":"product","2":"type-product","3":"status-publish","4":"has-post-thumbnail","6":"product_cat-okategoriserad","8":"first","9":"instock","10":"shipping-taxable","11":"purchasable","12":"product-type-simple"},"_links":{"self":[{"href":"https:\/\/nordicmart.andreevmaster.com\/sv\/wp-json\/wp\/v2\/product\/11878","targetHints":{"allow":["GET"]}}],"collection":[{"href":"https:\/\/nordicmart.andreevmaster.com\/sv\/wp-json\/wp\/v2\/product"}],"about":[{"href":"https:\/\/nordicmart.andreevmaster.com\/sv\/wp-json\/wp\/v2\/types\/product"}],"replies":[{"embeddable":true,"href":"https:\/\/nordicmart.andreevmaster.com\/sv\/wp-json\/wp\/v2\/comments?post=11878"}],"wp:featuredmedia":[{"embeddable":true,"href":"https:\/\/nordicmart.andreevmaster.com\/sv\/wp-json\/wp\/v2\/media\/40215"}],"wp:attachment":[{"href":"https:\/\/nordicmart.andreevmaster.com\/sv\/wp-json\/wp\/v2\/media?parent=11878"}],"wp:term":[{"taxonomy":"product_brand","embeddable":true,"href":"https:\/\/nordicmart.andreevmaster.com\/sv\/wp-json\/wp\/v2\/product_brand?post=11878"},{"taxonomy":"product_cat","embeddable":true,"href":"https:\/\/nordicmart.andreevmaster.com\/sv\/wp-json\/wp\/v2\/product_cat?post=11878"},{"taxonomy":"product_tag","embeddable":true,"href":"https:\/\/nordicmart.andreevmaster.com\/sv\/wp-json\/wp\/v2\/product_tag?post=11878"}],"curies":[{"name":"wp","href":"https:\/\/api.w.org\/{rel}","templated":true}]}}