{"id":11875,"date":"2026-02-27T00:12:03","date_gmt":"2026-02-27T00:12:03","guid":{"rendered":"https:\/\/nordicmart.andreevmaster.com\/product\/songmics-parasoll-med-led-solbelysning-och-stativ\/"},"modified":"2026-02-27T08:06:41","modified_gmt":"2026-02-27T08:06:41","slug":"songmics-parasoll-med-led-solbelysning-och-stativ","status":"publish","type":"product","link":"https:\/\/nordicmart.andreevmaster.com\/sv\/produkt\/songmics-parasoll-med-led-solbelysning-och-stativ\/","title":{"rendered":"SONGMICS parasoll med LED-solbelysning och stativ"},"content":{"rendered":"<p>SONGMICS parasoll med LED-solbelysning, takparasoll, tr\u00e4dg\u00e5rdsparasoll, 32 LED-lampor, \u00d8 3 m, med stativ, UV-skydd upp till UPF 50+, med vev, f\u00f6r tr\u00e4dg\u00e5rd, terrass<br \/>\nF\u00e4rg: Gr\u00e5<br \/>\nMaterial: Paraplyst\u00e5ng av metall, 180 g\/m\u00b2 polyestertyg<br \/>\nParaply: 300 cm d<br \/>\nH\u00f6jd: 260 cm<br \/>\nParaplymast: 48 mm d<br \/>\nStativets l\u00e4ngd: 100 cm<br \/>\nVikt: 13,8 kg<\/p>\n","protected":false},"excerpt":{"rendered":"<p>SONGMICS parasoll med LED-solbelysning, takparasoll, tr\u00e4dg\u00e5rdsparasoll, 32 LED-lampor, \u00d8 3 m, med stativ, UV-skydd upp till UPF 50+, med vev, f\u00f6r tr\u00e4dg\u00e5rd, terrass<\/p>\n","protected":false},"featured_media":0,"comment_status":"open","ping_status":"closed","template":"","meta":[],"product_brand":[],"product_cat":[33],"product_tag":[],"class_list":{"0":"post-11875","1":"product","2":"type-product","3":"status-publish","5":"product_cat-okategoriserad","7":"first","8":"instock","9":"shipping-taxable","10":"purchasable","11":"product-type-simple"},"_links":{"self":[{"href":"https:\/\/nordicmart.andreevmaster.com\/sv\/wp-json\/wp\/v2\/product\/11875","targetHints":{"allow":["GET"]}}],"collection":[{"href":"https:\/\/nordicmart.andreevmaster.com\/sv\/wp-json\/wp\/v2\/product"}],"about":[{"href":"https:\/\/nordicmart.andreevmaster.com\/sv\/wp-json\/wp\/v2\/types\/product"}],"replies":[{"embeddable":true,"href":"https:\/\/nordicmart.andreevmaster.com\/sv\/wp-json\/wp\/v2\/comments?post=11875"}],"wp:attachment":[{"href":"https:\/\/nordicmart.andreevmaster.com\/sv\/wp-json\/wp\/v2\/media?parent=11875"}],"wp:term":[{"taxonomy":"product_brand","embeddable":true,"href":"https:\/\/nordicmart.andreevmaster.com\/sv\/wp-json\/wp\/v2\/product_brand?post=11875"},{"taxonomy":"product_cat","embeddable":true,"href":"https:\/\/nordicmart.andreevmaster.com\/sv\/wp-json\/wp\/v2\/product_cat?post=11875"},{"taxonomy":"product_tag","embeddable":true,"href":"https:\/\/nordicmart.andreevmaster.com\/sv\/wp-json\/wp\/v2\/product_tag?post=11875"}],"curies":[{"name":"wp","href":"https:\/\/api.w.org\/{rel}","templated":true}]}}