{"id":11874,"date":"2026-02-27T00:12:02","date_gmt":"2026-02-27T00:12:02","guid":{"rendered":"https:\/\/nordicmart.andreevmaster.com\/product\/songmics-parasoll-o-300-cm-med-stativ-uv-skydd-upp-till-upf-50\/"},"modified":"2026-02-27T08:06:41","modified_gmt":"2026-02-27T08:06:41","slug":"songmics-parasoll-o-300-cm-med-stativ-uv-skydd-upp-till-upf-50","status":"publish","type":"product","link":"https:\/\/nordicmart.andreevmaster.com\/sv\/produkt\/songmics-parasoll-o-300-cm-med-stativ-uv-skydd-upp-till-upf-50\/","title":{"rendered":"SONGMICS parasoll \u00d8 300 cm med stativ UV-skydd upp till UPF 50+"},"content":{"rendered":"<p>SONGMICS parasoll, takparasoll \u00d8 300 cm, med vev f\u00f6r \u00f6ppning och st\u00e4ngning, solskydd, tr\u00e4dg\u00e5rdsparasoll, UV-skydd upp till UPF 50+, f\u00f6r tr\u00e4dg\u00e5rden<br \/>\nF\u00e4rg: R\u00f6d<br \/>\nMaterial: Paraplyst\u00e5ng av pulverlackerad metall, 180 g\/m\u00b2 polyestertyg<br \/>\n\u00d8 Paraply: 3 m<br \/>\nH\u00f6jd: 2,45 m<br \/>\nVikt: 13,5 kg<\/p>\n","protected":false},"excerpt":{"rendered":"<p>SONGMICS parasoll, takparasoll \u00d8 300 cm, med vev f\u00f6r \u00f6ppning och st\u00e4ngning, solskydd, tr\u00e4dg\u00e5rdsparasoll, UV-skydd upp till UPF 50+, f\u00f6r tr\u00e4dg\u00e5rden<\/p>\n","protected":false},"featured_media":40212,"comment_status":"open","ping_status":"closed","template":"","meta":[],"product_brand":[],"product_cat":[33],"product_tag":[],"class_list":{"0":"post-11874","1":"product","2":"type-product","3":"status-publish","4":"has-post-thumbnail","6":"product_cat-okategoriserad","8":"first","9":"instock","10":"shipping-taxable","11":"purchasable","12":"product-type-simple"},"_links":{"self":[{"href":"https:\/\/nordicmart.andreevmaster.com\/sv\/wp-json\/wp\/v2\/product\/11874","targetHints":{"allow":["GET"]}}],"collection":[{"href":"https:\/\/nordicmart.andreevmaster.com\/sv\/wp-json\/wp\/v2\/product"}],"about":[{"href":"https:\/\/nordicmart.andreevmaster.com\/sv\/wp-json\/wp\/v2\/types\/product"}],"replies":[{"embeddable":true,"href":"https:\/\/nordicmart.andreevmaster.com\/sv\/wp-json\/wp\/v2\/comments?post=11874"}],"wp:featuredmedia":[{"embeddable":true,"href":"https:\/\/nordicmart.andreevmaster.com\/sv\/wp-json\/wp\/v2\/media\/40212"}],"wp:attachment":[{"href":"https:\/\/nordicmart.andreevmaster.com\/sv\/wp-json\/wp\/v2\/media?parent=11874"}],"wp:term":[{"taxonomy":"product_brand","embeddable":true,"href":"https:\/\/nordicmart.andreevmaster.com\/sv\/wp-json\/wp\/v2\/product_brand?post=11874"},{"taxonomy":"product_cat","embeddable":true,"href":"https:\/\/nordicmart.andreevmaster.com\/sv\/wp-json\/wp\/v2\/product_cat?post=11874"},{"taxonomy":"product_tag","embeddable":true,"href":"https:\/\/nordicmart.andreevmaster.com\/sv\/wp-json\/wp\/v2\/product_tag?post=11874"}],"curies":[{"name":"wp","href":"https:\/\/api.w.org\/{rel}","templated":true}]}}