{"id":11873,"date":"2026-02-27T00:12:02","date_gmt":"2026-02-27T00:12:02","guid":{"rendered":"https:\/\/nordicmart.andreevmaster.com\/product\/songmics-parasoll-uv-skydd-upp-till-upf-50\/"},"modified":"2026-02-27T08:06:41","modified_gmt":"2026-02-27T08:06:41","slug":"songmics-parasoll-uv-skydd-upp-till-upf-50","status":"publish","type":"product","link":"https:\/\/nordicmart.andreevmaster.com\/sv\/produkt\/songmics-parasoll-uv-skydd-upp-till-upf-50\/","title":{"rendered":"SONGMICS parasoll UV-skydd upp till UPF 50+"},"content":{"rendered":"<p>SONGMICS parasoll, takparasoll \u00d8 300 cm, med vev f\u00f6r \u00f6ppning och st\u00e4ngning, solskydd, tr\u00e4dg\u00e5rdsparasoll, UV-skydd upp till UPF 50+, f\u00f6r tr\u00e4dg\u00e5rden<br \/>\n&#8211; F\u00e4rg: Beige<br \/>\n&#8211; Material: pulverlackerad metallst\u00e5ng, 180 g\/m\u00b2 polyestertyg<br \/>\n&#8211; Diameter p\u00e5 duken: 3 m<br \/>\n&#8211; H\u00f6jd: 2,45 m<br \/>\n&#8211; Produktvikt: 13,5 kg<\/p>\n","protected":false},"excerpt":{"rendered":"<p>SONGMICS parasoll, takparasoll \u00d8 300 cm, med vev f\u00f6r \u00f6ppning och st\u00e4ngning, solskydd, tr\u00e4dg\u00e5rdsparasoll, UV-skydd upp till UPF 50+, f\u00f6r tr\u00e4dg\u00e5rden<\/p>\n","protected":false},"featured_media":40211,"comment_status":"open","ping_status":"closed","template":"","meta":[],"product_brand":[],"product_cat":[33],"product_tag":[],"class_list":{"0":"post-11873","1":"product","2":"type-product","3":"status-publish","4":"has-post-thumbnail","6":"product_cat-okategoriserad","8":"first","9":"instock","10":"shipping-taxable","11":"purchasable","12":"product-type-simple"},"_links":{"self":[{"href":"https:\/\/nordicmart.andreevmaster.com\/sv\/wp-json\/wp\/v2\/product\/11873","targetHints":{"allow":["GET"]}}],"collection":[{"href":"https:\/\/nordicmart.andreevmaster.com\/sv\/wp-json\/wp\/v2\/product"}],"about":[{"href":"https:\/\/nordicmart.andreevmaster.com\/sv\/wp-json\/wp\/v2\/types\/product"}],"replies":[{"embeddable":true,"href":"https:\/\/nordicmart.andreevmaster.com\/sv\/wp-json\/wp\/v2\/comments?post=11873"}],"wp:featuredmedia":[{"embeddable":true,"href":"https:\/\/nordicmart.andreevmaster.com\/sv\/wp-json\/wp\/v2\/media\/40211"}],"wp:attachment":[{"href":"https:\/\/nordicmart.andreevmaster.com\/sv\/wp-json\/wp\/v2\/media?parent=11873"}],"wp:term":[{"taxonomy":"product_brand","embeddable":true,"href":"https:\/\/nordicmart.andreevmaster.com\/sv\/wp-json\/wp\/v2\/product_brand?post=11873"},{"taxonomy":"product_cat","embeddable":true,"href":"https:\/\/nordicmart.andreevmaster.com\/sv\/wp-json\/wp\/v2\/product_cat?post=11873"},{"taxonomy":"product_tag","embeddable":true,"href":"https:\/\/nordicmart.andreevmaster.com\/sv\/wp-json\/wp\/v2\/product_tag?post=11873"}],"curies":[{"name":"wp","href":"https:\/\/api.w.org\/{rel}","templated":true}]}}