{"id":11871,"date":"2026-02-27T00:12:02","date_gmt":"2026-02-27T00:12:02","guid":{"rendered":"https:\/\/nordicmart.andreevmaster.com\/product\/songmics-parasoll-med-vev-for-oppning-och-stangning\/"},"modified":"2026-02-27T08:06:40","modified_gmt":"2026-02-27T08:06:40","slug":"songmics-parasoll-med-vev-for-oppning-och-stangning","status":"publish","type":"product","link":"https:\/\/nordicmart.andreevmaster.com\/sv\/produkt\/songmics-parasoll-med-vev-for-oppning-och-stangning\/","title":{"rendered":"SONGMICS parasoll med vev f\u00f6r \u00f6ppning och st\u00e4ngning"},"content":{"rendered":"<p>SONGMICS parasoll, takparasoll \u00d8 300 cm, med vev f\u00f6r \u00f6ppning och st\u00e4ngning, solskydd, tr\u00e4dg\u00e5rdsparasoll, UV-skydd upp till UPF 50+, f\u00f6r tr\u00e4dg\u00e5rden<br \/>\nF\u00e4rg: Gr\u00e5<br \/>\nMaterial: Paraplyst\u00e5ng av pulverlackerad metall, 180 g\/m\u00b2 polyestertyg<br \/>\n\u00d8 paraply: 3 m<br \/>\nH\u00f6jd: 2,45 m<br \/>\nVikt: 13,5 kg<\/p>\n","protected":false},"excerpt":{"rendered":"<p>SONGMICS parasoll, takparasoll \u00d8 300 cm, med vev f\u00f6r \u00f6ppning och st\u00e4ngning, solskydd, tr\u00e4dg\u00e5rdsparasoll, UV-skydd upp till UPF 50+, f\u00f6r tr\u00e4dg\u00e5rden<\/p>\n","protected":false},"featured_media":0,"comment_status":"open","ping_status":"closed","template":"","meta":[],"product_brand":[],"product_cat":[33],"product_tag":[],"class_list":{"0":"post-11871","1":"product","2":"type-product","3":"status-publish","5":"product_cat-okategoriserad","7":"first","8":"instock","9":"shipping-taxable","10":"purchasable","11":"product-type-simple"},"_links":{"self":[{"href":"https:\/\/nordicmart.andreevmaster.com\/sv\/wp-json\/wp\/v2\/product\/11871","targetHints":{"allow":["GET"]}}],"collection":[{"href":"https:\/\/nordicmart.andreevmaster.com\/sv\/wp-json\/wp\/v2\/product"}],"about":[{"href":"https:\/\/nordicmart.andreevmaster.com\/sv\/wp-json\/wp\/v2\/types\/product"}],"replies":[{"embeddable":true,"href":"https:\/\/nordicmart.andreevmaster.com\/sv\/wp-json\/wp\/v2\/comments?post=11871"}],"wp:attachment":[{"href":"https:\/\/nordicmart.andreevmaster.com\/sv\/wp-json\/wp\/v2\/media?parent=11871"}],"wp:term":[{"taxonomy":"product_brand","embeddable":true,"href":"https:\/\/nordicmart.andreevmaster.com\/sv\/wp-json\/wp\/v2\/product_brand?post=11871"},{"taxonomy":"product_cat","embeddable":true,"href":"https:\/\/nordicmart.andreevmaster.com\/sv\/wp-json\/wp\/v2\/product_cat?post=11871"},{"taxonomy":"product_tag","embeddable":true,"href":"https:\/\/nordicmart.andreevmaster.com\/sv\/wp-json\/wp\/v2\/product_tag?post=11871"}],"curies":[{"name":"wp","href":"https:\/\/api.w.org\/{rel}","templated":true}]}}