{"id":11870,"date":"2026-02-27T00:12:02","date_gmt":"2026-02-27T00:12:02","guid":{"rendered":"https:\/\/nordicmart.andreevmaster.com\/product\/songmics-takparasoll-upf-50-med-vev-och-korsfot-kramvit\/"},"modified":"2026-02-27T08:06:40","modified_gmt":"2026-02-27T08:06:40","slug":"songmics-takparasoll-upf-50-med-vev-och-korsfot-kramvit","status":"publish","type":"product","link":"https:\/\/nordicmart.andreevmaster.com\/sv\/produkt\/songmics-takparasoll-upf-50-med-vev-och-korsfot-kramvit\/","title":{"rendered":"SONGMICS takparasoll UPF 50+ med vev och korsfot kr\u00e4mvit"},"content":{"rendered":"<p>SONGMICS parasoll, takparasoll, 300 cm, UPF 50+, tr\u00e4dg\u00e5rdsparasoll, 360\u00b0 vridbart, lutningsvinkel stegl\u00f6st justerbar, med vev, korsfot<br \/>\nF\u00e4rg: kr\u00e4mvit<br \/>\nMaterial: St\u00e5l, 180 g\/m\u00b2 polyester<br \/>\nStorlek p\u00e5 sk\u00e4rmduken: \u00d8 300 cm<br \/>\nH\u00f6jd: 240 cm<br \/>\nVikt: 14,8 kg<\/p>\n","protected":false},"excerpt":{"rendered":"<p>SONGMICS parasoll, takparasoll, 300 cm, UPF 50+, tr\u00e4dg\u00e5rdsparasoll, 360\u00b0 vridbart, lutningsvinkel stegl\u00f6st justerbar, med vev, korsfot<\/p>\n","protected":false},"featured_media":40209,"comment_status":"open","ping_status":"closed","template":"","meta":[],"product_brand":[],"product_cat":[33],"product_tag":[],"class_list":{"0":"post-11870","1":"product","2":"type-product","3":"status-publish","4":"has-post-thumbnail","6":"product_cat-okategoriserad","8":"first","9":"instock","10":"shipping-taxable","11":"purchasable","12":"product-type-simple"},"_links":{"self":[{"href":"https:\/\/nordicmart.andreevmaster.com\/sv\/wp-json\/wp\/v2\/product\/11870","targetHints":{"allow":["GET"]}}],"collection":[{"href":"https:\/\/nordicmart.andreevmaster.com\/sv\/wp-json\/wp\/v2\/product"}],"about":[{"href":"https:\/\/nordicmart.andreevmaster.com\/sv\/wp-json\/wp\/v2\/types\/product"}],"replies":[{"embeddable":true,"href":"https:\/\/nordicmart.andreevmaster.com\/sv\/wp-json\/wp\/v2\/comments?post=11870"}],"wp:featuredmedia":[{"embeddable":true,"href":"https:\/\/nordicmart.andreevmaster.com\/sv\/wp-json\/wp\/v2\/media\/40209"}],"wp:attachment":[{"href":"https:\/\/nordicmart.andreevmaster.com\/sv\/wp-json\/wp\/v2\/media?parent=11870"}],"wp:term":[{"taxonomy":"product_brand","embeddable":true,"href":"https:\/\/nordicmart.andreevmaster.com\/sv\/wp-json\/wp\/v2\/product_brand?post=11870"},{"taxonomy":"product_cat","embeddable":true,"href":"https:\/\/nordicmart.andreevmaster.com\/sv\/wp-json\/wp\/v2\/product_cat?post=11870"},{"taxonomy":"product_tag","embeddable":true,"href":"https:\/\/nordicmart.andreevmaster.com\/sv\/wp-json\/wp\/v2\/product_tag?post=11870"}],"curies":[{"name":"wp","href":"https:\/\/api.w.org\/{rel}","templated":true}]}}