{"id":11863,"date":"2026-02-27T00:12:00","date_gmt":"2026-02-27T00:12:00","guid":{"rendered":"https:\/\/nordicmart.andreevmaster.com\/product\/songmics-balkongparasoll-rektangulart-utan-stativ-taupe\/"},"modified":"2026-02-27T08:06:39","modified_gmt":"2026-02-27T08:06:39","slug":"songmics-balkongparasoll-rektangulart-utan-stativ-taupe","status":"publish","type":"product","link":"https:\/\/nordicmart.andreevmaster.com\/sv\/produkt\/songmics-balkongparasoll-rektangulart-utan-stativ-taupe\/","title":{"rendered":"SONGMICS balkongparasoll rektangul\u00e4rt utan stativ taupe"},"content":{"rendered":"<p>SONGMICS parasoll 200 x 150 cm, rektangul\u00e4rt balkongparasoll, solskydd UPF 50+, kan b\u00f6jas 30\u00b0 p\u00e5 b\u00e5da sidor, f\u00f6r tr\u00e4dg\u00e5rd, terrass, utan stativ, gr\u00e5 GPU048G01<br \/>\nF\u00e4rg: Taupe<br \/>\nMaterial: Ram av st\u00e5l, sk\u00e4rmduk av 180 g\/m\u00b2 polyestertyg<br \/>\nStorlek p\u00e5 sk\u00e4rmduken: 300 x 200 cm (L x B)<br \/>\nH\u00f6jd i uppr\u00e4tt l\u00e4ge: 240 cm<br \/>\n\u00d8 paraplymast: 38 mm<br \/>\nVikt: 5,4 kg<\/p>\n","protected":false},"excerpt":{"rendered":"<p>SONGMICS parasoll 200 x 150 cm, rektangul\u00e4rt balkongparasoll, solskydd UPF 50+, kan b\u00f6jas 30\u00b0 p\u00e5 b\u00e5da sidor, f\u00f6r tr\u00e4dg\u00e5rd, terrass, utan stativ, gr\u00e5 GPU048G01<\/p>\n","protected":false},"featured_media":40202,"comment_status":"open","ping_status":"closed","template":"","meta":[],"product_brand":[],"product_cat":[33],"product_tag":[],"class_list":{"0":"post-11863","1":"product","2":"type-product","3":"status-publish","4":"has-post-thumbnail","6":"product_cat-okategoriserad","8":"first","9":"instock","10":"shipping-taxable","11":"purchasable","12":"product-type-simple"},"_links":{"self":[{"href":"https:\/\/nordicmart.andreevmaster.com\/sv\/wp-json\/wp\/v2\/product\/11863","targetHints":{"allow":["GET"]}}],"collection":[{"href":"https:\/\/nordicmart.andreevmaster.com\/sv\/wp-json\/wp\/v2\/product"}],"about":[{"href":"https:\/\/nordicmart.andreevmaster.com\/sv\/wp-json\/wp\/v2\/types\/product"}],"replies":[{"embeddable":true,"href":"https:\/\/nordicmart.andreevmaster.com\/sv\/wp-json\/wp\/v2\/comments?post=11863"}],"wp:featuredmedia":[{"embeddable":true,"href":"https:\/\/nordicmart.andreevmaster.com\/sv\/wp-json\/wp\/v2\/media\/40202"}],"wp:attachment":[{"href":"https:\/\/nordicmart.andreevmaster.com\/sv\/wp-json\/wp\/v2\/media?parent=11863"}],"wp:term":[{"taxonomy":"product_brand","embeddable":true,"href":"https:\/\/nordicmart.andreevmaster.com\/sv\/wp-json\/wp\/v2\/product_brand?post=11863"},{"taxonomy":"product_cat","embeddable":true,"href":"https:\/\/nordicmart.andreevmaster.com\/sv\/wp-json\/wp\/v2\/product_cat?post=11863"},{"taxonomy":"product_tag","embeddable":true,"href":"https:\/\/nordicmart.andreevmaster.com\/sv\/wp-json\/wp\/v2\/product_tag?post=11863"}],"curies":[{"name":"wp","href":"https:\/\/api.w.org\/{rel}","templated":true}]}}