{"id":11849,"date":"2026-02-27T00:11:57","date_gmt":"2026-02-27T00:11:57","guid":{"rendered":"https:\/\/nordicmart.andreevmaster.com\/product\/songmics-parasoll-bojbart-30-pa-bada-sidor-gratt\/"},"modified":"2026-02-27T08:06:37","modified_gmt":"2026-02-27T08:06:37","slug":"songmics-parasoll-bojbart-30-pa-bada-sidor-gratt","status":"publish","type":"product","link":"https:\/\/nordicmart.andreevmaster.com\/sv\/produkt\/songmics-parasoll-bojbart-30-pa-bada-sidor-gratt\/","title":{"rendered":"SONGMICS parasoll, b\u00f6jbart 30\u00b0 p\u00e5 b\u00e5da sidor, gr\u00e5tt"},"content":{"rendered":"<p>SONGMICS parasoll, \u00d8 300 cm, marknadsparasoll, UV-skydd UPF 50+, tr\u00e4dg\u00e5rdsparasoll, terrassparasoll, solskydd, med vev, utan stativ, utomhus, f\u00f6r tr\u00e4dg\u00e5rd, balkong och terrass, beige GPU30BE<br \/>\nF\u00e4rg: Gr\u00e5<br \/>\nMaterial: Metallst\u00e5ng, 180 g\/m\u00b2 polyestertyg<br \/>\nSk\u00e4rmdukens v\u00e4lvning: 340 cm<br \/>\nParaplytygets horisontella diameter: 327,5 cm<br \/>\n\u00d8 paraplyst\u00e5ng: 38 mm<br \/>\nH\u00f6jd: 246 cm<br \/>\nVikt: 7,5 kg<\/p>\n","protected":false},"excerpt":{"rendered":"<p>SONGMICS parasoll, \u00d8 300 cm, marknadsparasoll, UV-skydd UPF 50+, tr\u00e4dg\u00e5rdsparasoll, terrassparasoll, solskydd, med vev, utan stativ, utomhus, f\u00f6r tr\u00e4dg\u00e5rd, balkong och terrass, beige GPU30BE<\/p>\n","protected":false},"featured_media":40188,"comment_status":"open","ping_status":"closed","template":"","meta":[],"product_brand":[],"product_cat":[33],"product_tag":[],"class_list":{"0":"post-11849","1":"product","2":"type-product","3":"status-publish","4":"has-post-thumbnail","6":"product_cat-okategoriserad","8":"first","9":"instock","10":"shipping-taxable","11":"purchasable","12":"product-type-simple"},"_links":{"self":[{"href":"https:\/\/nordicmart.andreevmaster.com\/sv\/wp-json\/wp\/v2\/product\/11849","targetHints":{"allow":["GET"]}}],"collection":[{"href":"https:\/\/nordicmart.andreevmaster.com\/sv\/wp-json\/wp\/v2\/product"}],"about":[{"href":"https:\/\/nordicmart.andreevmaster.com\/sv\/wp-json\/wp\/v2\/types\/product"}],"replies":[{"embeddable":true,"href":"https:\/\/nordicmart.andreevmaster.com\/sv\/wp-json\/wp\/v2\/comments?post=11849"}],"wp:featuredmedia":[{"embeddable":true,"href":"https:\/\/nordicmart.andreevmaster.com\/sv\/wp-json\/wp\/v2\/media\/40188"}],"wp:attachment":[{"href":"https:\/\/nordicmart.andreevmaster.com\/sv\/wp-json\/wp\/v2\/media?parent=11849"}],"wp:term":[{"taxonomy":"product_brand","embeddable":true,"href":"https:\/\/nordicmart.andreevmaster.com\/sv\/wp-json\/wp\/v2\/product_brand?post=11849"},{"taxonomy":"product_cat","embeddable":true,"href":"https:\/\/nordicmart.andreevmaster.com\/sv\/wp-json\/wp\/v2\/product_cat?post=11849"},{"taxonomy":"product_tag","embeddable":true,"href":"https:\/\/nordicmart.andreevmaster.com\/sv\/wp-json\/wp\/v2\/product_tag?post=11849"}],"curies":[{"name":"wp","href":"https:\/\/api.w.org\/{rel}","templated":true}]}}