{"id":11846,"date":"2026-02-27T00:11:57","date_gmt":"2026-02-27T00:11:57","guid":{"rendered":"https:\/\/nordicmart.andreevmaster.com\/product\/songmics-parasoll-230-x-150-cm-hoj-och-sankbart-gratt\/"},"modified":"2026-02-27T08:06:36","modified_gmt":"2026-02-27T08:06:36","slug":"songmics-parasoll-230-x-150-cm-hoj-och-sankbart-gratt","status":"publish","type":"product","link":"https:\/\/nordicmart.andreevmaster.com\/sv\/produkt\/songmics-parasoll-230-x-150-cm-hoj-och-sankbart-gratt\/","title":{"rendered":"SONGMICS parasoll 230 x 150 cm h\u00f6j- och s\u00e4nkbart gr\u00e5tt"},"content":{"rendered":"<p>SONGMICS parasoll f\u00f6r balkong, rektangul\u00e4rt tr\u00e4dg\u00e5rdsparasoll, 200 x 125 cm, UV-skydd upp till UPF 50+, b\u00f6jbart, parasollduk med PA-bel\u00e4ggning, f\u00f6r tr\u00e4dg\u00e5rd, terrass, utan stativ, gr\u00e5 GPU25GY<br \/>\nF\u00e4rg: Gr\u00e5<br \/>\nMaterial: Ram av st\u00e5l, parasollduk av 160 g\/m\u00b2 polyestertyg<br \/>\nStorlek p\u00e5 parasollduken: 230 x 150 cm (L x B)<br \/>\nH\u00f6jd i uppr\u00e4tt l\u00e4ge: 175\u2013245 cm<br \/>\n\u00d8 paraplymast: \u00d6vre del 28 mm\/nedre del 32 mm<br \/>\nVikt: 3,7 kg<\/p>\n","protected":false},"excerpt":{"rendered":"<p>SONGMICS parasoll f\u00f6r balkong, rektangul\u00e4rt tr\u00e4dg\u00e5rdsparasoll, 200 x 125 cm, UV-skydd upp till UPF 50+, b\u00f6jbart, parasollduk med PA-bel\u00e4ggning, f\u00f6r tr\u00e4dg\u00e5rd, terrass, utan stativ, gr\u00e5 GPU25GY<\/p>\n","protected":false},"featured_media":40185,"comment_status":"open","ping_status":"closed","template":"","meta":[],"product_brand":[],"product_cat":[33],"product_tag":[],"class_list":{"0":"post-11846","1":"product","2":"type-product","3":"status-publish","4":"has-post-thumbnail","6":"product_cat-okategoriserad","8":"first","9":"instock","10":"shipping-taxable","11":"purchasable","12":"product-type-simple"},"_links":{"self":[{"href":"https:\/\/nordicmart.andreevmaster.com\/sv\/wp-json\/wp\/v2\/product\/11846","targetHints":{"allow":["GET"]}}],"collection":[{"href":"https:\/\/nordicmart.andreevmaster.com\/sv\/wp-json\/wp\/v2\/product"}],"about":[{"href":"https:\/\/nordicmart.andreevmaster.com\/sv\/wp-json\/wp\/v2\/types\/product"}],"replies":[{"embeddable":true,"href":"https:\/\/nordicmart.andreevmaster.com\/sv\/wp-json\/wp\/v2\/comments?post=11846"}],"wp:featuredmedia":[{"embeddable":true,"href":"https:\/\/nordicmart.andreevmaster.com\/sv\/wp-json\/wp\/v2\/media\/40185"}],"wp:attachment":[{"href":"https:\/\/nordicmart.andreevmaster.com\/sv\/wp-json\/wp\/v2\/media?parent=11846"}],"wp:term":[{"taxonomy":"product_brand","embeddable":true,"href":"https:\/\/nordicmart.andreevmaster.com\/sv\/wp-json\/wp\/v2\/product_brand?post=11846"},{"taxonomy":"product_cat","embeddable":true,"href":"https:\/\/nordicmart.andreevmaster.com\/sv\/wp-json\/wp\/v2\/product_cat?post=11846"},{"taxonomy":"product_tag","embeddable":true,"href":"https:\/\/nordicmart.andreevmaster.com\/sv\/wp-json\/wp\/v2\/product_tag?post=11846"}],"curies":[{"name":"wp","href":"https:\/\/api.w.org\/{rel}","templated":true}]}}