{"id":11844,"date":"2026-02-27T00:11:56","date_gmt":"2026-02-27T00:11:56","guid":{"rendered":"https:\/\/nordicmart.andreevmaster.com\/product\/parasoll-med-led-solbelysning\/"},"modified":"2026-02-27T08:06:36","modified_gmt":"2026-02-27T08:06:36","slug":"parasoll-med-led-solbelysning","status":"publish","type":"product","link":"https:\/\/nordicmart.andreevmaster.com\/sv\/produkt\/parasoll-med-led-solbelysning\/","title":{"rendered":"Parasoll med LED-solbelysning"},"content":{"rendered":"<p>Ger skugga under dagen: Fr\u00e5n och med nu beh\u00f6ver du inte l\u00e4ngre vara r\u00e4dd f\u00f6r starkt solljus! Oavsett om du vill ta en tupplur i tr\u00e4dg\u00e5rden, \u00e4ta p\u00e5 terrassen med v\u00e4nnerna eller njuta av en kaffepaus med familjen utomhus, kommer denna parasoll att f\u00f6rverkliga dina planer. Den \u00e4r tillverkad av 180 g\/m\u00b2 polyesterduk, ger utm\u00e4rkt UV-skydd upp till UPF 50+ och utstr\u00e5lar romantik p\u00e5 kv\u00e4llen: S\u00e5 snart solen g\u00e5r ner b\u00f6rjar festen! T\u00e4nd LED-lamporna, som drivs av ett solcellspanel, och ge din balkong en romantisk atmosf\u00e4r. Middag med din partner? F\u00f6delsedags\u00f6verraskning vid midnatt? Njut av vackra stunder med dina n\u00e4ra och k\u00e4ra i ett mjukt ljus! Leveransomfattning: F\u00e4rg: Beige Material: Paraplyst\u00e5ng av metall, 180 g\/m\u00b2 polyesterduk \u00d8 Paraply: 2,7 mV\u00e6gt: 6,3 kgLeveransomfattning:1 x parasoll1 x solpanel f\u00f6r LED-belysning1 x bruksanvisningSONGMICS Anm\u00e4rkningar:Paraplystativ medf\u00f6ljer inte.\u00d6ppna inte parasollen med kraft, utan f\u00f6rsiktigt och l\u00e5ngsamt.St\u00e4ng parasollen p\u00e5 bl\u00e5siga dagar f\u00f6r att undvika skador.<\/p>\n","protected":false},"excerpt":{"rendered":"<p>Ger skugga under dagen: Fr\u00e5n och med nu beh\u00f6ver du inte l\u00e4ngre vara r\u00e4dd f\u00f6r starkt solljus! Oavsett om du vill ta en tupplur i tr\u00e4dg\u00e5rden, \u00e4ta p\u00e5 terrassen med v\u00e4nnerna eller njuta av en kaffepaus med familjen utomhus, kommer denna parasoll att f\u00f6rverkliga dina planer. Den \u00e4r tillverkad av 180 g\/m\u00b2 polyesterduk, ger utm\u00e4rkt [&hellip;]<\/p>\n","protected":false},"featured_media":0,"comment_status":"open","ping_status":"closed","template":"","meta":[],"product_brand":[],"product_cat":[33],"product_tag":[],"class_list":{"0":"post-11844","1":"product","2":"type-product","3":"status-publish","5":"product_cat-okategoriserad","7":"first","8":"instock","9":"shipping-taxable","10":"product-type-simple"},"_links":{"self":[{"href":"https:\/\/nordicmart.andreevmaster.com\/sv\/wp-json\/wp\/v2\/product\/11844","targetHints":{"allow":["GET"]}}],"collection":[{"href":"https:\/\/nordicmart.andreevmaster.com\/sv\/wp-json\/wp\/v2\/product"}],"about":[{"href":"https:\/\/nordicmart.andreevmaster.com\/sv\/wp-json\/wp\/v2\/types\/product"}],"replies":[{"embeddable":true,"href":"https:\/\/nordicmart.andreevmaster.com\/sv\/wp-json\/wp\/v2\/comments?post=11844"}],"wp:attachment":[{"href":"https:\/\/nordicmart.andreevmaster.com\/sv\/wp-json\/wp\/v2\/media?parent=11844"}],"wp:term":[{"taxonomy":"product_brand","embeddable":true,"href":"https:\/\/nordicmart.andreevmaster.com\/sv\/wp-json\/wp\/v2\/product_brand?post=11844"},{"taxonomy":"product_cat","embeddable":true,"href":"https:\/\/nordicmart.andreevmaster.com\/sv\/wp-json\/wp\/v2\/product_cat?post=11844"},{"taxonomy":"product_tag","embeddable":true,"href":"https:\/\/nordicmart.andreevmaster.com\/sv\/wp-json\/wp\/v2\/product_tag?post=11844"}],"curies":[{"name":"wp","href":"https:\/\/api.w.org\/{rel}","templated":true}]}}