{"id":11841,"date":"2026-02-27T00:11:56","date_gmt":"2026-02-27T00:11:56","guid":{"rendered":"https:\/\/nordicmart.andreevmaster.com\/product\/songmics-parasoll-med-led-solbelysning-gra\/"},"modified":"2026-02-27T08:06:35","modified_gmt":"2026-02-27T08:06:35","slug":"songmics-parasoll-med-led-solbelysning-gra","status":"publish","type":"product","link":"https:\/\/nordicmart.andreevmaster.com\/sv\/produkt\/songmics-parasoll-med-led-solbelysning-gra\/","title":{"rendered":"SONGMICS parasoll med LED-solbelysning, gr\u00e5"},"content":{"rendered":"<p>Ger skugga under dagen: Nu beh\u00f6ver du inte l\u00e4ngre vara r\u00e4dd f\u00f6r starkt solljus! Oavsett om du vill ta en tupplur i tr\u00e4dg\u00e5rden, \u00e4ta med v\u00e4nner p\u00e5 terrassen eller njuta av en kaffepaus med familjen under bar himmel, g\u00f6r denna parasoll dina planer till verklighet. Tillverkad av 180 g\/m\u00b2 polyestertyg, erbjuder den utm\u00e4rkt UV-skydd upp till UPF 50+. Utstr\u00e5lar romantik p\u00e5 kv\u00e4llen: S\u00e5 snart solen g\u00e5r ner b\u00f6rjar festen! T\u00e4nd LED-lamporna, som drivs av ett solpanel, och ge din balkong en romantisk atmosf\u00e4r. Middag med din partner? \u00d6verraskning vid midnatt p\u00e5 f\u00f6delsedagen? Njut av vackra stunder med dina n\u00e4ra och k\u00e4ra i ett mjukt ljus! Leveransomfattning: F\u00e4rg: Gr\u00e5 Material: Paraplyst\u00e5ng av metall, 180 g\/m\u00b2 polyestertyg \u00d8 Paraply: 2,7 m Vikt: 6,3 kg Leveransomfattning: 1 x parasoll 1 x solpanel f\u00f6r LED-belysning 1 x instruktioner SONGICs anm\u00e4rkningar:Parasollfot ing\u00e5r inte. \u00d6ppna inte parasollen med v\u00e5ld, utan f\u00f6rsiktigt och l\u00e5ngsamt. St\u00e4ng parasollen p\u00e5 bl\u00e5siga dagar f\u00f6r att undvika skador.<\/p>\n","protected":false},"excerpt":{"rendered":"<p>SONGMICS parasoll med LED-solbelysning, tr\u00e4dg\u00e5rdsparasoll \u00d8 270 cm, UV-skydd upp till UPF 50+, vikbar, med vev f\u00f6r \u00f6ppning och st\u00e4ngning, utan stativ, taupe GPU040K01<\/p>\n","protected":false},"featured_media":40182,"comment_status":"open","ping_status":"closed","template":"","meta":[],"product_brand":[],"product_cat":[33],"product_tag":[],"class_list":{"0":"post-11841","1":"product","2":"type-product","3":"status-publish","4":"has-post-thumbnail","6":"product_cat-okategoriserad","8":"first","9":"instock","10":"shipping-taxable","11":"purchasable","12":"product-type-simple"},"_links":{"self":[{"href":"https:\/\/nordicmart.andreevmaster.com\/sv\/wp-json\/wp\/v2\/product\/11841","targetHints":{"allow":["GET"]}}],"collection":[{"href":"https:\/\/nordicmart.andreevmaster.com\/sv\/wp-json\/wp\/v2\/product"}],"about":[{"href":"https:\/\/nordicmart.andreevmaster.com\/sv\/wp-json\/wp\/v2\/types\/product"}],"replies":[{"embeddable":true,"href":"https:\/\/nordicmart.andreevmaster.com\/sv\/wp-json\/wp\/v2\/comments?post=11841"}],"wp:featuredmedia":[{"embeddable":true,"href":"https:\/\/nordicmart.andreevmaster.com\/sv\/wp-json\/wp\/v2\/media\/40182"}],"wp:attachment":[{"href":"https:\/\/nordicmart.andreevmaster.com\/sv\/wp-json\/wp\/v2\/media?parent=11841"}],"wp:term":[{"taxonomy":"product_brand","embeddable":true,"href":"https:\/\/nordicmart.andreevmaster.com\/sv\/wp-json\/wp\/v2\/product_brand?post=11841"},{"taxonomy":"product_cat","embeddable":true,"href":"https:\/\/nordicmart.andreevmaster.com\/sv\/wp-json\/wp\/v2\/product_cat?post=11841"},{"taxonomy":"product_tag","embeddable":true,"href":"https:\/\/nordicmart.andreevmaster.com\/sv\/wp-json\/wp\/v2\/product_tag?post=11841"}],"curies":[{"name":"wp","href":"https:\/\/api.w.org\/{rel}","templated":true}]}}