{"id":11840,"date":"2026-02-27T00:11:55","date_gmt":"2026-02-27T00:11:55","guid":{"rendered":"https:\/\/nordicmart.andreevmaster.com\/product\/27-m-parasoll-med-solcellsdriven-led-belysning-solskarm-med-upf-50-skydd-vipbar-handvev-for-oppning-och-stangning-fot-ingar-ej-gra-gpu040g01\/"},"modified":"2026-02-27T08:06:35","modified_gmt":"2026-02-27T08:06:35","slug":"27-m-parasoll-med-solcellsdriven-led-belysning-solskarm-med-upf-50-skydd-vipbar-handvev-for-oppning-och-stangning-fot-ingar-ej-gra-gpu040g01","status":"publish","type":"product","link":"https:\/\/nordicmart.andreevmaster.com\/sv\/produkt\/27-m-parasoll-med-solcellsdriven-led-belysning-solskarm-med-upf-50-skydd-vipbar-handvev-for-oppning-och-stangning-fot-ingar-ej-gra-gpu040g01\/","title":{"rendered":"2,7 m parasoll med solcellsdriven LED-belysning, solsk\u00e4rm med UPF 50+ skydd, vipbar, handvev f\u00f6r \u00f6ppning och st\u00e4ngning, fot ing\u00e5r ej, gr\u00e5 GPU040G01"},"content":{"rendered":"<p>Lights Go On: \u00c4lskar du att \u00e4ta p\u00e5 balkongen och beundra solnedg\u00e5ngen? Missa inte de magiska \u00f6gonblicken n\u00e4r m\u00f6rkret faller! De 32 LED-lamporna, som drivs av solljus och \u00e4r placerade l\u00e4ngs paraplyets ribbor, skapar en romantisk atmosf\u00e4r under de kommande 6-8 timmarna!<\/p>\n<p>Ta dig tid att njuta: F\u00f6rdjupa dig i din deckare under detta tr\u00e4dg\u00e5rdsparaply! Baldakinen ger solskydd p\u00e5 UPF 50+, blockerar 98 % av UV-str\u00e5larna och skyddar din hud under l\u00e4ngre tid under bar himmel.F\u00e4rgen f\u00f6rblir: L\u00e5t inte de l\u00e4tt blekande paraplyerna f\u00f6rm\u00f6rka din tr\u00e4dg\u00e5rd. Denna terrassparasoll, tillverkad av robust 180 g\/m\u00b2 polyester som inte bleknar med tiden, kommer alltid att ha en ljus och gl\u00e4nsande f\u00e4rg.<\/p>\n<p>Tilt It Up! Med ett kvalitetsled av galvaniserad legering som motst\u00e5r rost och brott \u00e4r det enkelt att tippa denna upplysta tr\u00e4dg\u00e5rdsparasoll f\u00f6r att blockera solen fr\u00e5n alla vinklar och ge dig st\u00f6rre skugga som kan anpassas efter tidpunkten p\u00e5 dagen.Vad du f\u00e5r med: En parasoll med en diameter p\u00e5 2,7 meter och 32 LED-lampor som drivs av ett solpanel p\u00e5 parasollen, s\u00e5 att du ocks\u00e5 kan njuta av din tr\u00e4dg\u00e5rd p\u00e5 kv\u00e4llen! Ger skugga under dagen: Fr\u00e5n och med nu beh\u00f6ver du inte l\u00e4ngre oroa dig f\u00f6r starkt solljus! Oavsett om du vill ta en tupplur i tr\u00e4dg\u00e5rden, \u00e4ta middag med v\u00e4nnerna p\u00e5 terrassen eller njuta av en kaffepaus med familjen utomhus, kommer denna parasoll att f\u00f6rverkliga dina planer. Den \u00e4r tillverkad av 180 g\/m\u00b2 polyesterduk, ger utm\u00e4rkt UV-skydd upp till UPF 50+ och utstr\u00e5lar romantik p\u00e5 kv\u00e4llen: S\u00e5 snart solen g\u00e5r ner b\u00f6rjar festen! T\u00e4nd LED-lamporna, som drivs av ett solcellspanel, och ge din balkong en romantisk atmosf\u00e4r. Middag med din partner? F\u00f6delsedags\u00f6verraskning vid midnatt? Njut av vackra stunder med dina n\u00e4ra och k\u00e4ra i ett mjukt ljus! Leveransomfattning: F\u00e4rg: Gr\u00e5 Material: Paraplyst\u00e5ng av metall, 180 g\/m\u00b2 polyesterduk \u00d8 Paraply: 2,7 mV\u00e6gt: 6,3 kgLeveransomfattning:1 x parasoll1 x solpanel f\u00f6r LED-belysning1 x bruksanvisningSONGMICS Anm\u00e4rkningar:Paraplystativ medf\u00f6ljer inte.\u00d6ppna inte parasollen med kraft, utan f\u00f6rsiktigt och l\u00e5ngsamt.St\u00e4ng parasollen p\u00e5 bl\u00e5siga dagar f\u00f6r att undvika skador.<\/p>\n","protected":false},"excerpt":{"rendered":"<p>Lights Go On: \u00c4lskar du att \u00e4ta p\u00e5 balkongen och beundra solnedg\u00e5ngen? Missa inte de magiska \u00f6gonblicken n\u00e4r m\u00f6rkret faller! De 32 LED-lamporna, som drivs av solljus och \u00e4r placerade l\u00e4ngs paraplyets ribbor, skapar en romantisk atmosf\u00e4r under de kommande 6-8 timmarna! Ta dig tid att njuta: F\u00f6rdjupa dig i din deckare under detta tr\u00e4dg\u00e5rdsparaply! [&hellip;]<\/p>\n","protected":false},"featured_media":0,"comment_status":"open","ping_status":"closed","template":"","meta":[],"product_brand":[],"product_cat":[33],"product_tag":[],"class_list":{"0":"post-11840","1":"product","2":"type-product","3":"status-publish","5":"product_cat-okategoriserad","7":"first","8":"instock","9":"shipping-taxable","10":"product-type-simple"},"_links":{"self":[{"href":"https:\/\/nordicmart.andreevmaster.com\/sv\/wp-json\/wp\/v2\/product\/11840","targetHints":{"allow":["GET"]}}],"collection":[{"href":"https:\/\/nordicmart.andreevmaster.com\/sv\/wp-json\/wp\/v2\/product"}],"about":[{"href":"https:\/\/nordicmart.andreevmaster.com\/sv\/wp-json\/wp\/v2\/types\/product"}],"replies":[{"embeddable":true,"href":"https:\/\/nordicmart.andreevmaster.com\/sv\/wp-json\/wp\/v2\/comments?post=11840"}],"wp:attachment":[{"href":"https:\/\/nordicmart.andreevmaster.com\/sv\/wp-json\/wp\/v2\/media?parent=11840"}],"wp:term":[{"taxonomy":"product_brand","embeddable":true,"href":"https:\/\/nordicmart.andreevmaster.com\/sv\/wp-json\/wp\/v2\/product_brand?post=11840"},{"taxonomy":"product_cat","embeddable":true,"href":"https:\/\/nordicmart.andreevmaster.com\/sv\/wp-json\/wp\/v2\/product_cat?post=11840"},{"taxonomy":"product_tag","embeddable":true,"href":"https:\/\/nordicmart.andreevmaster.com\/sv\/wp-json\/wp\/v2\/product_tag?post=11840"}],"curies":[{"name":"wp","href":"https:\/\/api.w.org\/{rel}","templated":true}]}}