{"id":11839,"date":"2026-02-27T00:11:55","date_gmt":"2026-02-27T00:11:55","guid":{"rendered":"https:\/\/nordicmart.andreevmaster.com\/product\/songmics-parasoll-med-justerbar-lutningsvinkel-beige\/"},"modified":"2026-02-27T08:06:35","modified_gmt":"2026-02-27T08:06:35","slug":"songmics-parasoll-med-justerbar-lutningsvinkel-beige","status":"publish","type":"product","link":"https:\/\/nordicmart.andreevmaster.com\/sv\/produkt\/songmics-parasoll-med-justerbar-lutningsvinkel-beige\/","title":{"rendered":"SONGMICS parasoll med justerbar lutningsvinkel, beige"},"content":{"rendered":"<p>F\u00f6rdelarna med detta parasoll i ett \u00f6gonblick:<br \/>\n360\u00b0 vridbar: Vrid parasollen med fotpedalen.<br \/>\nJusterbar i 4 vinklar: Justera parasollets lutningsvinkel med handtaget.<br \/>\nUtm\u00e4rkt solskydd: Terrassparasollen erbjuder utm\u00e4rkt UV-skydd (UPF 50+) och blockerar mer \u00e4n 98 % av UV-str\u00e5larna.<br \/>\nSkydd mot duggregn: Solskyddet \u00e4r tillverkat av 200 g\/m\u00b2 polyesterduk med PA-bel\u00e4ggning och \u00e4r vattenavvisande.<br \/>\nL\u00e4tt att \u00f6ppna och st\u00e4nga: Vrid p\u00e5 veven f\u00f6r att \u00f6ppna och st\u00e4nga parasollen.<br \/>\nTillbeh\u00f6r ing\u00e5r: Vi levererar ett korsf\u00e4ste, f\u00e4stremmar och ett \u00f6verdrag f\u00f6r \u00f6kad komfort.<\/p>\n","protected":false},"excerpt":{"rendered":"<p>SONGMICS parasoll, takparasoll, 300 x 300 cm, fyrkantigt, tr\u00e4dg\u00e5rdsparasoll, UV-skydd upp till UPF 50+, 360\u00b0 vridbart, justerbar lutningsvinkel, med vev och stativ, beige GPU039M01<\/p>\n","protected":false},"featured_media":40181,"comment_status":"open","ping_status":"closed","template":"","meta":[],"product_brand":[],"product_cat":[33],"product_tag":[],"class_list":{"0":"post-11839","1":"product","2":"type-product","3":"status-publish","4":"has-post-thumbnail","6":"product_cat-okategoriserad","8":"first","9":"instock","10":"shipping-taxable","11":"purchasable","12":"product-type-simple"},"_links":{"self":[{"href":"https:\/\/nordicmart.andreevmaster.com\/sv\/wp-json\/wp\/v2\/product\/11839","targetHints":{"allow":["GET"]}}],"collection":[{"href":"https:\/\/nordicmart.andreevmaster.com\/sv\/wp-json\/wp\/v2\/product"}],"about":[{"href":"https:\/\/nordicmart.andreevmaster.com\/sv\/wp-json\/wp\/v2\/types\/product"}],"replies":[{"embeddable":true,"href":"https:\/\/nordicmart.andreevmaster.com\/sv\/wp-json\/wp\/v2\/comments?post=11839"}],"wp:featuredmedia":[{"embeddable":true,"href":"https:\/\/nordicmart.andreevmaster.com\/sv\/wp-json\/wp\/v2\/media\/40181"}],"wp:attachment":[{"href":"https:\/\/nordicmart.andreevmaster.com\/sv\/wp-json\/wp\/v2\/media?parent=11839"}],"wp:term":[{"taxonomy":"product_brand","embeddable":true,"href":"https:\/\/nordicmart.andreevmaster.com\/sv\/wp-json\/wp\/v2\/product_brand?post=11839"},{"taxonomy":"product_cat","embeddable":true,"href":"https:\/\/nordicmart.andreevmaster.com\/sv\/wp-json\/wp\/v2\/product_cat?post=11839"},{"taxonomy":"product_tag","embeddable":true,"href":"https:\/\/nordicmart.andreevmaster.com\/sv\/wp-json\/wp\/v2\/product_tag?post=11839"}],"curies":[{"name":"wp","href":"https:\/\/api.w.org\/{rel}","templated":true}]}}