{"id":11836,"date":"2026-02-27T00:11:55","date_gmt":"2026-02-27T00:11:55","guid":{"rendered":"https:\/\/nordicmart.andreevmaster.com\/product\/songmics-parasoll-med-justerbar-lutningsvinkel-beige-gpu038m01\/"},"modified":"2026-02-27T08:06:35","modified_gmt":"2026-02-27T08:06:35","slug":"songmics-parasoll-med-justerbar-lutningsvinkel-beige-gpu038m01","status":"publish","type":"product","link":"https:\/\/nordicmart.andreevmaster.com\/sv\/produkt\/songmics-parasoll-med-justerbar-lutningsvinkel-beige-gpu038m01\/","title":{"rendered":"SONGMICS parasoll med justerbar lutningsvinkel, beige GPU038M01"},"content":{"rendered":"<p>Fr\u00e5n soluppg\u00e5ng till solnedg\u00e5ng: Det fina v\u00e4dret kan komma! Ut i solen! Men gl\u00f6m inte solskyddet! Utrusta din tr\u00e4dg\u00e5rd eller terrass med detta parasoll; det erbjuder utm\u00e4rkt UV-skydd upp till UPF 50+. \u00d6ppna parasollet med den praktiska veven. Justera parasollets lutningsvinkel med hj\u00e4lp av handtaget p\u00e5 sidan n\u00e4r solen flyttar sig. Trampa p\u00e5 pedalen och vrid p\u00e5 parasollst\u00e5ngen s\u00e5 att parasollen pekar i en annan riktning. Underbart! Det roliga \u00e4r l\u00e5ngt ifr\u00e5n \u00f6ver! N\u00e4r solen g\u00e5r ner t\u00e4nder du parasollets LED-belysning, som skapar en romantisk st\u00e4mning i din tr\u00e4dg\u00e5rd! Belysningen f\u00e5r str\u00f6m via solpanelen i den \u00f6vre delen eller via den medf\u00f6ljande USB-kabeln.Produktdetaljer: F\u00e4rg: Beige Material: Sk\u00e4rmst\u00e5ng av aluminium, sk\u00e4rmribbor av metall, 240 g\/m\u00b2 polyesterduk med PA-bel\u00e4ggning \u00d8 Sk\u00e4rm: 3 m H\u00f6jd: 2,5 m Vikt: 18,5 kg Leveransomfattning: 1 x parasoll 1 x stativ 1 x bruksanvisning SONGICs anvisningar:Placera tunga f\u00f6rem\u00e5l (ing\u00e5r ej i leveransen) p\u00e5 foten f\u00f6r att s\u00e4kerst\u00e4lla produktens stabilitet. \u00d6ppna inte parasollen med v\u00e5ld, utan f\u00f6rsiktigt och l\u00e5ngsamt. St\u00e4ng parasollen p\u00e5 natten, vid stark vind eller regnigt v\u00e4der f\u00f6r att undvika skador.Skydda paraplyet med ett \u00f6verdrag (ing\u00e5r ej i leveransen) f\u00f6r att s\u00e4kerst\u00e4lla en l\u00e4ngre livsl\u00e4ngd.<\/p>\n","protected":false},"excerpt":{"rendered":"<p>SONGMICS parasoll med LED-belysning, parasoll med arm \u00d8 300 cm, tr\u00e4dg\u00e5rdsparasoll, UV-skydd upp till UPF 50+, 360\u00b0 vridbart, justerbar lutningsvinkel, med vev och stativ, gr\u00e5 GPU038G01<\/p>\n","protected":false},"featured_media":40178,"comment_status":"open","ping_status":"closed","template":"","meta":[],"product_brand":[],"product_cat":[33],"product_tag":[],"class_list":{"0":"post-11836","1":"product","2":"type-product","3":"status-publish","4":"has-post-thumbnail","6":"product_cat-okategoriserad","8":"first","9":"instock","10":"shipping-taxable","11":"purchasable","12":"product-type-simple"},"_links":{"self":[{"href":"https:\/\/nordicmart.andreevmaster.com\/sv\/wp-json\/wp\/v2\/product\/11836","targetHints":{"allow":["GET"]}}],"collection":[{"href":"https:\/\/nordicmart.andreevmaster.com\/sv\/wp-json\/wp\/v2\/product"}],"about":[{"href":"https:\/\/nordicmart.andreevmaster.com\/sv\/wp-json\/wp\/v2\/types\/product"}],"replies":[{"embeddable":true,"href":"https:\/\/nordicmart.andreevmaster.com\/sv\/wp-json\/wp\/v2\/comments?post=11836"}],"wp:featuredmedia":[{"embeddable":true,"href":"https:\/\/nordicmart.andreevmaster.com\/sv\/wp-json\/wp\/v2\/media\/40178"}],"wp:attachment":[{"href":"https:\/\/nordicmart.andreevmaster.com\/sv\/wp-json\/wp\/v2\/media?parent=11836"}],"wp:term":[{"taxonomy":"product_brand","embeddable":true,"href":"https:\/\/nordicmart.andreevmaster.com\/sv\/wp-json\/wp\/v2\/product_brand?post=11836"},{"taxonomy":"product_cat","embeddable":true,"href":"https:\/\/nordicmart.andreevmaster.com\/sv\/wp-json\/wp\/v2\/product_cat?post=11836"},{"taxonomy":"product_tag","embeddable":true,"href":"https:\/\/nordicmart.andreevmaster.com\/sv\/wp-json\/wp\/v2\/product_tag?post=11836"}],"curies":[{"name":"wp","href":"https:\/\/api.w.org\/{rel}","templated":true}]}}