{"id":11833,"date":"2026-02-27T00:11:54","date_gmt":"2026-02-27T00:11:54","guid":{"rendered":"https:\/\/nordicmart.andreevmaster.com\/product\/songmics-dubbel-parasoll-394-x-200-cm-upf-50-utan-stativ-skiffergra\/"},"modified":"2026-02-27T08:06:34","modified_gmt":"2026-02-27T08:06:34","slug":"songmics-dubbel-parasoll-394-x-200-cm-upf-50-utan-stativ-skiffergra","status":"publish","type":"product","link":"https:\/\/nordicmart.andreevmaster.com\/sv\/produkt\/songmics-dubbel-parasoll-394-x-200-cm-upf-50-utan-stativ-skiffergra\/","title":{"rendered":"SONGMICS Dubbel parasoll 394 x 200 cm UPF 50+ utan stativ skiffergr\u00e5"},"content":{"rendered":"<p>SONGMICS Dubbel parasoll 394 x 200 cm, extra stort parasoll, tr\u00e4dg\u00e5rdsparasoll, UV-skydd upp till UPF 50+, terrassparasoll, med vev, tr\u00e4dg\u00e5rd, balkong, utomhus, utan stativ, beige GPU037L01<br \/>\nF\u00e4rg: skiffergr\u00e5<br \/>\nMaterial: Paraplyst\u00e5ng och paraplyribbor av metall, 180 g\/m\u00b2 polyester<br \/>\nH\u00f6jd: 223 cm<br \/>\nStorlek p\u00e5 sk\u00e4rmduken: 394 x 200 cm (L x B)<br \/>\nParaplymastens diameter: 38 mm<br \/>\nVikt: 8,9 kg<\/p>\n","protected":false},"excerpt":{"rendered":"<p>SONGMICS Dubbel parasoll 394 x 200 cm, extra stort parasoll, tr\u00e4dg\u00e5rdsparasoll, UV-skydd upp till UPF 50+, terrassparasoll, med vev, tr\u00e4dg\u00e5rd, balkong, utomhus, utan stativ, beige GPU037L01<\/p>\n","protected":false},"featured_media":40175,"comment_status":"open","ping_status":"closed","template":"","meta":[],"product_brand":[],"product_cat":[33],"product_tag":[],"class_list":{"0":"post-11833","1":"product","2":"type-product","3":"status-publish","4":"has-post-thumbnail","6":"product_cat-okategoriserad","8":"first","9":"instock","10":"shipping-taxable","11":"purchasable","12":"product-type-simple"},"_links":{"self":[{"href":"https:\/\/nordicmart.andreevmaster.com\/sv\/wp-json\/wp\/v2\/product\/11833","targetHints":{"allow":["GET"]}}],"collection":[{"href":"https:\/\/nordicmart.andreevmaster.com\/sv\/wp-json\/wp\/v2\/product"}],"about":[{"href":"https:\/\/nordicmart.andreevmaster.com\/sv\/wp-json\/wp\/v2\/types\/product"}],"replies":[{"embeddable":true,"href":"https:\/\/nordicmart.andreevmaster.com\/sv\/wp-json\/wp\/v2\/comments?post=11833"}],"wp:featuredmedia":[{"embeddable":true,"href":"https:\/\/nordicmart.andreevmaster.com\/sv\/wp-json\/wp\/v2\/media\/40175"}],"wp:attachment":[{"href":"https:\/\/nordicmart.andreevmaster.com\/sv\/wp-json\/wp\/v2\/media?parent=11833"}],"wp:term":[{"taxonomy":"product_brand","embeddable":true,"href":"https:\/\/nordicmart.andreevmaster.com\/sv\/wp-json\/wp\/v2\/product_brand?post=11833"},{"taxonomy":"product_cat","embeddable":true,"href":"https:\/\/nordicmart.andreevmaster.com\/sv\/wp-json\/wp\/v2\/product_cat?post=11833"},{"taxonomy":"product_tag","embeddable":true,"href":"https:\/\/nordicmart.andreevmaster.com\/sv\/wp-json\/wp\/v2\/product_tag?post=11833"}],"curies":[{"name":"wp","href":"https:\/\/api.w.org\/{rel}","templated":true}]}}