{"id":11830,"date":"2026-02-27T00:11:53","date_gmt":"2026-02-27T00:11:53","guid":{"rendered":"https:\/\/nordicmart.andreevmaster.com\/product\/songmics-dubbel-parasoll-460-x-270-cm-uv-skydd-upp-till-upf-50\/"},"modified":"2026-02-27T08:06:34","modified_gmt":"2026-02-27T08:06:34","slug":"songmics-dubbel-parasoll-460-x-270-cm-uv-skydd-upp-till-upf-50","status":"publish","type":"product","link":"https:\/\/nordicmart.andreevmaster.com\/sv\/produkt\/songmics-dubbel-parasoll-460-x-270-cm-uv-skydd-upp-till-upf-50\/","title":{"rendered":"SONGMICS dubbel parasoll 460 x 270 cm UV-skydd upp till UPF 50+"},"content":{"rendered":"<p>SONGMICS Dubbel parasoll 460 x 270 cm, extra stort parasoll, tr\u00e4dg\u00e5rdsparasoll, UV-skydd upp till UPF 50+, terrassparasoll, med vev, marknad, tr\u00e4dg\u00e5rd, balkong, utomhus, utan stativ, gr\u00e5 GPU36GY<\/p>\n<p>F\u00e4rg: skymningsbl\u00e5<br \/>\nMaterial: Paraplyst\u00e5ng och paraplyribbor av metall, 180 g\/m\u00b2 polyester<br \/>\nH\u00f6jd: 245 cm<br \/>\nStorlek p\u00e5 sk\u00e4rmduken: 460 x 270 cm (L x B)<br \/>\n\u00d8 paraplyst\u00e5ng: 48 mm<br \/>\nVikt: 11,5 kg<\/p>\n","protected":false},"excerpt":{"rendered":"<p>SONGMICS Dubbel parasoll 460 x 270 cm, extra stort parasoll, tr\u00e4dg\u00e5rdsparasoll, UV-skydd upp till UPF 50+, terrassparasoll, med vev, marknad, tr\u00e4dg\u00e5rd, balkong, utomhus, utan stativ, gr\u00e5 GPU36GY<\/p>\n","protected":false},"featured_media":40172,"comment_status":"open","ping_status":"closed","template":"","meta":[],"product_brand":[],"product_cat":[33],"product_tag":[],"class_list":{"0":"post-11830","1":"product","2":"type-product","3":"status-publish","4":"has-post-thumbnail","6":"product_cat-okategoriserad","8":"first","9":"instock","10":"shipping-taxable","11":"purchasable","12":"product-type-simple"},"_links":{"self":[{"href":"https:\/\/nordicmart.andreevmaster.com\/sv\/wp-json\/wp\/v2\/product\/11830","targetHints":{"allow":["GET"]}}],"collection":[{"href":"https:\/\/nordicmart.andreevmaster.com\/sv\/wp-json\/wp\/v2\/product"}],"about":[{"href":"https:\/\/nordicmart.andreevmaster.com\/sv\/wp-json\/wp\/v2\/types\/product"}],"replies":[{"embeddable":true,"href":"https:\/\/nordicmart.andreevmaster.com\/sv\/wp-json\/wp\/v2\/comments?post=11830"}],"wp:featuredmedia":[{"embeddable":true,"href":"https:\/\/nordicmart.andreevmaster.com\/sv\/wp-json\/wp\/v2\/media\/40172"}],"wp:attachment":[{"href":"https:\/\/nordicmart.andreevmaster.com\/sv\/wp-json\/wp\/v2\/media?parent=11830"}],"wp:term":[{"taxonomy":"product_brand","embeddable":true,"href":"https:\/\/nordicmart.andreevmaster.com\/sv\/wp-json\/wp\/v2\/product_brand?post=11830"},{"taxonomy":"product_cat","embeddable":true,"href":"https:\/\/nordicmart.andreevmaster.com\/sv\/wp-json\/wp\/v2\/product_cat?post=11830"},{"taxonomy":"product_tag","embeddable":true,"href":"https:\/\/nordicmart.andreevmaster.com\/sv\/wp-json\/wp\/v2\/product_tag?post=11830"}],"curies":[{"name":"wp","href":"https:\/\/api.w.org\/{rel}","templated":true}]}}