{"id":11828,"date":"2026-02-27T00:11:53","date_gmt":"2026-02-27T00:11:53","guid":{"rendered":"https:\/\/nordicmart.andreevmaster.com\/product\/songmics-parasoll-tradgardsparasoll-rott\/"},"modified":"2026-02-27T08:06:33","modified_gmt":"2026-02-27T08:06:33","slug":"songmics-parasoll-tradgardsparasoll-rott","status":"publish","type":"product","link":"https:\/\/nordicmart.andreevmaster.com\/sv\/produkt\/songmics-parasoll-tradgardsparasoll-rott\/","title":{"rendered":"SONGMICS parasoll tr\u00e4dg\u00e5rdsparasoll  r\u00f6tt"},"content":{"rendered":"<p>Varm sol, bl\u00e5 himmel, frisk luft, vacker natur&#8230; Vad v\u00e4ntar du p\u00e5? Dags att koppla av p\u00e5 balkongen! R\u00e4dsla f\u00f6r starka solstr\u00e5lar? Oroa dig inte. \u00d6ppna bara denna parasoll fr\u00e5n SONGMICS och njut av det vackra v\u00e4dret i skuggan! H\u00e4r \u00e4r h\u00f6jdpunkterna f\u00f6r denna parasoll: Parasollduken i 180 g\/m\u00b2 polyester tyg erbjuder ett utm\u00e4rkt UV-skydd upp till UPF 50+. Den h\u00f6gkvalitativa vikmekanismen i zinklegering garanterar en l\u00e5ng livsl\u00e4ngd.Parasollst\u00e5ngen i metall \u00e4r robust och ger dessutom din terrass en speciell touch. De 8 rektangul\u00e4ra parasollribborna ger parasollet ett starkt f\u00e4ste. Parasollet kan enkelt \u00f6ppnas och st\u00e4ngas med hj\u00e4lp av den praktiska veven. Du beh\u00f6ver bara skruva ihop den \u00f6vre st\u00e5ngen p\u00e5 parasollst\u00e5ngen med den nedre st\u00e5ngen, s\u00e5 har du en parasoll till ditt f\u00f6rfogande. Tack vare ventilations\u00f6ppningarna i den \u00f6vre delen kan parasollen st\u00e5 stabilt \u00e4ven vid svag vind. Produktdetaljer:F\u00e4rg: R\u00f6d Material: Paraplymast av metall, 180 g\/m\u00b2 polyestertyg \u00d8 Paraply: 2,7 m H\u00f6jd: 2,4 m Vikt: 7 kg Leveransomfattning: 1 x parasoll 1 x bruksanvisning SONGICs anvisningar: Placera tunga f\u00f6rem\u00e5l (ing\u00e5r ej i leveransen) p\u00e5 foten f\u00f6r att s\u00e4kerst\u00e4lla produktens stabilitet.\u00d6ppna inte parasollen med v\u00e5ld, utan f\u00f6rsiktigt och l\u00e5ngsamt. St\u00e4ng parasollen p\u00e5 natten, vid stark vind eller regnigt v\u00e4der f\u00f6r att undvika skador. Skydda parasollen med ett \u00f6verdrag (ing\u00e5r ej i leveransen) f\u00f6r att s\u00e4kerst\u00e4lla en l\u00e4ngre livsl\u00e4ngd.<\/p>\n","protected":false},"excerpt":{"rendered":"<p>SONGMICS parasoll, \u00d8 270 cm, tr\u00e4dg\u00e5rdsparasoll, marknadsparasoll, UV-skydd upp till UPF 50+, terrassparasoll, solskydd, b\u00f6jbart, med vev, utan stativ, tr\u00e4dg\u00e5rd, balkong, terrass, marinbl\u00e5 GPU027L01<\/p>\n","protected":false},"featured_media":40170,"comment_status":"open","ping_status":"closed","template":"","meta":[],"product_brand":[],"product_cat":[33],"product_tag":[],"class_list":{"0":"post-11828","1":"product","2":"type-product","3":"status-publish","4":"has-post-thumbnail","6":"product_cat-okategoriserad","8":"first","9":"instock","10":"shipping-taxable","11":"purchasable","12":"product-type-simple"},"_links":{"self":[{"href":"https:\/\/nordicmart.andreevmaster.com\/sv\/wp-json\/wp\/v2\/product\/11828","targetHints":{"allow":["GET"]}}],"collection":[{"href":"https:\/\/nordicmart.andreevmaster.com\/sv\/wp-json\/wp\/v2\/product"}],"about":[{"href":"https:\/\/nordicmart.andreevmaster.com\/sv\/wp-json\/wp\/v2\/types\/product"}],"replies":[{"embeddable":true,"href":"https:\/\/nordicmart.andreevmaster.com\/sv\/wp-json\/wp\/v2\/comments?post=11828"}],"wp:featuredmedia":[{"embeddable":true,"href":"https:\/\/nordicmart.andreevmaster.com\/sv\/wp-json\/wp\/v2\/media\/40170"}],"wp:attachment":[{"href":"https:\/\/nordicmart.andreevmaster.com\/sv\/wp-json\/wp\/v2\/media?parent=11828"}],"wp:term":[{"taxonomy":"product_brand","embeddable":true,"href":"https:\/\/nordicmart.andreevmaster.com\/sv\/wp-json\/wp\/v2\/product_brand?post=11828"},{"taxonomy":"product_cat","embeddable":true,"href":"https:\/\/nordicmart.andreevmaster.com\/sv\/wp-json\/wp\/v2\/product_cat?post=11828"},{"taxonomy":"product_tag","embeddable":true,"href":"https:\/\/nordicmart.andreevmaster.com\/sv\/wp-json\/wp\/v2\/product_tag?post=11828"}],"curies":[{"name":"wp","href":"https:\/\/api.w.org\/{rel}","templated":true}]}}