{"id":11825,"date":"2026-02-27T00:11:53","date_gmt":"2026-02-27T00:11:53","guid":{"rendered":"https:\/\/nordicmart.andreevmaster.com\/product\/songmics-parasoll-200-x-125-cm-vikbart\/"},"modified":"2026-02-27T08:06:33","modified_gmt":"2026-02-27T08:06:33","slug":"songmics-parasoll-200-x-125-cm-vikbart","status":"publish","type":"product","link":"https:\/\/nordicmart.andreevmaster.com\/sv\/produkt\/songmics-parasoll-200-x-125-cm-vikbart\/","title":{"rendered":"SONGMICS parasoll 200 x 125 cm, vikbart"},"content":{"rendered":"<p>Njut av det vackra v\u00e4dret i skuggan!   Utomhuss\u00e4songen har b\u00f6rjat och det \u00e4r dags att ta \u00f6ver tr\u00e4dg\u00e5rden eller terrassen! Men var f\u00f6rsiktig! T\u00e4nk p\u00e5 att ha ett adekvat solskydd! N\u00e4r du \u00e4ntligen \u00e5tertar ditt utomhusomr\u00e5de efter l\u00e5nga, kalla vinterdagar och njuter av en kaffepaus med familjen, \u00e4r det perfekta tillf\u00e4llet f\u00f6r att anv\u00e4nda detta parasoll! Vilka f\u00f6rdelar kan du f\u00f6rv\u00e4nta dig av detta parasoll?   Utm\u00e4rkt solskydd? Ja! Upp till UPF 50+. Justerbar lutningsvinkel och h\u00f6jd? Ja! Tack vare den robusta vikmekanismen i zinklegering och den praktiska vridknappen. Bra stabilitet vid l\u00e4tt vind? Ja! Tack vare paraplyst\u00e5ngen av pulverlackerad metall och de 4 extra f\u00f6rst\u00e4rkningsst\u00e4ngerna. Dessutom: V\u00e5rt paraply har en s\u00e4kerhetssp\u00e4rr som f\u00f6rhindrar att paraplyet st\u00e4ngs pl\u00f6tsligt. Vi tillhandah\u00e5ller \u00e4ven en transportv\u00e4ska s\u00e5 att du kan ta med dig parasollen vart du \u00e4n g\u00e5r. Produktdetaljer: &#8211; F\u00e4rg: r\u00f6d &#8211; Material: parasollst\u00e5ng av pulverlackerat st\u00e5l, 160 g\/m\u00b2 polyestertyg med PA-bel\u00e4ggning &#8211; H\u00f6jd: 2,4 m &#8211; Storlek p\u00e5 parasollduk: 2 x 1,25 m (L x B) &#8211; Vikt: 2,9 kg Leveransomfattning: &#8211; 1 x parasoll &#8211; 1 x transportv\u00e4ska &#8211; 1 x s\u00e4kerhetssp\u00e4rr SONGMICS Anvisningar: &#8211; Parasollfot ing\u00e5r inte. &#8211; \u00d6ppna inte parasollen med v\u00e5ld, utan f\u00f6rsiktigt och l\u00e5ngsamt.- St\u00e4ng parasollen p\u00e5 natten, vid stark vind eller regnigt v\u00e4der f\u00f6r att undvika skador. &#8211; Skydda parasollen med ett \u00f6verdrag (ing\u00e5r ej i leveransen) f\u00f6r att s\u00e4kerst\u00e4lla en l\u00e4ngre livsl\u00e4ngd. &#8211; St\u00e4ng parasollen l\u00e5ngsamt f\u00f6r att undvika att fingrarna fastnar.<\/p>\n","protected":false},"excerpt":{"rendered":"<p>SONGMICS parasoll f\u00f6r balkong, rektangul\u00e4rt tr\u00e4dg\u00e5rdsparasoll, 200 x 125 cm, UV-skydd upp till UPF 50+, b\u00f6jbart, parasollduk med PA-bel\u00e4ggning, f\u00f6r tr\u00e4dg\u00e5rd, terrass, utan stativ, gr\u00e5 GPU25GY<\/p>\n","protected":false},"featured_media":40167,"comment_status":"open","ping_status":"closed","template":"","meta":[],"product_brand":[],"product_cat":[33],"product_tag":[],"class_list":{"0":"post-11825","1":"product","2":"type-product","3":"status-publish","4":"has-post-thumbnail","6":"product_cat-okategoriserad","8":"first","9":"instock","10":"shipping-taxable","11":"purchasable","12":"product-type-simple"},"_links":{"self":[{"href":"https:\/\/nordicmart.andreevmaster.com\/sv\/wp-json\/wp\/v2\/product\/11825","targetHints":{"allow":["GET"]}}],"collection":[{"href":"https:\/\/nordicmart.andreevmaster.com\/sv\/wp-json\/wp\/v2\/product"}],"about":[{"href":"https:\/\/nordicmart.andreevmaster.com\/sv\/wp-json\/wp\/v2\/types\/product"}],"replies":[{"embeddable":true,"href":"https:\/\/nordicmart.andreevmaster.com\/sv\/wp-json\/wp\/v2\/comments?post=11825"}],"wp:featuredmedia":[{"embeddable":true,"href":"https:\/\/nordicmart.andreevmaster.com\/sv\/wp-json\/wp\/v2\/media\/40167"}],"wp:attachment":[{"href":"https:\/\/nordicmart.andreevmaster.com\/sv\/wp-json\/wp\/v2\/media?parent=11825"}],"wp:term":[{"taxonomy":"product_brand","embeddable":true,"href":"https:\/\/nordicmart.andreevmaster.com\/sv\/wp-json\/wp\/v2\/product_brand?post=11825"},{"taxonomy":"product_cat","embeddable":true,"href":"https:\/\/nordicmart.andreevmaster.com\/sv\/wp-json\/wp\/v2\/product_cat?post=11825"},{"taxonomy":"product_tag","embeddable":true,"href":"https:\/\/nordicmart.andreevmaster.com\/sv\/wp-json\/wp\/v2\/product_tag?post=11825"}],"curies":[{"name":"wp","href":"https:\/\/api.w.org\/{rel}","templated":true}]}}