{"id":11823,"date":"2026-02-27T00:11:52","date_gmt":"2026-02-27T00:11:52","guid":{"rendered":"https:\/\/nordicmart.andreevmaster.com\/product\/songmics-parasoll-200-x-125-cm-bojbart-och-hojdjusterbart\/"},"modified":"2026-02-27T08:06:33","modified_gmt":"2026-02-27T08:06:33","slug":"songmics-parasoll-200-x-125-cm-bojbart-och-hojdjusterbart","status":"publish","type":"product","link":"https:\/\/nordicmart.andreevmaster.com\/sv\/produkt\/songmics-parasoll-200-x-125-cm-bojbart-och-hojdjusterbart\/","title":{"rendered":"SONGMICS parasoll 200 x 125 cm, b\u00f6jbart och h\u00f6jdjusterbart"},"content":{"rendered":"<p>SONGMICS parasoll f\u00f6r balkong, rektangul\u00e4rt tr\u00e4dg\u00e5rdsparasoll, 200 x 125 cm, UV-skydd upp till UPF 50+, b\u00f6jbart, parasollduk med PA-bel\u00e4ggning, f\u00f6r tr\u00e4dg\u00e5rd, terrass, utan stativ, gr\u00e5 GPU25GY<br \/>\nF\u00e4rg: valn\u00f6tsbrun<br \/>\nMaterial: Ram av st\u00e5l, sk\u00e4rmduk av 160 g\/m\u00b2 polyesterv\u00e4v<br \/>\nStorlek p\u00e5 sk\u00e4rmduken: 200 x 125 cm (L x B)<br \/>\nH\u00f6jd i uppr\u00e4tt l\u00e4ge: 180\u2013240 cm<br \/>\n\u00d8 paraplyst\u00e5ng: \u00d6vre del 28 mm\/nedre del 32 mm<br \/>\nVikt: 2,9 kg<\/p>\n","protected":false},"excerpt":{"rendered":"<p>SONGMICS parasoll f\u00f6r balkong, rektangul\u00e4rt tr\u00e4dg\u00e5rdsparasoll, 200 x 125 cm, UV-skydd upp till UPF 50+, b\u00f6jbart, parasollduk med PA-bel\u00e4ggning, f\u00f6r tr\u00e4dg\u00e5rd, terrass, utan stativ, gr\u00e5 GPU25GY<\/p>\n","protected":false},"featured_media":40165,"comment_status":"open","ping_status":"closed","template":"","meta":[],"product_brand":[],"product_cat":[33],"product_tag":[],"class_list":{"0":"post-11823","1":"product","2":"type-product","3":"status-publish","4":"has-post-thumbnail","6":"product_cat-okategoriserad","8":"first","9":"instock","10":"shipping-taxable","11":"purchasable","12":"product-type-simple"},"_links":{"self":[{"href":"https:\/\/nordicmart.andreevmaster.com\/sv\/wp-json\/wp\/v2\/product\/11823","targetHints":{"allow":["GET"]}}],"collection":[{"href":"https:\/\/nordicmart.andreevmaster.com\/sv\/wp-json\/wp\/v2\/product"}],"about":[{"href":"https:\/\/nordicmart.andreevmaster.com\/sv\/wp-json\/wp\/v2\/types\/product"}],"replies":[{"embeddable":true,"href":"https:\/\/nordicmart.andreevmaster.com\/sv\/wp-json\/wp\/v2\/comments?post=11823"}],"wp:featuredmedia":[{"embeddable":true,"href":"https:\/\/nordicmart.andreevmaster.com\/sv\/wp-json\/wp\/v2\/media\/40165"}],"wp:attachment":[{"href":"https:\/\/nordicmart.andreevmaster.com\/sv\/wp-json\/wp\/v2\/media?parent=11823"}],"wp:term":[{"taxonomy":"product_brand","embeddable":true,"href":"https:\/\/nordicmart.andreevmaster.com\/sv\/wp-json\/wp\/v2\/product_brand?post=11823"},{"taxonomy":"product_cat","embeddable":true,"href":"https:\/\/nordicmart.andreevmaster.com\/sv\/wp-json\/wp\/v2\/product_cat?post=11823"},{"taxonomy":"product_tag","embeddable":true,"href":"https:\/\/nordicmart.andreevmaster.com\/sv\/wp-json\/wp\/v2\/product_tag?post=11823"}],"curies":[{"name":"wp","href":"https:\/\/api.w.org\/{rel}","templated":true}]}}