{"id":11821,"date":"2026-02-27T00:11:52","date_gmt":"2026-02-27T00:11:52","guid":{"rendered":"https:\/\/nordicmart.andreevmaster.com\/product\/songmics-parasoll-med-led-solbelysning-beige\/"},"modified":"2026-02-27T08:06:32","modified_gmt":"2026-02-27T08:06:32","slug":"songmics-parasoll-med-led-solbelysning-beige","status":"publish","type":"product","link":"https:\/\/nordicmart.andreevmaster.com\/sv\/produkt\/songmics-parasoll-med-led-solbelysning-beige\/","title":{"rendered":"SONGMICS parasoll med LED-solbelysning beige"},"content":{"rendered":"<p>Ger skugga under dagen: Nu beh\u00f6ver du inte l\u00e4ngre vara r\u00e4dd f\u00f6r starkt solljus! Oavsett om du vill ta en tupplur i tr\u00e4dg\u00e5rden, \u00e4ta med v\u00e4nner p\u00e5 terrassen eller njuta av en kaffepaus med familjen under bar himmel, s\u00e5 g\u00f6r denna parasoll dina planer till verklighet. Den \u00e4r tillverkad av 180 g\/m\u00b2 polyestertyg och erbjuder utm\u00e4rkt UV-skydd upp till UPF 50+. Utstr\u00e5lar romantik p\u00e5 kv\u00e4llen: S\u00e5 snart solen g\u00e5r ner b\u00f6rjar festen! T\u00e4nd LED-lamporna, som drivs av ett solpanel, och ge din balkong en romantisk atmosf\u00e4r. Middag med din partner? \u00d6verraskning vid midnatt p\u00e5 f\u00f6delsedagen? Njut av vackra stunder med dina n\u00e4ra och k\u00e4ra i ett mjukt ljus! Produktdetaljer: F\u00e4rg: Beige Material: Parasollst\u00e5ng av metall, 180 g\/m\u00b2 polyestertyg \u00d8 Parasoll: 3 m H\u00f6jd: 2,45 m Vikt: 13 kg Leveransomfattning: 1 x parasoll 1 x stativ 1 x bruksanvisning SONGICs anvisningar:Placera tunga f\u00f6rem\u00e5l (ing\u00e5r ej i leveransen) p\u00e5 foten f\u00f6r att s\u00e4kerst\u00e4lla produktens stabilitet. \u00d6ppna inte parasollen med v\u00e5ld, utan f\u00f6rsiktigt och l\u00e5ngsamt. St\u00e4ng parasollen p\u00e5 natten, vid stark vind eller regnigt v\u00e4der f\u00f6r att undvika skador.Skydda paraplyet med ett \u00f6verdrag (ing\u00e5r ej i leveransen) f\u00f6r att s\u00e4kerst\u00e4lla en l\u00e4ngre livsl\u00e4ngd.<\/p>\n","protected":false},"excerpt":{"rendered":"<p>SONGMICS parasoll med LED-solbelysning, takparasoll, tr\u00e4dg\u00e5rdsparasoll, 32 LED-lampor, \u00d8 300 cm, med stativ, UV-skydd upp till UPF 50+, med vev, f\u00f6r tr\u00e4dg\u00e5rd, terrass, marinbl\u00e5 GPU018L01<\/p>\n","protected":false},"featured_media":40163,"comment_status":"open","ping_status":"closed","template":"","meta":[],"product_brand":[],"product_cat":[33],"product_tag":[],"class_list":{"0":"post-11821","1":"product","2":"type-product","3":"status-publish","4":"has-post-thumbnail","6":"product_cat-okategoriserad","8":"first","9":"instock","10":"shipping-taxable","11":"purchasable","12":"product-type-simple"},"_links":{"self":[{"href":"https:\/\/nordicmart.andreevmaster.com\/sv\/wp-json\/wp\/v2\/product\/11821","targetHints":{"allow":["GET"]}}],"collection":[{"href":"https:\/\/nordicmart.andreevmaster.com\/sv\/wp-json\/wp\/v2\/product"}],"about":[{"href":"https:\/\/nordicmart.andreevmaster.com\/sv\/wp-json\/wp\/v2\/types\/product"}],"replies":[{"embeddable":true,"href":"https:\/\/nordicmart.andreevmaster.com\/sv\/wp-json\/wp\/v2\/comments?post=11821"}],"wp:featuredmedia":[{"embeddable":true,"href":"https:\/\/nordicmart.andreevmaster.com\/sv\/wp-json\/wp\/v2\/media\/40163"}],"wp:attachment":[{"href":"https:\/\/nordicmart.andreevmaster.com\/sv\/wp-json\/wp\/v2\/media?parent=11821"}],"wp:term":[{"taxonomy":"product_brand","embeddable":true,"href":"https:\/\/nordicmart.andreevmaster.com\/sv\/wp-json\/wp\/v2\/product_brand?post=11821"},{"taxonomy":"product_cat","embeddable":true,"href":"https:\/\/nordicmart.andreevmaster.com\/sv\/wp-json\/wp\/v2\/product_cat?post=11821"},{"taxonomy":"product_tag","embeddable":true,"href":"https:\/\/nordicmart.andreevmaster.com\/sv\/wp-json\/wp\/v2\/product_tag?post=11821"}],"curies":[{"name":"wp","href":"https:\/\/api.w.org\/{rel}","templated":true}]}}