{"id":11816,"date":"2026-02-27T00:11:51","date_gmt":"2026-02-27T00:11:51","guid":{"rendered":"https:\/\/nordicmart.andreevmaster.com\/product\/songmics-parasoll-beige\/"},"modified":"2026-02-27T08:06:32","modified_gmt":"2026-02-27T08:06:32","slug":"songmics-parasoll-beige","status":"publish","type":"product","link":"https:\/\/nordicmart.andreevmaster.com\/sv\/produkt\/songmics-parasoll-beige\/","title":{"rendered":"SONGMICS parasoll beige"},"content":{"rendered":"<p>Produktdetaljer: F\u00e4rg: Beige Material: Paraplyst\u00e5ng av metall, 180 g\/m\u00b2 polyestertyg \u00d8 Paraply: 3 m H\u00f6jd: 2,45 m Vikt: 13 kg Leveransomfattning: 1 x parasoll 1 x stativ 1 x bruksanvisning (DE, EN, FR, ES, IT) SONGMICS Anvisningar:Placera tunga f\u00f6rem\u00e5l (ing\u00e5r ej i leveransen) p\u00e5 foten f\u00f6r att s\u00e4kerst\u00e4lla produktens stabilitet. \u00d6ppna inte parasollen med v\u00e5ld, utan f\u00f6rsiktigt och l\u00e5ngsamt. St\u00e4ng parasollen p\u00e5 natten, vid stark vind eller regnigt v\u00e4der f\u00f6r att undvika skador.Skydda paraplyet med ett \u00f6verdrag (ing\u00e5r ej i leveransen) f\u00f6r att s\u00e4kerst\u00e4lla en l\u00e4ngre livsl\u00e4ngd.<\/p>\n","protected":false},"excerpt":{"rendered":"<p>SONGMICS parasoll, pendelparasoll \u00d8 300 cm, med vev f\u00f6r \u00f6ppning och st\u00e4ngning, solskydd, tr\u00e4dg\u00e5rdsparasoll, UV-skydd upp till UPF 50+, f\u00f6r tr\u00e4dg\u00e5rd, terrass, gr\u00e5 GPU016G01<\/p>\n","protected":false},"featured_media":40158,"comment_status":"open","ping_status":"closed","template":"","meta":[],"product_brand":[],"product_cat":[33],"product_tag":[],"class_list":{"0":"post-11816","1":"product","2":"type-product","3":"status-publish","4":"has-post-thumbnail","6":"product_cat-okategoriserad","8":"first","9":"instock","10":"shipping-taxable","11":"purchasable","12":"product-type-simple"},"_links":{"self":[{"href":"https:\/\/nordicmart.andreevmaster.com\/sv\/wp-json\/wp\/v2\/product\/11816","targetHints":{"allow":["GET"]}}],"collection":[{"href":"https:\/\/nordicmart.andreevmaster.com\/sv\/wp-json\/wp\/v2\/product"}],"about":[{"href":"https:\/\/nordicmart.andreevmaster.com\/sv\/wp-json\/wp\/v2\/types\/product"}],"replies":[{"embeddable":true,"href":"https:\/\/nordicmart.andreevmaster.com\/sv\/wp-json\/wp\/v2\/comments?post=11816"}],"wp:featuredmedia":[{"embeddable":true,"href":"https:\/\/nordicmart.andreevmaster.com\/sv\/wp-json\/wp\/v2\/media\/40158"}],"wp:attachment":[{"href":"https:\/\/nordicmart.andreevmaster.com\/sv\/wp-json\/wp\/v2\/media?parent=11816"}],"wp:term":[{"taxonomy":"product_brand","embeddable":true,"href":"https:\/\/nordicmart.andreevmaster.com\/sv\/wp-json\/wp\/v2\/product_brand?post=11816"},{"taxonomy":"product_cat","embeddable":true,"href":"https:\/\/nordicmart.andreevmaster.com\/sv\/wp-json\/wp\/v2\/product_cat?post=11816"},{"taxonomy":"product_tag","embeddable":true,"href":"https:\/\/nordicmart.andreevmaster.com\/sv\/wp-json\/wp\/v2\/product_tag?post=11816"}],"curies":[{"name":"wp","href":"https:\/\/api.w.org\/{rel}","templated":true}]}}