{"id":11813,"date":"2026-02-27T00:11:50","date_gmt":"2026-02-27T00:11:50","guid":{"rendered":"https:\/\/nordicmart.andreevmaster.com\/product\/songmics-parasoll-o-300-cm-gra\/"},"modified":"2026-02-27T08:06:31","modified_gmt":"2026-02-27T08:06:31","slug":"songmics-parasoll-o-300-cm-gra","status":"publish","type":"product","link":"https:\/\/nordicmart.andreevmaster.com\/sv\/produkt\/songmics-parasoll-o-300-cm-gra\/","title":{"rendered":"SONGMICS parasoll \u00d8 300 cm gr\u00e5"},"content":{"rendered":"<p>Varm sol, bl\u00e5 himmel, frisk luft, vacker natur&#8230; Vad v\u00e4ntar du p\u00e5? Dags att koppla av utomhus! R\u00e4dsla f\u00f6r starka solstr\u00e5lar? Oroa dig inte. \u00d6ppna bara denna parasoll fr\u00e5n SONGMICS med en diameter p\u00e5 3 m och njut av det vackra v\u00e4dret i skuggan! F\u00f6r en of\u00f6rgl\u00f6mlig sommar: Oavsett om du vill ta en tupplur i tr\u00e4dg\u00e5rden, \u00e4ta med v\u00e4nner p\u00e5 terrassen eller njuta av en kaffepaus med familjen under bar himmel, g\u00f6r denna parasoll alla dina planer till verklighet. Tillverkad av 180 g\/m\u00b2 polyestertyg, erbjuder den utm\u00e4rkt UV-skydd upp till UPF 50+. S\u00e5 du beh\u00f6ver inte oroa dig f\u00f6r att starkt solljus ska skada dina \u00f6gon och g\u00f6ra din hud r\u00f6d. Ett m\u00e5ste f\u00f6r sommaren! Stabil parasollst\u00e5ng av pulverlackerad metall, robusta och rektangul\u00e4ra parasollribbor, metallf\u00f6rst\u00e4rkta kopplingsdelar \u2013 denna parasoll kommer att vara din trogna f\u00f6ljeslagare n\u00e4r du tillbringar mycket tid utomhus p\u00e5 sommaren.Produktdetaljer: F\u00e4rg: Gr\u00e5 Material: Paraplyst\u00e5ng av metall, 180 g\/m\u00b2 polyestertyg \u00d8 Paraply: 3 m H\u00f6jd: 2,45 m Vikt: 13 kg Leveransomfattning: 1 x parasoll 1 x stativ 1 x bruksanvisning (DE, EN, FR, ES, IT) SONGMICS Anm\u00e4rkningar:Placera tunga f\u00f6rem\u00e5l (ing\u00e5r ej i leveransen) p\u00e5 foten f\u00f6r att s\u00e4kerst\u00e4lla produktens stabilitet. \u00d6ppna inte parasollen med v\u00e5ld, utan f\u00f6rsiktigt och l\u00e5ngsamt. St\u00e4ng parasollen p\u00e5 natten, vid stark vind eller regnigt v\u00e4der f\u00f6r att undvika skador.Skydda paraplyet med ett \u00f6verdrag (ing\u00e5r ej i leveransen) f\u00f6r att s\u00e4kerst\u00e4lla en l\u00e4ngre livsl\u00e4ngd.<\/p>\n","protected":false},"excerpt":{"rendered":"<p>SONGMICS parasoll, pendelparasoll \u00d8 300 cm, med vev f\u00f6r \u00f6ppning och st\u00e4ngning, solskydd, tr\u00e4dg\u00e5rdsparasoll, UV-skydd upp till UPF 50+, f\u00f6r tr\u00e4dg\u00e5rd, terrass, gr\u00e5 GPU016G01<\/p>\n","protected":false},"featured_media":40155,"comment_status":"open","ping_status":"closed","template":"","meta":[],"product_brand":[],"product_cat":[33],"product_tag":[],"class_list":{"0":"post-11813","1":"product","2":"type-product","3":"status-publish","4":"has-post-thumbnail","6":"product_cat-okategoriserad","8":"first","9":"instock","10":"shipping-taxable","11":"purchasable","12":"product-type-simple"},"_links":{"self":[{"href":"https:\/\/nordicmart.andreevmaster.com\/sv\/wp-json\/wp\/v2\/product\/11813","targetHints":{"allow":["GET"]}}],"collection":[{"href":"https:\/\/nordicmart.andreevmaster.com\/sv\/wp-json\/wp\/v2\/product"}],"about":[{"href":"https:\/\/nordicmart.andreevmaster.com\/sv\/wp-json\/wp\/v2\/types\/product"}],"replies":[{"embeddable":true,"href":"https:\/\/nordicmart.andreevmaster.com\/sv\/wp-json\/wp\/v2\/comments?post=11813"}],"wp:featuredmedia":[{"embeddable":true,"href":"https:\/\/nordicmart.andreevmaster.com\/sv\/wp-json\/wp\/v2\/media\/40155"}],"wp:attachment":[{"href":"https:\/\/nordicmart.andreevmaster.com\/sv\/wp-json\/wp\/v2\/media?parent=11813"}],"wp:term":[{"taxonomy":"product_brand","embeddable":true,"href":"https:\/\/nordicmart.andreevmaster.com\/sv\/wp-json\/wp\/v2\/product_brand?post=11813"},{"taxonomy":"product_cat","embeddable":true,"href":"https:\/\/nordicmart.andreevmaster.com\/sv\/wp-json\/wp\/v2\/product_cat?post=11813"},{"taxonomy":"product_tag","embeddable":true,"href":"https:\/\/nordicmart.andreevmaster.com\/sv\/wp-json\/wp\/v2\/product_tag?post=11813"}],"curies":[{"name":"wp","href":"https:\/\/api.w.org\/{rel}","templated":true}]}}