{"id":11810,"date":"2026-02-27T00:11:49","date_gmt":"2026-02-27T00:11:49","guid":{"rendered":"https:\/\/nordicmart.andreevmaster.com\/product\/songmics-parasoll-300-x-200-cm-beige\/"},"modified":"2026-02-27T08:06:30","modified_gmt":"2026-02-27T08:06:30","slug":"songmics-parasoll-300-x-200-cm-beige","status":"publish","type":"product","link":"https:\/\/nordicmart.andreevmaster.com\/sv\/produkt\/songmics-parasoll-300-x-200-cm-beige\/","title":{"rendered":"SONGMICS parasoll 300 x 200 cm beige"},"content":{"rendered":"<p>Sommar, sol, n\u00f6je: ut i det fria! Denna parasoll ser inte bara modern ut, utan erbjuder med sina m\u00e5tt p\u00e5 3 x 2 m ocks\u00e5 tillr\u00e4ckligt med skugga utomhus. Bjud in dina v\u00e4nner och njut av kalla drycker i friska luften under parasollen \u2013 utan att beh\u00f6va oroa dig f\u00f6r starkt solljus! De b\u00e4sta sk\u00e4len till varf\u00f6r detta parasoll \u00e4r r\u00e4tt f\u00f6r dig: Utm\u00e4rkt solskydd: Parasollduken erbjuder optimalt UV-skydd (UPF 50+) och blockerar 98 % av UV-str\u00e5larna. Robust vikmekanism: F\u00e4llmekanismen \u00e4r tillverkad av zinklegering och garanterar l\u00e5ng livsl\u00e4ngd. Enkel att \u00f6ppna och st\u00e4nga: Paraplyet \u00e4r enkelt att \u00f6ppna och st\u00e4nga tack vare den praktiska veven. H\u00f6g stabilitet: De rektangul\u00e4ra ribborna ger balkongparaplyet extra stabilitet. Produktdetaljer:F\u00e4rg: Beige. Material: Paraplyst\u00e5ng av metall, paraplyduk av 180 g\/m\u00b2 polyester. Storlek p\u00e5 paraplyduk: 3 x 2 m (L x B). H\u00f6jd: 2,4 m. Vikt: 6,2 kg. Leveransomfattning: 1 x parasoll, 1 x bruksanvisning. SONGICs anm\u00e4rkningar:Parasollfot ing\u00e5r inte i leveransen. \u00d6ppna inte parasollen med v\u00e5ld, utan f\u00f6rsiktigt och l\u00e5ngsamt. St\u00e4ng parasollen p\u00e5 natten, vid stark vind eller regnigt v\u00e4der f\u00f6r att undvika skador. Skydda parasollen med ett \u00f6verdrag (ing\u00e5r inte i leveransen) f\u00f6r att s\u00e4kerst\u00e4lla en l\u00e4ngre livsl\u00e4ngd.<\/p>\n","protected":false},"excerpt":{"rendered":"<p>SONGMICS Rektangul\u00e4rt parasoll, 300 x 200 cm, solskydd f\u00f6r balkong, balkongparasoll, UPF 50+, tr\u00e4dg\u00e5rdsparasoll, vikbart, med vev, f\u00f6r tr\u00e4dg\u00e5rd, terrass, utan stativ, r\u00f6tt GPU013R01<\/p>\n","protected":false},"featured_media":40152,"comment_status":"open","ping_status":"closed","template":"","meta":[],"product_brand":[],"product_cat":[33],"product_tag":[],"class_list":{"0":"post-11810","1":"product","2":"type-product","3":"status-publish","4":"has-post-thumbnail","6":"product_cat-okategoriserad","8":"first","9":"instock","10":"shipping-taxable","11":"purchasable","12":"product-type-simple"},"_links":{"self":[{"href":"https:\/\/nordicmart.andreevmaster.com\/sv\/wp-json\/wp\/v2\/product\/11810","targetHints":{"allow":["GET"]}}],"collection":[{"href":"https:\/\/nordicmart.andreevmaster.com\/sv\/wp-json\/wp\/v2\/product"}],"about":[{"href":"https:\/\/nordicmart.andreevmaster.com\/sv\/wp-json\/wp\/v2\/types\/product"}],"replies":[{"embeddable":true,"href":"https:\/\/nordicmart.andreevmaster.com\/sv\/wp-json\/wp\/v2\/comments?post=11810"}],"wp:featuredmedia":[{"embeddable":true,"href":"https:\/\/nordicmart.andreevmaster.com\/sv\/wp-json\/wp\/v2\/media\/40152"}],"wp:attachment":[{"href":"https:\/\/nordicmart.andreevmaster.com\/sv\/wp-json\/wp\/v2\/media?parent=11810"}],"wp:term":[{"taxonomy":"product_brand","embeddable":true,"href":"https:\/\/nordicmart.andreevmaster.com\/sv\/wp-json\/wp\/v2\/product_brand?post=11810"},{"taxonomy":"product_cat","embeddable":true,"href":"https:\/\/nordicmart.andreevmaster.com\/sv\/wp-json\/wp\/v2\/product_cat?post=11810"},{"taxonomy":"product_tag","embeddable":true,"href":"https:\/\/nordicmart.andreevmaster.com\/sv\/wp-json\/wp\/v2\/product_tag?post=11810"}],"curies":[{"name":"wp","href":"https:\/\/api.w.org\/{rel}","templated":true}]}}