{"id":11808,"date":"2026-02-27T00:11:49","date_gmt":"2026-02-27T00:11:49","guid":{"rendered":"https:\/\/nordicmart.andreevmaster.com\/product\/songmics-parasoll-o-290-cm\/"},"modified":"2026-02-27T08:06:30","modified_gmt":"2026-02-27T08:06:30","slug":"songmics-parasoll-o-290-cm","status":"publish","type":"product","link":"https:\/\/nordicmart.andreevmaster.com\/sv\/produkt\/songmics-parasoll-o-290-cm\/","title":{"rendered":"SONGMICS parasoll \u00d8 290 cm"},"content":{"rendered":"<p>Sommar, sol, solskydd: Kan du inte v\u00e4nta p\u00e5 att f\u00e5 njuta av den friska luften och den varma solen utomhus? \u00d6ppna detta parasoll med hj\u00e4lp av veven, luta det s\u00e5 att det alltid ger skugga p\u00e5 r\u00e4tt st\u00e4lle och koppla av med en kopp kaffe, prata med v\u00e4nner eller l\u00e4s en bra bok.\u00d6versikt \u00f6ver parasollets h\u00f6jdpunkter: Solduken \u00e4r tillverkad av 180 g\/m\u00b2 polyestertyg, erbjuder utm\u00e4rkt UV-skydd upp till UPF 50+ och kan enkelt avv\u00e4rja 98 % av UV-str\u00e5larna. B\u00f6jmekanismen av h\u00f6gkvalitativ metalllegering garanterar l\u00e5ng livsl\u00e4ngd. Parasollen kan enkelt \u00f6ppnas och st\u00e4ngas med hj\u00e4lp av veven.De robusta rektangul\u00e4ra parasollribborna ger parasollen god stabilitet. Produktdetaljer: F\u00e4rg: Bl\u00e5-vit randig Material: Parasollst\u00e5ng av metall, 180 g\/m\u00b2 polyestertyg \u00d8 Parasoll: 2,9 m Vikt: 6,6 kg Leveransomfattning: 1 x parasoll 1 x bruksanvisning SONGMICS Anm\u00e4rkningar:Parasollfot ing\u00e5r inte. \u00d6ppna inte parasollen med v\u00e5ld, utan f\u00f6rsiktigt och l\u00e5ngsamt. St\u00e4ng parasollen p\u00e5 natten, vid stark vind eller regnigt v\u00e4der f\u00f6r att undvika skador. Skydda parasollen med ett \u00f6verdrag (ing\u00e5r ej i leveransen) f\u00f6r att s\u00e4kerst\u00e4lla en l\u00e4ngre livsl\u00e4ngd.<\/p>\n","protected":false},"excerpt":{"rendered":"<p>SONGMICS parasoll, \u00d8 290 cm, solskydd, 8 parasollribbor, UV-skydd upp till UPF 50+, vikbar, med vev, utan stativ, utomhus, tr\u00e4dg\u00e5rd, balkong, terrass, bl\u00e5-vit randig GPU010Q01<\/p>\n","protected":false},"featured_media":40150,"comment_status":"open","ping_status":"closed","template":"","meta":[],"product_brand":[],"product_cat":[33],"product_tag":[],"class_list":{"0":"post-11808","1":"product","2":"type-product","3":"status-publish","4":"has-post-thumbnail","6":"product_cat-okategoriserad","8":"first","9":"instock","10":"shipping-taxable","11":"purchasable","12":"product-type-simple"},"_links":{"self":[{"href":"https:\/\/nordicmart.andreevmaster.com\/sv\/wp-json\/wp\/v2\/product\/11808","targetHints":{"allow":["GET"]}}],"collection":[{"href":"https:\/\/nordicmart.andreevmaster.com\/sv\/wp-json\/wp\/v2\/product"}],"about":[{"href":"https:\/\/nordicmart.andreevmaster.com\/sv\/wp-json\/wp\/v2\/types\/product"}],"replies":[{"embeddable":true,"href":"https:\/\/nordicmart.andreevmaster.com\/sv\/wp-json\/wp\/v2\/comments?post=11808"}],"wp:featuredmedia":[{"embeddable":true,"href":"https:\/\/nordicmart.andreevmaster.com\/sv\/wp-json\/wp\/v2\/media\/40150"}],"wp:attachment":[{"href":"https:\/\/nordicmart.andreevmaster.com\/sv\/wp-json\/wp\/v2\/media?parent=11808"}],"wp:term":[{"taxonomy":"product_brand","embeddable":true,"href":"https:\/\/nordicmart.andreevmaster.com\/sv\/wp-json\/wp\/v2\/product_brand?post=11808"},{"taxonomy":"product_cat","embeddable":true,"href":"https:\/\/nordicmart.andreevmaster.com\/sv\/wp-json\/wp\/v2\/product_cat?post=11808"},{"taxonomy":"product_tag","embeddable":true,"href":"https:\/\/nordicmart.andreevmaster.com\/sv\/wp-json\/wp\/v2\/product_tag?post=11808"}],"curies":[{"name":"wp","href":"https:\/\/api.w.org\/{rel}","templated":true}]}}