{"id":11804,"date":"2026-02-27T00:11:48","date_gmt":"2026-02-27T00:11:48","guid":{"rendered":"https:\/\/nordicmart.andreevmaster.com\/product\/songmics-parasoll-160-cm-kan-bojas-30-pa-bada-sidor-hojdjusterbart-blatt-vitt\/"},"modified":"2026-02-27T08:06:30","modified_gmt":"2026-02-27T08:06:30","slug":"songmics-parasoll-160-cm-kan-bojas-30-pa-bada-sidor-hojdjusterbart-blatt-vitt","status":"publish","type":"product","link":"https:\/\/nordicmart.andreevmaster.com\/sv\/produkt\/songmics-parasoll-160-cm-kan-bojas-30-pa-bada-sidor-hojdjusterbart-blatt-vitt\/","title":{"rendered":"SONGMICS parasoll 160 cm, kan b\u00f6jas 30\u00b0 p\u00e5 b\u00e5da sidor, h\u00f6jdjusterbart, bl\u00e5tt-vitt"},"content":{"rendered":"<p>SONGMICS parasoll 160 cm, strandparasoll, solskydd UPF 50+, kan b\u00f6jas 30\u00b0 p\u00e5 b\u00e5da sidor, h\u00f6jdjusterbar, f\u00f6rvaringsyta, krok, f\u00f6r stranden, tr\u00e4dg\u00e5rden, utan stativ, bl\u00e5 GPU0080Q01<br \/>\nF\u00e4rg: Bl\u00e5-vit<br \/>\nMaterial: st\u00e5l, polyester<br \/>\nStorlek p\u00e5 sk\u00e4rmduken: 160 cm d<br \/>\nH\u00f6jd i uppr\u00e4tt l\u00e4ge: 158\u2013206 cm<br \/>\nVikt: 1,8 kg<\/p>\n","protected":false},"excerpt":{"rendered":"<p>SONGMICS parasoll 160 cm, strandparasoll, solskydd UPF 50+, kan b\u00f6jas 30\u00b0 p\u00e5 b\u00e5da sidor, h\u00f6jdjusterbar, f\u00f6rvaringsyta, krok, f\u00f6r stranden, tr\u00e4dg\u00e5rden, utan stativ, bl\u00e5 GPU0080Q01<\/p>\n","protected":false},"featured_media":40146,"comment_status":"open","ping_status":"closed","template":"","meta":[],"product_brand":[],"product_cat":[33],"product_tag":[],"class_list":{"0":"post-11804","1":"product","2":"type-product","3":"status-publish","4":"has-post-thumbnail","6":"product_cat-okategoriserad","8":"first","9":"instock","10":"shipping-taxable","11":"purchasable","12":"product-type-simple"},"_links":{"self":[{"href":"https:\/\/nordicmart.andreevmaster.com\/sv\/wp-json\/wp\/v2\/product\/11804","targetHints":{"allow":["GET"]}}],"collection":[{"href":"https:\/\/nordicmart.andreevmaster.com\/sv\/wp-json\/wp\/v2\/product"}],"about":[{"href":"https:\/\/nordicmart.andreevmaster.com\/sv\/wp-json\/wp\/v2\/types\/product"}],"replies":[{"embeddable":true,"href":"https:\/\/nordicmart.andreevmaster.com\/sv\/wp-json\/wp\/v2\/comments?post=11804"}],"wp:featuredmedia":[{"embeddable":true,"href":"https:\/\/nordicmart.andreevmaster.com\/sv\/wp-json\/wp\/v2\/media\/40146"}],"wp:attachment":[{"href":"https:\/\/nordicmart.andreevmaster.com\/sv\/wp-json\/wp\/v2\/media?parent=11804"}],"wp:term":[{"taxonomy":"product_brand","embeddable":true,"href":"https:\/\/nordicmart.andreevmaster.com\/sv\/wp-json\/wp\/v2\/product_brand?post=11804"},{"taxonomy":"product_cat","embeddable":true,"href":"https:\/\/nordicmart.andreevmaster.com\/sv\/wp-json\/wp\/v2\/product_cat?post=11804"},{"taxonomy":"product_tag","embeddable":true,"href":"https:\/\/nordicmart.andreevmaster.com\/sv\/wp-json\/wp\/v2\/product_tag?post=11804"}],"curies":[{"name":"wp","href":"https:\/\/api.w.org\/{rel}","templated":true}]}}