{"id":11802,"date":"2026-02-27T00:11:48","date_gmt":"2026-02-27T00:11:48","guid":{"rendered":"https:\/\/nordicmart.andreevmaster.com\/product\/songmics-stor-tradgardsbord-med-glas-gra\/"},"modified":"2026-02-27T08:06:29","modified_gmt":"2026-02-27T08:06:29","slug":"songmics-stor-tradgardsbord-med-glas-gra","status":"publish","type":"product","link":"https:\/\/nordicmart.andreevmaster.com\/sv\/produkt\/songmics-stor-tradgardsbord-med-glas-gra\/","title":{"rendered":"SONGMICS Stor tr\u00e4dg\u00e5rdsbord med glas Gr\u00e5"},"content":{"rendered":"<p>Produktdetaljer: F\u00e4rg: Svartgr\u00e5 Material: H\u00e5rt glas, aluminium Storlek: 150 x 90 x 73 cm (L x B x H) Vikt: 21 kg Max. statisk belastningskapacitet: 75 kg Leveransomfattning: 1 x tr\u00e4dg\u00e5rdsbord 1 x tillbeh\u00f6rsp\u00e5se 1 x bruksanvisning (DE, EN, FR, ES, IT) SONGMICS Anm\u00e4rkningar:Var f\u00f6rsiktig n\u00e4r du monterar glasbordsskivan. Glasplattans h\u00f6rn \u00e4r s\u00e4rskilt \u00f6mt\u00e5liga. Vi rekommenderar att du skyddar produkten fr\u00e5n v\u00e4derp\u00e5verkan med ett \u00f6verdrag. Av s\u00e4kerhetssk\u00e4l \u00e4r det f\u00f6rbjudet f\u00f6r barn att kl\u00e4ttra p\u00e5 eller leka med produkten. Produktens max. statiska belastningskapacitet \u00e4r 75 kg. \u00d6verskrid inte denna maxvikt.<\/p>\n","protected":false},"excerpt":{"rendered":"<p>SONGMICS tr\u00e4dg\u00e5rdsbord, glas, balkongbord, rektangul\u00e4rt, utomhus, picknick, fest, bordsskiva av h\u00e5rt glas, stativ av aluminium, 150 x 90 x 73 cm, svart GPT09BK<\/p>\n","protected":false},"featured_media":40144,"comment_status":"open","ping_status":"closed","template":"","meta":[],"product_brand":[],"product_cat":[33],"product_tag":[],"class_list":{"0":"post-11802","1":"product","2":"type-product","3":"status-publish","4":"has-post-thumbnail","6":"product_cat-okategoriserad","8":"first","9":"instock","10":"shipping-taxable","11":"purchasable","12":"product-type-simple"},"_links":{"self":[{"href":"https:\/\/nordicmart.andreevmaster.com\/sv\/wp-json\/wp\/v2\/product\/11802","targetHints":{"allow":["GET"]}}],"collection":[{"href":"https:\/\/nordicmart.andreevmaster.com\/sv\/wp-json\/wp\/v2\/product"}],"about":[{"href":"https:\/\/nordicmart.andreevmaster.com\/sv\/wp-json\/wp\/v2\/types\/product"}],"replies":[{"embeddable":true,"href":"https:\/\/nordicmart.andreevmaster.com\/sv\/wp-json\/wp\/v2\/comments?post=11802"}],"wp:featuredmedia":[{"embeddable":true,"href":"https:\/\/nordicmart.andreevmaster.com\/sv\/wp-json\/wp\/v2\/media\/40144"}],"wp:attachment":[{"href":"https:\/\/nordicmart.andreevmaster.com\/sv\/wp-json\/wp\/v2\/media?parent=11802"}],"wp:term":[{"taxonomy":"product_brand","embeddable":true,"href":"https:\/\/nordicmart.andreevmaster.com\/sv\/wp-json\/wp\/v2\/product_brand?post=11802"},{"taxonomy":"product_cat","embeddable":true,"href":"https:\/\/nordicmart.andreevmaster.com\/sv\/wp-json\/wp\/v2\/product_cat?post=11802"},{"taxonomy":"product_tag","embeddable":true,"href":"https:\/\/nordicmart.andreevmaster.com\/sv\/wp-json\/wp\/v2\/product_tag?post=11802"}],"curies":[{"name":"wp","href":"https:\/\/api.w.org\/{rel}","templated":true}]}}