{"id":11801,"date":"2026-02-27T00:11:48","date_gmt":"2026-02-27T00:11:48","guid":{"rendered":"https:\/\/nordicmart.andreevmaster.com\/product\/songmics-stor-tradgardsbord-med-glas-svart\/"},"modified":"2026-02-27T08:06:29","modified_gmt":"2026-02-27T08:06:29","slug":"songmics-stor-tradgardsbord-med-glas-svart","status":"publish","type":"product","link":"https:\/\/nordicmart.andreevmaster.com\/sv\/produkt\/songmics-stor-tradgardsbord-med-glas-svart\/","title":{"rendered":"SONGMICS Stor tr\u00e4dg\u00e5rdsbord med glas Svart"},"content":{"rendered":"<p>\u00c4ta, dricka och koppla av: Frisk luft, varm sol, mild vind \u2013 dags att koppla av utomhus med familjen! Vill du njuta av din frukost p\u00e5 balkongen i morgonsolen? Vill du sitta och prata med din familj \u00f6ver en kopp kaffe? Vill du ordna en cocktailparty i tr\u00e4dg\u00e5rden och bjuda in dina v\u00e4nner? Detta tr\u00e4dg\u00e5rdsbord ger dig en perfekt plats och g\u00f6r alla dina planer till verklighet! Styrka och stil: Tidl\u00f6s svart, modern design \u2013 detta bord \u00e4r ett stilfullt tillskott till din tr\u00e4dg\u00e5rd, terrass eller balkong. Bordsskiva av h\u00e4rdat glas, stativ av aluminium \u2013 Kombinationen av dessa material ger en god b\u00e4rkraft (upp till 75 kg) samtidigt som bordet \u00e4r l\u00e4tt, s\u00e5 att du enkelt kan flytta det fr\u00e5n tr\u00e4dg\u00e5rden till huset.Produktdetaljer: F\u00e4rg: Svart Material: H\u00e5rt glas, aluminium Storlek: 150 x 90 x 73 cm (L x B x H) Vikt: 21 kg Max. statisk belastningsf\u00f6rm\u00e5ga: 75 kg Leveransomfattning: 1 x tr\u00e4dg\u00e5rdsbord 1 x tillbeh\u00f6rsp\u00e5se 1 x instruktioner (DE, EN, FR, ES, IT) SONGMICS Anm\u00e4rkningar:Var f\u00f6rsiktig n\u00e4r du monterar glasbordsskivan. Glasplattans h\u00f6rn \u00e4r s\u00e4rskilt \u00f6mt\u00e5liga. Vi rekommenderar att du skyddar produkten fr\u00e5n v\u00e4derp\u00e5verkan med ett \u00f6verdrag. Av s\u00e4kerhetssk\u00e4l \u00e4r det f\u00f6rbjudet f\u00f6r barn att kl\u00e4ttra p\u00e5 eller leka med produkten. Produktens max. statiska belastningskapacitet \u00e4r 75 kg. \u00d6verskrid inte denna maxvikt.<\/p>\n","protected":false},"excerpt":{"rendered":"<p>SONGMICS tr\u00e4dg\u00e5rdsbord, glas, balkongbord, rektangul\u00e4rt, utomhus, picknick, fest, bordsskiva av h\u00e5rt glas, stativ av aluminium, 150 x 90 x 73 cm, svart GPT09BK<\/p>\n","protected":false},"featured_media":40143,"comment_status":"open","ping_status":"closed","template":"","meta":[],"product_brand":[],"product_cat":[33],"product_tag":[],"class_list":{"0":"post-11801","1":"product","2":"type-product","3":"status-publish","4":"has-post-thumbnail","6":"product_cat-okategoriserad","8":"first","9":"instock","10":"shipping-taxable","11":"purchasable","12":"product-type-simple"},"_links":{"self":[{"href":"https:\/\/nordicmart.andreevmaster.com\/sv\/wp-json\/wp\/v2\/product\/11801","targetHints":{"allow":["GET"]}}],"collection":[{"href":"https:\/\/nordicmart.andreevmaster.com\/sv\/wp-json\/wp\/v2\/product"}],"about":[{"href":"https:\/\/nordicmart.andreevmaster.com\/sv\/wp-json\/wp\/v2\/types\/product"}],"replies":[{"embeddable":true,"href":"https:\/\/nordicmart.andreevmaster.com\/sv\/wp-json\/wp\/v2\/comments?post=11801"}],"wp:featuredmedia":[{"embeddable":true,"href":"https:\/\/nordicmart.andreevmaster.com\/sv\/wp-json\/wp\/v2\/media\/40143"}],"wp:attachment":[{"href":"https:\/\/nordicmart.andreevmaster.com\/sv\/wp-json\/wp\/v2\/media?parent=11801"}],"wp:term":[{"taxonomy":"product_brand","embeddable":true,"href":"https:\/\/nordicmart.andreevmaster.com\/sv\/wp-json\/wp\/v2\/product_brand?post=11801"},{"taxonomy":"product_cat","embeddable":true,"href":"https:\/\/nordicmart.andreevmaster.com\/sv\/wp-json\/wp\/v2\/product_cat?post=11801"},{"taxonomy":"product_tag","embeddable":true,"href":"https:\/\/nordicmart.andreevmaster.com\/sv\/wp-json\/wp\/v2\/product_tag?post=11801"}],"curies":[{"name":"wp","href":"https:\/\/api.w.org\/{rel}","templated":true}]}}