{"id":11798,"date":"2026-02-27T00:11:47","date_gmt":"2026-02-27T00:11:47","guid":{"rendered":"https:\/\/nordicmart.andreevmaster.com\/product\/songmics-balkonghangbord-i-polyrotting-svart\/"},"modified":"2026-02-27T08:06:29","modified_gmt":"2026-02-27T08:06:29","slug":"songmics-balkonghangbord-i-polyrotting-svart","status":"publish","type":"product","link":"https:\/\/nordicmart.andreevmaster.com\/sv\/produkt\/songmics-balkonghangbord-i-polyrotting-svart\/","title":{"rendered":"SONGMICS balkongh\u00e4ngbord i polyrotting, svart"},"content":{"rendered":"<p>En v\u00e4lsignelse f\u00f6r sm\u00e5 balkonger: Varm solsken, milda vindar \u2013 finns det n\u00e5got b\u00e4ttre \u00e4n att sitta p\u00e5 balkongen i s\u00e5dant v\u00e4der med en bok, en kopp kaffe och snacks inom r\u00e4ckh\u00e5ll? \u00c4ven om du bara har en liten balkong erbjuder detta balkongh\u00e4ngande bord stor komfort. Flexibel design: Tack vare de justerbara upph\u00e4ngningskrokarna p\u00e5 detta bord kan du f\u00e4sta det p\u00e5 br\u00f6stv\u00e4rn och r\u00e4cken med olika bredd. Dessutom \u00e4r bordsskivan h\u00f6j- och s\u00e4nkbar, s\u00e5 att du kan hitta den perfekta h\u00f6jden f\u00f6r din b\u00e4rbara dator eller dina drycker.Ett bord, flera anv\u00e4ndningsomr\u00e5den: G\u00f6r det till ett mini-matbord f\u00f6r att dricka en kopp kaffe medan du njuter av soluppg\u00e5ngen, st\u00e4ll det som ett bistrobord utomhus f\u00f6r att prata med dina gamla v\u00e4nner \u00f6ver ett glas vin, eller anv\u00e4nd det som ett hyllbord f\u00f6r v\u00e4xter som gillar att sola sig. Din katt kan till och med ta en tupplur p\u00e5 bordsskivan. Produktdetaljer: F\u00e4rg: Brun Material: J\u00e4rn, HDPE-plast (h\u00f6gdensitetspolyeten) Storlek p\u00e5 bordsskivan: 60 x 40 cm (L x B)L\u00e4mplig f\u00f6r denna br\u00f6stv\u00e4rns- eller r\u00e4cke bredd: 6-15 cm Storlek utf\u00e4lld: 60 x 63 x 83,5 cm (L x B x H) Vikt: 3,4 kg Max. statisk belastningskapacitet: 20 kg Leveransomfattning: 1 x balkongbord 1 x instruktioner (DE, EN, FR, ES, IT) SONGMICS Anm\u00e4rkningar:Vi rekommenderar att produkten f\u00f6rvaras inomhus n\u00e4r den inte anv\u00e4nds under en l\u00e4ngre tid.<\/p>\n","protected":false},"excerpt":{"rendered":"<p>SONGMICS balkongh\u00e4ngbord, balkongbord att h\u00e4nga upp, f\u00e4llbart bord, 3-stegs h\u00f6j- och s\u00e4nkbar, hopf\u00e4llbart, utomhus, balkong, terrass, polyrotting, svart GPT07BK<\/p>\n","protected":false},"featured_media":40140,"comment_status":"open","ping_status":"closed","template":"","meta":[],"product_brand":[],"product_cat":[33],"product_tag":[],"class_list":{"0":"post-11798","1":"product","2":"type-product","3":"status-publish","4":"has-post-thumbnail","6":"product_cat-okategoriserad","8":"first","9":"instock","10":"shipping-taxable","11":"purchasable","12":"product-type-simple"},"_links":{"self":[{"href":"https:\/\/nordicmart.andreevmaster.com\/sv\/wp-json\/wp\/v2\/product\/11798","targetHints":{"allow":["GET"]}}],"collection":[{"href":"https:\/\/nordicmart.andreevmaster.com\/sv\/wp-json\/wp\/v2\/product"}],"about":[{"href":"https:\/\/nordicmart.andreevmaster.com\/sv\/wp-json\/wp\/v2\/types\/product"}],"replies":[{"embeddable":true,"href":"https:\/\/nordicmart.andreevmaster.com\/sv\/wp-json\/wp\/v2\/comments?post=11798"}],"wp:featuredmedia":[{"embeddable":true,"href":"https:\/\/nordicmart.andreevmaster.com\/sv\/wp-json\/wp\/v2\/media\/40140"}],"wp:attachment":[{"href":"https:\/\/nordicmart.andreevmaster.com\/sv\/wp-json\/wp\/v2\/media?parent=11798"}],"wp:term":[{"taxonomy":"product_brand","embeddable":true,"href":"https:\/\/nordicmart.andreevmaster.com\/sv\/wp-json\/wp\/v2\/product_brand?post=11798"},{"taxonomy":"product_cat","embeddable":true,"href":"https:\/\/nordicmart.andreevmaster.com\/sv\/wp-json\/wp\/v2\/product_cat?post=11798"},{"taxonomy":"product_tag","embeddable":true,"href":"https:\/\/nordicmart.andreevmaster.com\/sv\/wp-json\/wp\/v2\/product_tag?post=11798"}],"curies":[{"name":"wp","href":"https:\/\/api.w.org\/{rel}","templated":true}]}}