{"id":11797,"date":"2026-02-27T00:11:47","date_gmt":"2026-02-27T00:11:47","guid":{"rendered":"https:\/\/nordicmart.andreevmaster.com\/product\/songmics-tradgardsbord-i-traimitation-svart\/"},"modified":"2026-02-27T08:06:28","modified_gmt":"2026-02-27T08:06:28","slug":"songmics-tradgardsbord-i-traimitation-svart","status":"publish","type":"product","link":"https:\/\/nordicmart.andreevmaster.com\/sv\/produkt\/songmics-tradgardsbord-i-traimitation-svart\/","title":{"rendered":"SONGMICS tr\u00e4dg\u00e5rdsbord i tr\u00e4imitation, svart"},"content":{"rendered":"<p>Produktbeskrivning:SONGMICS \u2013 detta varum\u00e4rke st\u00e5r inte bara f\u00f6r stilfulla och robusta inredningsf\u00f6rem\u00e5l. Vi vill ocks\u00e5 erbjuda praktiska, v\u00e4derbest\u00e4ndiga och stabila m\u00f6bler f\u00f6r utomhusbruk, s\u00e5 att du kan njuta \u00e4nnu mer av din fritid. Ett utomhusbord f\u00f6r alla tillf\u00e4llen Om du gillar att tillbringa din fritid p\u00e5 terrassen eller balkongen \u00e4r bordet ovan ett praktiskt komplement till dina tr\u00e4dg\u00e5rdsm\u00f6bler.Oavsett om du vill st\u00e4lla grillkorv och \u00f6l p\u00e5 terrassen eller en vacker krukv\u00e4xt och din kaffekopp p\u00e5 balkongen, garanterar de stabila j\u00e4rnbenen med m\u00e5nga skruvar och den robusta bordsskivan h\u00f6g stabilitet f\u00f6r denna utem\u00f6bel.Kolla \u00e4ven in tr\u00e4dg\u00e5rdsstolarna som passar till detta bord samt andra utomhusprodukter fr\u00e5n SONGMICS! Produktdetaljer: F\u00e4rg: Svart Material: Bordsskiva: HDPE-plast (h\u00f6gdensitetspolyeten) Bordsben: Pulverlackerat j\u00e4rn Storlek: 78 x 78 x 74 cm (L x B x H) Vikt: 10 kg Max. belastningskapacitet: 110 kg Leveransomfattning: 1 x tr\u00e4dg\u00e5rdsbord 1 x bruksanvisning (DE, EN, FR, ES, IT) SONGMICS Anm\u00e4rkningar: Uts\u00e4tt inte produkten f\u00f6r starkt solljus under l\u00e4ngre tid.<\/p>\n","protected":false},"excerpt":{"rendered":"<p>SONGMICS tr\u00e4dg\u00e5rdsbord, litet bord med imiterad tr\u00e4struktur av plast, vattent\u00e4tt, stabila ben av j\u00e4rn, enkel montering, tr\u00e4dg\u00e5rd, balkong, terrass, 78 x 78 x 74 cm, svart GPT06BK<\/p>\n","protected":false},"featured_media":40139,"comment_status":"open","ping_status":"closed","template":"","meta":[],"product_brand":[],"product_cat":[33],"product_tag":[],"class_list":{"0":"post-11797","1":"product","2":"type-product","3":"status-publish","4":"has-post-thumbnail","6":"product_cat-okategoriserad","8":"first","9":"instock","10":"shipping-taxable","11":"purchasable","12":"product-type-simple"},"_links":{"self":[{"href":"https:\/\/nordicmart.andreevmaster.com\/sv\/wp-json\/wp\/v2\/product\/11797","targetHints":{"allow":["GET"]}}],"collection":[{"href":"https:\/\/nordicmart.andreevmaster.com\/sv\/wp-json\/wp\/v2\/product"}],"about":[{"href":"https:\/\/nordicmart.andreevmaster.com\/sv\/wp-json\/wp\/v2\/types\/product"}],"replies":[{"embeddable":true,"href":"https:\/\/nordicmart.andreevmaster.com\/sv\/wp-json\/wp\/v2\/comments?post=11797"}],"wp:featuredmedia":[{"embeddable":true,"href":"https:\/\/nordicmart.andreevmaster.com\/sv\/wp-json\/wp\/v2\/media\/40139"}],"wp:attachment":[{"href":"https:\/\/nordicmart.andreevmaster.com\/sv\/wp-json\/wp\/v2\/media?parent=11797"}],"wp:term":[{"taxonomy":"product_brand","embeddable":true,"href":"https:\/\/nordicmart.andreevmaster.com\/sv\/wp-json\/wp\/v2\/product_brand?post=11797"},{"taxonomy":"product_cat","embeddable":true,"href":"https:\/\/nordicmart.andreevmaster.com\/sv\/wp-json\/wp\/v2\/product_cat?post=11797"},{"taxonomy":"product_tag","embeddable":true,"href":"https:\/\/nordicmart.andreevmaster.com\/sv\/wp-json\/wp\/v2\/product_tag?post=11797"}],"curies":[{"name":"wp","href":"https:\/\/api.w.org\/{rel}","templated":true}]}}