{"id":11796,"date":"2026-02-27T00:11:47","date_gmt":"2026-02-27T00:11:47","guid":{"rendered":"https:\/\/nordicmart.andreevmaster.com\/product\/songmics-stort-tradgardsbord-i-traimitation-svart\/"},"modified":"2026-02-27T08:06:28","modified_gmt":"2026-02-27T08:06:28","slug":"songmics-stort-tradgardsbord-i-traimitation-svart","status":"publish","type":"product","link":"https:\/\/nordicmart.andreevmaster.com\/sv\/produkt\/songmics-stort-tradgardsbord-i-traimitation-svart\/","title":{"rendered":"SONGMICS Stort tr\u00e4dg\u00e5rdsbord i tr\u00e4imitation Svart"},"content":{"rendered":"<p>SONGMICS \u2013 Detta varum\u00e4rke st\u00e5r inte bara f\u00f6r stilfulla och prisv\u00e4rda inredningsartiklar. Vi vill ocks\u00e5 erbjuda praktiska, v\u00e4derbest\u00e4ndiga och stabila m\u00f6bler f\u00f6r utomhusbruk, s\u00e5 att du kan njuta \u00e4nnu mer av din fritid. Ett f\u00e4llbart bord f\u00f6r alla tillf\u00e4llen Om du gillar att tillbringa din fritid p\u00e5 campingen eller i tr\u00e4dg\u00e5rden \u00e4r bordet ovan ett stilfullt komplement till dina tr\u00e4dg\u00e5rds- eller campingm\u00f6bler. Det hopf\u00e4llbara bordet med handtag \u00e4r ocks\u00e5 perfekt f\u00f6r anv\u00e4ndning p\u00e5 loppmarknaden, eftersom det \u00e4r l\u00e4tt att transportera. I hopf\u00e4llt l\u00e4ge \u00e4r det flexibla campingbordet bara 90 x 75 x 8,6 cm stort, s\u00e5 det f\u00e5r plats b\u00e5de i bagageutrymmet och i ett h\u00f6rn av k\u00e4llaren eller p\u00e5 vinden.Oavsett om du vill st\u00e4lla grillkorv och \u00f6l p\u00e5 bordet p\u00e5 campingen eller gamla leksaker och begagnade b\u00f6cker p\u00e5 loppmarknaden, garanterar den stabila bordsskivan och s\u00e4kerhetsreglarna en h\u00f6g stabilitet f\u00f6r utem\u00f6beln.Kolla \u00e4ven in de matchande tr\u00e4dg\u00e5rdsstolarna fr\u00e5n SONGMICS! Produktdetaljer: F\u00e4rg: Svart Material: Bordsskiva: HDPE-plast (h\u00f6gdensitetspolyeten) Bordsben: Pulverlackerat j\u00e4rn Storlek: 180 x 75 x 74 cm (L x B x H) Storlek hopf\u00e4lld: 90 x 75 x 8,6 cm (L x B x H)Vikt: 12,5 kgMax. belastningskapacitet: 70 kgLeveransomfattning:1 x f\u00e4llbart bord1 x bruksanvisning (DE, EN, FR, ES, IT)SONGMICS Anvisningar:Uts\u00e4tt inte produkten f\u00f6r starkt solljus under l\u00e4ngre tid.Lyft inte bordet och flytta det inte medan du anv\u00e4nder det. Det finns risk att det f\u00e4lls ihop oavsiktligt och att du skadar dig eller att f\u00f6rem\u00e5l faller ner.<\/p>\n","protected":false},"excerpt":{"rendered":"<p>SONGMICS F\u00e4llbart bord, stort tr\u00e4dg\u00e5rdsbord med imiterad tr\u00e4struktur i plast, f\u00e4llbart campingbord, s\u00e4kerhetsl\u00e5s, terrass, koffertbord, buff\u00e9bord, 180 x 75 x 74 cm, svart GPT05BK<\/p>\n","protected":false},"featured_media":40138,"comment_status":"open","ping_status":"closed","template":"","meta":[],"product_brand":[],"product_cat":[33],"product_tag":[],"class_list":{"0":"post-11796","1":"product","2":"type-product","3":"status-publish","4":"has-post-thumbnail","6":"product_cat-okategoriserad","8":"first","9":"instock","10":"shipping-taxable","11":"purchasable","12":"product-type-simple"},"_links":{"self":[{"href":"https:\/\/nordicmart.andreevmaster.com\/sv\/wp-json\/wp\/v2\/product\/11796","targetHints":{"allow":["GET"]}}],"collection":[{"href":"https:\/\/nordicmart.andreevmaster.com\/sv\/wp-json\/wp\/v2\/product"}],"about":[{"href":"https:\/\/nordicmart.andreevmaster.com\/sv\/wp-json\/wp\/v2\/types\/product"}],"replies":[{"embeddable":true,"href":"https:\/\/nordicmart.andreevmaster.com\/sv\/wp-json\/wp\/v2\/comments?post=11796"}],"wp:featuredmedia":[{"embeddable":true,"href":"https:\/\/nordicmart.andreevmaster.com\/sv\/wp-json\/wp\/v2\/media\/40138"}],"wp:attachment":[{"href":"https:\/\/nordicmart.andreevmaster.com\/sv\/wp-json\/wp\/v2\/media?parent=11796"}],"wp:term":[{"taxonomy":"product_brand","embeddable":true,"href":"https:\/\/nordicmart.andreevmaster.com\/sv\/wp-json\/wp\/v2\/product_brand?post=11796"},{"taxonomy":"product_cat","embeddable":true,"href":"https:\/\/nordicmart.andreevmaster.com\/sv\/wp-json\/wp\/v2\/product_cat?post=11796"},{"taxonomy":"product_tag","embeddable":true,"href":"https:\/\/nordicmart.andreevmaster.com\/sv\/wp-json\/wp\/v2\/product_tag?post=11796"}],"curies":[{"name":"wp","href":"https:\/\/api.w.org\/{rel}","templated":true}]}}