{"id":11794,"date":"2026-02-27T00:11:46","date_gmt":"2026-02-27T00:11:46","guid":{"rendered":"https:\/\/nordicmart.andreevmaster.com\/product\/songmics-fallbart-bord-i-traimitation-svart\/"},"modified":"2026-02-27T08:06:28","modified_gmt":"2026-02-27T08:06:28","slug":"songmics-fallbart-bord-i-traimitation-svart","status":"publish","type":"product","link":"https:\/\/nordicmart.andreevmaster.com\/sv\/produkt\/songmics-fallbart-bord-i-traimitation-svart\/","title":{"rendered":"SONGMICS F\u00e4llbart bord i tr\u00e4imitation, svart"},"content":{"rendered":"<p>Produktbeskrivning:SONGMICS \u2013 Detta varum\u00e4rke st\u00e5r inte bara f\u00f6r stilfulla och prisv\u00e4rda inredningsartiklar. Vi vill ocks\u00e5 erbjuda praktiska, v\u00e4derbest\u00e4ndiga och stabila m\u00f6bler f\u00f6r utomhusbruk som g\u00f6r att du kan njuta \u00e4nnu mer av din fritid.Ett f\u00e4llbart bord f\u00f6r alla tillf\u00e4llen \u2013 Om du gillar att tillbringa din fritid p\u00e5 campingen eller i tr\u00e4dg\u00e5rden \u00e4r bordet ovan ett praktiskt komplement till dina tr\u00e4dg\u00e5rds- eller campingm\u00f6bler, som \u00e4r l\u00e4tt att transportera. I hopf\u00e4llt l\u00e4ge \u00e4r det flexibla campingbordet bara 9 cm brett, s\u00e5 det f\u00e5r plats b\u00e5de i bagageutrymmet och i ett h\u00f6rn av k\u00e4llaren eller p\u00e5 vinden.Oavsett om du vill st\u00e4lla grillkorv och \u00f6l p\u00e5 bordet p\u00e5 campingen eller en vacker krukv\u00e4xt och din kaffekopp p\u00e5 balkongen, garanterar de stabila j\u00e4rnbenen, s\u00e4kerhetsl\u00e5set och de hovliknande f\u00f6tterna en h\u00f6g stabilitet f\u00f6r denna utem\u00f6bel.Kolla \u00e4ven in de matchande tr\u00e4dg\u00e5rdsstolarna fr\u00e5n SONGMICS! Produktdetaljer: F\u00e4rg: Svart Material: Bordsskiva: HDPE-plast (h\u00f6gdensitetspolyeten) Bordsben: Pulverlackerat j\u00e4rn Storlek: 62 x 62 x 73 cm (L x B x H)Storlek hopf\u00e4lld: 94,5 x 62 x 9 cm (L x B x H) Vikt: 5,5 kg Max. belastningskapacitet: 60 kg Leveransomfattning: 1 x f\u00e4llbord 1 x bruksanvisning (DE, EN, FR, ES, IT) SONGMICS Anm\u00e4rkningar: Uts\u00e4tt inte produkten f\u00f6r starkt solljus under en l\u00e4ngre tid.Lyft inte bordet och flytta det inte medan du anv\u00e4nder det. Det finns risk att det f\u00e4lls ihop oavsiktligt och att du skadar dig eller att f\u00f6rem\u00e5l faller ner.<\/p>\n","protected":false},"excerpt":{"rendered":"<p>SONGMICS F\u00e4llbord, litet tr\u00e4dg\u00e5rdsbord med imiterad tr\u00e4struktur av plast, vattent\u00e4tt, stabila ben av j\u00e4rn, hovliknande f\u00f6tter, s\u00e4kerhetsl\u00e5s, 62 x 62 x 73 cm, svart GPT04BK<\/p>\n","protected":false},"featured_media":40136,"comment_status":"open","ping_status":"closed","template":"","meta":[],"product_brand":[],"product_cat":[33],"product_tag":[],"class_list":{"0":"post-11794","1":"product","2":"type-product","3":"status-publish","4":"has-post-thumbnail","6":"product_cat-okategoriserad","8":"first","9":"instock","10":"shipping-taxable","11":"purchasable","12":"product-type-simple"},"_links":{"self":[{"href":"https:\/\/nordicmart.andreevmaster.com\/sv\/wp-json\/wp\/v2\/product\/11794","targetHints":{"allow":["GET"]}}],"collection":[{"href":"https:\/\/nordicmart.andreevmaster.com\/sv\/wp-json\/wp\/v2\/product"}],"about":[{"href":"https:\/\/nordicmart.andreevmaster.com\/sv\/wp-json\/wp\/v2\/types\/product"}],"replies":[{"embeddable":true,"href":"https:\/\/nordicmart.andreevmaster.com\/sv\/wp-json\/wp\/v2\/comments?post=11794"}],"wp:featuredmedia":[{"embeddable":true,"href":"https:\/\/nordicmart.andreevmaster.com\/sv\/wp-json\/wp\/v2\/media\/40136"}],"wp:attachment":[{"href":"https:\/\/nordicmart.andreevmaster.com\/sv\/wp-json\/wp\/v2\/media?parent=11794"}],"wp:term":[{"taxonomy":"product_brand","embeddable":true,"href":"https:\/\/nordicmart.andreevmaster.com\/sv\/wp-json\/wp\/v2\/product_brand?post=11794"},{"taxonomy":"product_cat","embeddable":true,"href":"https:\/\/nordicmart.andreevmaster.com\/sv\/wp-json\/wp\/v2\/product_cat?post=11794"},{"taxonomy":"product_tag","embeddable":true,"href":"https:\/\/nordicmart.andreevmaster.com\/sv\/wp-json\/wp\/v2\/product_tag?post=11794"}],"curies":[{"name":"wp","href":"https:\/\/api.w.org\/{rel}","templated":true}]}}