{"id":11792,"date":"2026-02-27T00:11:46","date_gmt":"2026-02-27T00:11:46","guid":{"rendered":"https:\/\/nordicmart.andreevmaster.com\/product\/songmics-pop-up-talt-morkgratt\/"},"modified":"2026-02-27T08:06:28","modified_gmt":"2026-02-27T08:06:28","slug":"songmics-pop-up-talt-morkgratt","status":"publish","type":"product","link":"https:\/\/nordicmart.andreevmaster.com\/sv\/produkt\/songmics-pop-up-talt-morkgratt\/","title":{"rendered":"SONGMICS pop-up-t\u00e4lt m\u00f6rkgr\u00e5tt"},"content":{"rendered":"<p>Produktdetaljer: F\u00e4rg: M\u00f6rkgr\u00e5 Material: Polyester, silverbel\u00e4ggning (insida), platt st\u00e5ltr\u00e5d, n\u00e4tv\u00e4v Storlek uppf\u00e4llt: 120 x 120 x 190 cm (L x B x H) Storlek hopf\u00e4llt: Diameter 60 cm, tjocklek 6 cm Vikt: 2,15 kg Leveransomfattning: 1 x pop-up-t\u00e4lt 1 x bruksanvisning (DE, EN, FR, ES, IT) SONGMICS Anvisningar: H\u00e5ll produkten borta fr\u00e5n \u00f6ppen eld och ant\u00e4ndningsk\u00e4llor. \u00d6ppna t\u00e4ltet i ett rymligt utrymme f\u00f6r att undvika skador p\u00e5 grund av pl\u00f6tslig sn\u00e4rtning.\u00d6va p\u00e5 att f\u00e4lla ihop t\u00e4ltet innan du anv\u00e4nder det.<\/p>\n","protected":false},"excerpt":{"rendered":"<p>SONGMICS campingomkl\u00e4dningst\u00e4lt, utomhus, privatliv, pop-up-t\u00e4lt, vattent\u00e4tt och b\u00e4rbart, bl\u00e5tt GPT01BU<\/p>\n","protected":false},"featured_media":40134,"comment_status":"open","ping_status":"closed","template":"","meta":[],"product_brand":[],"product_cat":[33],"product_tag":[],"class_list":{"0":"post-11792","1":"product","2":"type-product","3":"status-publish","4":"has-post-thumbnail","6":"product_cat-okategoriserad","8":"first","9":"instock","10":"shipping-taxable","11":"purchasable","12":"product-type-simple"},"_links":{"self":[{"href":"https:\/\/nordicmart.andreevmaster.com\/sv\/wp-json\/wp\/v2\/product\/11792","targetHints":{"allow":["GET"]}}],"collection":[{"href":"https:\/\/nordicmart.andreevmaster.com\/sv\/wp-json\/wp\/v2\/product"}],"about":[{"href":"https:\/\/nordicmart.andreevmaster.com\/sv\/wp-json\/wp\/v2\/types\/product"}],"replies":[{"embeddable":true,"href":"https:\/\/nordicmart.andreevmaster.com\/sv\/wp-json\/wp\/v2\/comments?post=11792"}],"wp:featuredmedia":[{"embeddable":true,"href":"https:\/\/nordicmart.andreevmaster.com\/sv\/wp-json\/wp\/v2\/media\/40134"}],"wp:attachment":[{"href":"https:\/\/nordicmart.andreevmaster.com\/sv\/wp-json\/wp\/v2\/media?parent=11792"}],"wp:term":[{"taxonomy":"product_brand","embeddable":true,"href":"https:\/\/nordicmart.andreevmaster.com\/sv\/wp-json\/wp\/v2\/product_brand?post=11792"},{"taxonomy":"product_cat","embeddable":true,"href":"https:\/\/nordicmart.andreevmaster.com\/sv\/wp-json\/wp\/v2\/product_cat?post=11792"},{"taxonomy":"product_tag","embeddable":true,"href":"https:\/\/nordicmart.andreevmaster.com\/sv\/wp-json\/wp\/v2\/product_tag?post=11792"}],"curies":[{"name":"wp","href":"https:\/\/api.w.org\/{rel}","templated":true}]}}