{"id":11791,"date":"2026-02-27T00:11:46","date_gmt":"2026-02-27T00:11:46","guid":{"rendered":"https:\/\/nordicmart.andreevmaster.com\/product\/songmics-omkladningstalt-190-cm-bla\/"},"modified":"2026-02-27T08:06:27","modified_gmt":"2026-02-27T08:06:27","slug":"songmics-omkladningstalt-190-cm-bla","status":"publish","type":"product","link":"https:\/\/nordicmart.andreevmaster.com\/sv\/produkt\/songmics-omkladningstalt-190-cm-bla\/","title":{"rendered":"SONGMICS omkl\u00e4dningst\u00e4lt 190 cm bl\u00e5"},"content":{"rendered":"<p>SONGMICS pop-up-t\u00e4lt ger dig perfekt insynsskydd. Det l\u00e4tta t\u00e4ltet av 190 T vattent\u00e4t polyester och h\u00f6gelastisk platt st\u00e5ltr\u00e5d \u00e4r enkelt att f\u00e4lla ihop och det b\u00e4sta valet f\u00f6r din n\u00e4sta campingtur. Njut av kundorienterade detaljer som sidfickor, en kl\u00e4dlina, krokar, f\u00f6nster och tak av n\u00e4tv\u00e4v, en UV-best\u00e4ndig bel\u00e4ggning, avtagbar underlag och en upprullningsbar d\u00f6rr. Tack vare de fyra extra medf\u00f6ljande sn\u00f6rena kan du anv\u00e4nda omkl\u00e4dningst\u00e4ltet \u00e4ven i bl\u00e5sigt v\u00e4der. N\u00e4r du inte anv\u00e4nder det kan du vika ihop det f\u00f6r att spara plats och packa ner det i en b\u00e4rv\u00e4ska. Produktdetaljer: F\u00e4rg: Bl\u00e5 Material: Polyester, silverbel\u00e4ggning (inre yta), platt st\u00e5ltr\u00e5d, n\u00e4tv\u00e4v Storlek utf\u00e4lld: 120 x 120 x 190 cm (L x B x H) Storlek hopvikt: Diameter 60 cm, tjocklek 6 cm Vikt: 2,15 kg Leveransomfattning: 1 x pop-up-t\u00e4lt 1 x bruksanvisning (DE, EN, FR, ES, IT) SONGMICS Anm\u00e4rkningar: H\u00e5ll produkten borta fr\u00e5n \u00f6ppen eld och ant\u00e4ndningsk\u00e4llor. \u00d6ppna t\u00e4ltet i ett rymligt utrymme f\u00f6r att undvika skador p\u00e5 grund av pl\u00f6tslig sn\u00e4rtning.\u00d6va p\u00e5 att f\u00e4lla ihop t\u00e4ltet innan du anv\u00e4nder det.<\/p>\n","protected":false},"excerpt":{"rendered":"<p>SONGMICS campingomkl\u00e4dningst\u00e4lt, utomhus, privatliv, pop-up-t\u00e4lt, vattent\u00e4tt och b\u00e4rbart, bl\u00e5tt GPT01BU<\/p>\n","protected":false},"featured_media":40133,"comment_status":"open","ping_status":"closed","template":"","meta":[],"product_brand":[],"product_cat":[33],"product_tag":[],"class_list":{"0":"post-11791","1":"product","2":"type-product","3":"status-publish","4":"has-post-thumbnail","6":"product_cat-okategoriserad","8":"first","9":"instock","10":"shipping-taxable","11":"purchasable","12":"product-type-simple"},"_links":{"self":[{"href":"https:\/\/nordicmart.andreevmaster.com\/sv\/wp-json\/wp\/v2\/product\/11791","targetHints":{"allow":["GET"]}}],"collection":[{"href":"https:\/\/nordicmart.andreevmaster.com\/sv\/wp-json\/wp\/v2\/product"}],"about":[{"href":"https:\/\/nordicmart.andreevmaster.com\/sv\/wp-json\/wp\/v2\/types\/product"}],"replies":[{"embeddable":true,"href":"https:\/\/nordicmart.andreevmaster.com\/sv\/wp-json\/wp\/v2\/comments?post=11791"}],"wp:featuredmedia":[{"embeddable":true,"href":"https:\/\/nordicmart.andreevmaster.com\/sv\/wp-json\/wp\/v2\/media\/40133"}],"wp:attachment":[{"href":"https:\/\/nordicmart.andreevmaster.com\/sv\/wp-json\/wp\/v2\/media?parent=11791"}],"wp:term":[{"taxonomy":"product_brand","embeddable":true,"href":"https:\/\/nordicmart.andreevmaster.com\/sv\/wp-json\/wp\/v2\/product_brand?post=11791"},{"taxonomy":"product_cat","embeddable":true,"href":"https:\/\/nordicmart.andreevmaster.com\/sv\/wp-json\/wp\/v2\/product_cat?post=11791"},{"taxonomy":"product_tag","embeddable":true,"href":"https:\/\/nordicmart.andreevmaster.com\/sv\/wp-json\/wp\/v2\/product_tag?post=11791"}],"curies":[{"name":"wp","href":"https:\/\/api.w.org\/{rel}","templated":true}]}}