{"id":11789,"date":"2026-02-27T00:11:45","date_gmt":"2026-02-27T00:11:45","guid":{"rendered":"https:\/\/nordicmart.andreevmaster.com\/product\/songmics-insynsskyddsremsor-40-m-ljusgra\/"},"modified":"2026-02-27T08:06:27","modified_gmt":"2026-02-27T08:06:27","slug":"songmics-insynsskyddsremsor-40-m-ljusgra","status":"publish","type":"product","link":"https:\/\/nordicmart.andreevmaster.com\/sv\/produkt\/songmics-insynsskyddsremsor-40-m-ljusgra\/","title":{"rendered":"SONGMICS insynsskyddsremsor 40 m ljusgr\u00e5"},"content":{"rendered":"<p>K\u00e4nner du ofta att din balkong eller tr\u00e4dg\u00e5rd liknar ett skyltf\u00f6nster som grannar och f\u00f6rbipasserande enkelt kan se in i? Denna staketsk\u00e4rm fr\u00e5n SONGMICS skyddar inte bara ditt privata utrymme fr\u00e5n andras blickar, utan \u00e4r ocks\u00e5 s\u00e4rskilt snygg tack vare sin klassiska f\u00e4rg.Tillfredsst\u00e4llande kvalitet: Denna insynsskyddsremsa av slitstarkt PVC (450 g\/m\u00b2) \u00e4r konstruerad f\u00f6r l\u00e5ngvarig anv\u00e4ndning, \u00e4r rivfast och f\u00e4rgbest\u00e4ndig. Den t\u00e5l dessutom UV-str\u00e5lning och smuts. Smart investering: Tack vare sin f\u00f6rm\u00e5ga att effektivt blockera ljus kan denna staketsk\u00e4rm ocks\u00e5 skydda dina balkongm\u00f6bler, golv och v\u00e4xter fr\u00e5n starkt solljus. P\u00e5 s\u00e5 s\u00e4tt sparar du pengar och tid f\u00f6r underh\u00e5ll och reparation av din tr\u00e4dg\u00e5rdsutrustning. F\u00f6rvandla din tr\u00e4dg\u00e5rd, balkong eller terrass till en avskild plats f\u00f6r avkoppling med denna staketsk\u00e4rm fr\u00e5n SONGMICS! Produktdetaljer:F\u00e4rg: Ljusgr\u00e5 Material: PVC L\u00e4ngd: 40 m Bredd: 19 cm Tjocklek: 0,4 mm Vikt per kvadratmeter: 450 g\/m\u00b2 Leveransomfattning: 1 x PVC-siktsskyddsremsa 25 x f\u00e4stkl\u00e4mmor SONGMICS Anm\u00e4rkningar: PVC-siktsskyddsremsan fl\u00e4tas in i ett gallerstaket. M\u00e4t maskh\u00f6jden p\u00e5 ditt staket f\u00f6re k\u00f6pet f\u00f6r att avg\u00f6ra om denna produkt passar dina behov. Innan du installerar insynsskyddsremsorna, se till att ditt staket \u00e4r tillr\u00e4ckligt stadigt f\u00f6rankrat f\u00f6r att t\u00e5la \u00e4ven starka vindbyar. Insynsskyddsremsorna ger vinden st\u00f6rre angreppsyta.<\/p>\n","protected":false},"excerpt":{"rendered":"<p>SONGMICS PVC-insynsskyddsremsor, staketfolie 40 m x 19 cm, extra tjock och ogenomskinlig, med 25 f\u00e4stkl\u00e4mmor, gr\u00f6n GPJ040L<\/p>\n","protected":false},"featured_media":40131,"comment_status":"open","ping_status":"closed","template":"","meta":[],"product_brand":[],"product_cat":[33],"product_tag":[],"class_list":{"0":"post-11789","1":"product","2":"type-product","3":"status-publish","4":"has-post-thumbnail","6":"product_cat-okategoriserad","8":"first","9":"instock","10":"shipping-taxable","11":"purchasable","12":"product-type-simple"},"_links":{"self":[{"href":"https:\/\/nordicmart.andreevmaster.com\/sv\/wp-json\/wp\/v2\/product\/11789","targetHints":{"allow":["GET"]}}],"collection":[{"href":"https:\/\/nordicmart.andreevmaster.com\/sv\/wp-json\/wp\/v2\/product"}],"about":[{"href":"https:\/\/nordicmart.andreevmaster.com\/sv\/wp-json\/wp\/v2\/types\/product"}],"replies":[{"embeddable":true,"href":"https:\/\/nordicmart.andreevmaster.com\/sv\/wp-json\/wp\/v2\/comments?post=11789"}],"wp:featuredmedia":[{"embeddable":true,"href":"https:\/\/nordicmart.andreevmaster.com\/sv\/wp-json\/wp\/v2\/media\/40131"}],"wp:attachment":[{"href":"https:\/\/nordicmart.andreevmaster.com\/sv\/wp-json\/wp\/v2\/media?parent=11789"}],"wp:term":[{"taxonomy":"product_brand","embeddable":true,"href":"https:\/\/nordicmart.andreevmaster.com\/sv\/wp-json\/wp\/v2\/product_brand?post=11789"},{"taxonomy":"product_cat","embeddable":true,"href":"https:\/\/nordicmart.andreevmaster.com\/sv\/wp-json\/wp\/v2\/product_cat?post=11789"},{"taxonomy":"product_tag","embeddable":true,"href":"https:\/\/nordicmart.andreevmaster.com\/sv\/wp-json\/wp\/v2\/product_tag?post=11789"}],"curies":[{"name":"wp","href":"https:\/\/api.w.org\/{rel}","templated":true}]}}