{"id":11786,"date":"2026-02-27T00:11:45","date_gmt":"2026-02-27T00:11:45","guid":{"rendered":"https:\/\/nordicmart.andreevmaster.com\/product\/songmics-pvc-siktremsor-staketfolie-extra-tjock-antracit\/"},"modified":"2026-02-27T08:06:27","modified_gmt":"2026-02-27T08:06:27","slug":"songmics-pvc-siktremsor-staketfolie-extra-tjock-antracit","status":"publish","type":"product","link":"https:\/\/nordicmart.andreevmaster.com\/sv\/produkt\/songmics-pvc-siktremsor-staketfolie-extra-tjock-antracit\/","title":{"rendered":"SONGMICS PVC-siktremsor Staketfolie extra tjock antracit"},"content":{"rendered":"<p>SONGMICS PVC-insynsskyddsremsor, staketfolie 40 m x 19 cm, extra tjock och ogenomskinlig, med 25 f\u00e4stkl\u00e4mmor, gr\u00f6n GPJ040L<br \/>\n&#8211; F\u00e4rg: antracit<br \/>\n&#8211; Material: PVC<br \/>\n&#8211; L\u00e4ngd: 35 m<br \/>\n&#8211; Bredd: 19 cm<br \/>\n&#8211; Tjocklek: 0,4 mm<br \/>\n&#8211; Vikt per kvadratmeter: 450 g\/m\u00b2<\/p>\n","protected":false},"excerpt":{"rendered":"<p>SONGMICS PVC-insynsskyddsremsor, staketfolie 40 m x 19 cm, extra tjock och ogenomskinlig, med 25 f\u00e4stkl\u00e4mmor, gr\u00f6n GPJ040L<\/p>\n","protected":false},"featured_media":40128,"comment_status":"open","ping_status":"closed","template":"","meta":[],"product_brand":[],"product_cat":[33],"product_tag":[],"class_list":{"0":"post-11786","1":"product","2":"type-product","3":"status-publish","4":"has-post-thumbnail","6":"product_cat-okategoriserad","8":"first","9":"instock","10":"shipping-taxable","11":"purchasable","12":"product-type-simple"},"_links":{"self":[{"href":"https:\/\/nordicmart.andreevmaster.com\/sv\/wp-json\/wp\/v2\/product\/11786","targetHints":{"allow":["GET"]}}],"collection":[{"href":"https:\/\/nordicmart.andreevmaster.com\/sv\/wp-json\/wp\/v2\/product"}],"about":[{"href":"https:\/\/nordicmart.andreevmaster.com\/sv\/wp-json\/wp\/v2\/types\/product"}],"replies":[{"embeddable":true,"href":"https:\/\/nordicmart.andreevmaster.com\/sv\/wp-json\/wp\/v2\/comments?post=11786"}],"wp:featuredmedia":[{"embeddable":true,"href":"https:\/\/nordicmart.andreevmaster.com\/sv\/wp-json\/wp\/v2\/media\/40128"}],"wp:attachment":[{"href":"https:\/\/nordicmart.andreevmaster.com\/sv\/wp-json\/wp\/v2\/media?parent=11786"}],"wp:term":[{"taxonomy":"product_brand","embeddable":true,"href":"https:\/\/nordicmart.andreevmaster.com\/sv\/wp-json\/wp\/v2\/product_brand?post=11786"},{"taxonomy":"product_cat","embeddable":true,"href":"https:\/\/nordicmart.andreevmaster.com\/sv\/wp-json\/wp\/v2\/product_cat?post=11786"},{"taxonomy":"product_tag","embeddable":true,"href":"https:\/\/nordicmart.andreevmaster.com\/sv\/wp-json\/wp\/v2\/product_tag?post=11786"}],"curies":[{"name":"wp","href":"https:\/\/api.w.org\/{rel}","templated":true}]}}